{"id":5232,"date":"2024-09-30T02:05:56","date_gmt":"2024-09-30T02:05:56","guid":{"rendered":"https:\/\/sbhny.wpenginepowered.com\/?page_id=5232"},"modified":"2024-09-30T02:06:55","modified_gmt":"2024-09-30T02:06:55","slug":"mantengase-saludable-comiendo-sano","status":"publish","type":"page","link":"https:\/\/www.sbhny.org\/fr\/mantengase-saludable-comiendo-sano\/","title":{"rendered":"Mant\u00e9ngase saludable comiendo sano"},"content":{"rendered":"<section class=\"image-twocol-hero background-image\">\n  <div class=\"max-width standard-spacing twocol-row\">\n\n          <div class=\"image-col twocol-col\" style=\"background-image: url('https:\/\/www.sbhny.org\/wp-content\/uploads\/2024\/09\/Teaching-Kitchen-r1.jpg');\"><\/div>\n    \n\n    <div class=\"content-col twocol-col\">\n              <h1 class=\"main-heading\">Cuisine p\u00e9dagogique SBH<br \/>Mant\u00e9ngase saludable comiendo sano<\/h1>\n            <div class=\"body-copy\">\n              <\/div>\n      \n        \n      \n          <\/div>\n  <\/div>\n<\/section>\n\n<section class=\"text-block white-background\">\n  <div class=\"small-max-width standard-spacing body-copy\">\n    <p>Comer sano puede ser dif\u00edcil de lograr, principalmente con una agenda muy ocupada y un presupuesto apretado. Es por eso que nuestra misi\u00f3n es brindarle las habilidades necesarias para cocinar y comer de manera m\u00e1s saludable.<\/p>\n<p>El costo por clase es de solo $5 por persona y se imparten tanto en ingl\u00e9s como en espa\u00f1ol. La mejor parte es que \u00a1puede llevarse lo que sobra &#8212; de la clase a su casa!<\/p>\n<p>Nuestras clases est\u00e1n dise\u00f1adas para ayudarle a aprender a cocinar comidas nutritivas y deliciosas que pueden ayudar a prevenir y controlar enfermedades cr\u00f3nicas como la diabetes, enfermedades card\u00edacas, c\u00e1ncer, dolores cr\u00f3nicos y m\u00e1s.<\/p>\n<p>La\u00a0Cocina de Ense\u00f1anzade SBH (SBH\u00a0Teaching\u00a0Kitchen) est\u00e1 aqu\u00ed para la comunidad e imparte un promedio de 10 clases al mes que van desde preparaci\u00f3n de comidas y comidas de una sola olla hasta cocina y postres caribe\u00f1os. Todas las clases son impartidas por dietistas registrados o educadores de nutrici\u00f3n culinaria y se llevan a cabo en la hermosa\u00a0Cocina de Ense\u00f1anzade SBH (SBH\u00a0Teaching\u00a0Kitchen). Usted y sus seres queridos aprender\u00e1n habilidades culinarias para mejorar su sistema inmunol\u00f3gico y mantenerse saludable. \u00a1Venga a cocinar con nosotros!<\/p>\n<p>Algunos de los platos m\u00e1s favoritos incluyen:<\/p>\n<ul>\n<li>Sancocho Vegetariano<\/li>\n<li>Brownie de Frijoles Negros<\/li>\n<li>Ensalada de col tropical<\/li>\n<li>Nuggets de pollo al horno<\/li>\n<\/ul>\n<p><strong>Para detalles sobre las clases y registrarse, visite <a href=\"http:\/\/sbhteachingkitchen.org\">SBHTeachingKitchen.org<\/a> o llame al: <a href=\"tel:7189603843\">(718)960-3843<\/a><\/strong><\/p>\n  <\/div>\n<\/section>","protected":false},"excerpt":{"rendered":"","protected":false},"author":2,"featured_media":0,"parent":0,"menu_order":0,"comment_status":"closed","ping_status":"closed","template":"","meta":{"_acf_changed":true,"_eb_attr":"","_price":"","_stock":"","_tribe_ticket_header":"","_tribe_default_ticket_provider":"","_tribe_ticket_capacity":"0","_ticket_start_date":"","_ticket_end_date":"","_tribe_ticket_show_description":"","_tribe_ticket_show_not_going":false,"_tribe_ticket_use_global_stock":"","_tribe_ticket_global_stock_level":"","_global_stock_mode":"","_global_stock_cap":"","_tribe_rsvp_for_event":"","_tribe_ticket_going_count":"","_tribe_ticket_not_going_count":"","_tribe_tickets_list":"[]","_tribe_ticket_has_attendee_info_fields":false,"footnotes":""},"class_list":["post-5232","page","type-page","status-publish","hentry"],"acf":[],"yoast_head":"<!-- This site is optimized with the Yoast SEO plugin v26.5 - https:\/\/yoast.com\/wordpress\/plugins\/seo\/ -->\n<title>Mant\u00e9ngase saludable comiendo sano - SBH Health System<\/title>\n<meta name=\"robots\" content=\"index, follow, max-snippet:-1, max-image-preview:large, max-video-preview:-1\" \/>\n<link rel=\"canonical\" href=\"https:\/\/www.sbhny.org\/fr\/mantengase-saludable-comiendo-sano\/\" \/>\n<meta property=\"og:locale\" content=\"fr_FR\" \/>\n<meta property=\"og:type\" content=\"article\" \/>\n<meta property=\"og:title\" content=\"Mant\u00e9ngase saludable comiendo sano - SBH Health System\" \/>\n<meta property=\"og:url\" content=\"https:\/\/www.sbhny.org\/fr\/mantengase-saludable-comiendo-sano\/\" \/>\n<meta property=\"og:site_name\" content=\"SBH Health System\" \/>\n<meta property=\"article:publisher\" content=\"https:\/\/www.facebook.com\/SBHBronx\/\" \/>\n<meta property=\"article:modified_time\" content=\"2024-09-30T02:06:55+00:00\" \/>\n<meta name=\"twitter:card\" content=\"summary_large_image\" \/>\n<meta name=\"twitter:site\" content=\"@sbhbronx\" \/>\n<script type=\"application\/ld+json\" class=\"yoast-schema-graph\">{\"@context\":\"https:\/\/schema.org\",\"@graph\":[{\"@type\":\"WebPage\",\"@id\":\"https:\/\/www.sbhny.org\/mantengase-saludable-comiendo-sano\/\",\"url\":\"https:\/\/www.sbhny.org\/mantengase-saludable-comiendo-sano\/\",\"name\":\"Mant\u00e9ngase saludable comiendo sano - SBH Health System\",\"isPartOf\":{\"@id\":\"https:\/\/www.sbhny.org\/#website\"},\"datePublished\":\"2024-09-30T02:05:56+00:00\",\"dateModified\":\"2024-09-30T02:06:55+00:00\",\"breadcrumb\":{\"@id\":\"https:\/\/www.sbhny.org\/mantengase-saludable-comiendo-sano\/#breadcrumb\"},\"inLanguage\":\"fr-FR\",\"potentialAction\":[{\"@type\":\"ReadAction\",\"target\":[\"https:\/\/www.sbhny.org\/mantengase-saludable-comiendo-sano\/\"]}]},{\"@type\":\"BreadcrumbList\",\"@id\":\"https:\/\/www.sbhny.org\/mantengase-saludable-comiendo-sano\/#breadcrumb\",\"itemListElement\":[{\"@type\":\"ListItem\",\"position\":1,\"name\":\"Home\",\"item\":\"https:\/\/www.sbhny.org\/\"},{\"@type\":\"ListItem\",\"position\":2,\"name\":\"Mant\u00e9ngase saludable comiendo sano\"}]},{\"@type\":\"WebSite\",\"@id\":\"https:\/\/www.sbhny.org\/#website\",\"url\":\"https:\/\/www.sbhny.org\/\",\"name\":\"SBH Health System\",\"description\":\"\",\"potentialAction\":[{\"@type\":\"SearchAction\",\"target\":{\"@type\":\"EntryPoint\",\"urlTemplate\":\"https:\/\/www.sbhny.org\/?s={search_term_string}\"},\"query-input\":{\"@type\":\"PropertyValueSpecification\",\"valueRequired\":true,\"valueName\":\"search_term_string\"}}],\"inLanguage\":\"fr-FR\"}]}<\/script>\n<!-- \/ Yoast SEO plugin. -->","yoast_head_json":{"title":"Mant\u00e9ngase saludable comiendo sano - SBH Health System","robots":{"index":"index","follow":"follow","max-snippet":"max-snippet:-1","max-image-preview":"max-image-preview:large","max-video-preview":"max-video-preview:-1"},"canonical":"https:\/\/www.sbhny.org\/fr\/mantengase-saludable-comiendo-sano\/","og_locale":"fr_FR","og_type":"article","og_title":"Mant\u00e9ngase saludable comiendo sano - SBH Health System","og_url":"https:\/\/www.sbhny.org\/fr\/mantengase-saludable-comiendo-sano\/","og_site_name":"SBH Health System","article_publisher":"https:\/\/www.facebook.com\/SBHBronx\/","article_modified_time":"2024-09-30T02:06:55+00:00","twitter_card":"summary_large_image","twitter_site":"@sbhbronx","schema":{"@context":"https:\/\/schema.org","@graph":[{"@type":"WebPage","@id":"https:\/\/www.sbhny.org\/mantengase-saludable-comiendo-sano\/","url":"https:\/\/www.sbhny.org\/mantengase-saludable-comiendo-sano\/","name":"Mant\u00e9ngase saludable comiendo sano - SBH Health System","isPartOf":{"@id":"https:\/\/www.sbhny.org\/#website"},"datePublished":"2024-09-30T02:05:56+00:00","dateModified":"2024-09-30T02:06:55+00:00","breadcrumb":{"@id":"https:\/\/www.sbhny.org\/mantengase-saludable-comiendo-sano\/#breadcrumb"},"inLanguage":"fr-FR","potentialAction":[{"@type":"ReadAction","target":["https:\/\/www.sbhny.org\/mantengase-saludable-comiendo-sano\/"]}]},{"@type":"BreadcrumbList","@id":"https:\/\/www.sbhny.org\/mantengase-saludable-comiendo-sano\/#breadcrumb","itemListElement":[{"@type":"ListItem","position":1,"name":"Home","item":"https:\/\/www.sbhny.org\/"},{"@type":"ListItem","position":2,"name":"Mant\u00e9ngase saludable comiendo sano"}]},{"@type":"WebSite","@id":"https:\/\/www.sbhny.org\/#website","url":"https:\/\/www.sbhny.org\/","name":"Syst\u00e8me de sant\u00e9 SBH","description":"","potentialAction":[{"@type":"SearchAction","target":{"@type":"EntryPoint","urlTemplate":"https:\/\/www.sbhny.org\/?s={search_term_string}"},"query-input":{"@type":"PropertyValueSpecification","valueRequired":true,"valueName":"search_term_string"}}],"inLanguage":"fr-FR"}]}},"_links":{"self":[{"href":"https:\/\/www.sbhny.org\/fr\/wp-json\/wp\/v2\/pages\/5232","targetHints":{"allow":["GET"]}}],"collection":[{"href":"https:\/\/www.sbhny.org\/fr\/wp-json\/wp\/v2\/pages"}],"about":[{"href":"https:\/\/www.sbhny.org\/fr\/wp-json\/wp\/v2\/types\/page"}],"author":[{"embeddable":true,"href":"https:\/\/www.sbhny.org\/fr\/wp-json\/wp\/v2\/users\/2"}],"replies":[{"embeddable":true,"href":"https:\/\/www.sbhny.org\/fr\/wp-json\/wp\/v2\/comments?post=5232"}],"version-history":[{"count":0,"href":"https:\/\/www.sbhny.org\/fr\/wp-json\/wp\/v2\/pages\/5232\/revisions"}],"wp:attachment":[{"href":"https:\/\/www.sbhny.org\/fr\/wp-json\/wp\/v2\/media?parent=5232"}],"curies":[{"name":"wp","href":"https:\/\/api.w.org\/{rel}","templated":true}]}}