{"id":5234,"date":"2024-09-30T02:14:58","date_gmt":"2024-09-30T02:14:58","guid":{"rendered":"https:\/\/sbhny.wpenginepowered.com\/?page_id=5234"},"modified":"2024-09-30T02:14:59","modified_gmt":"2024-09-30T02:14:59","slug":"los-ninos-del-bronx-sufren-de-asma-esto-es-lo-que-necesita-saber","status":"publish","type":"page","link":"https:\/\/www.sbhny.org\/fr\/los-ninos-del-bronx-sufren-de-asma-esto-es-lo-que-necesita-saber\/","title":{"rendered":"Los ni\u00f1os del Bronx sufren de asma. Esto es lo que necesita saber."},"content":{"rendered":"<section class=\"image-twocol-hero background-image\">\n  <div class=\"max-width standard-spacing twocol-row\">\n\n          <div class=\"image-col twocol-col\" style=\"background-image: url('https:\/\/www.sbhny.org\/wp-content\/uploads\/2024\/09\/Asthma-s-e1727707572818.jpg');\"><\/div>\n    \n\n    <div class=\"content-col twocol-col\">\n              <h1 class=\"main-heading\">Los ni\u00f1os del Bronx sufren de asma. Esto es lo que necesita saber.<\/h1>\n            <div class=\"body-copy\">\n              <\/div>\n      \n        \n      \n          <\/div>\n  <\/div>\n<\/section>\n\n<section class=\"text-block white-background\">\n  <div class=\"small-max-width standard-spacing body-copy\">\n    <p><span data-contrast=\"auto\">Sibilancias despu\u00e9s de jugar afuera. Dificultad para respirar mientras canta una canci\u00f3n favorita. Opresi\u00f3n o dolor en el pecho. Si ha notado estos s\u00edntomas en su hijo, es posible que tenga asma.<\/span><span data-ccp-props=\"{&quot;201341983&quot;:0,&quot;335559739&quot;:160,&quot;335559740&quot;:259}\">\u00a0<\/span><\/p>\n<p><span data-contrast=\"auto\">El asma es una enfermedad pulmonar a largo plazo que hace que los bronquios (o las v\u00edas respiratorias) tengan espasmos e inflamaci\u00f3n. Imag\u00ednese apretando con fuerza un rollo de toallas de papel y luego tratando de soplar aire a trav\u00e9s de \u00e9l. Cuando tiene asma, sus v\u00edas respiratorias se estrechan y dificultan la inhalaci\u00f3n y exhalaci\u00f3n. El asma puede ser mortal y no tiene cura, pero un tratamiento eficaz puede aliviar los s\u00edntomas y prevenir los ataques de asma.<\/span><\/p>\n<h2><span class=\"TextRun SCXW94053407 BCX9\" lang=\"ES-DO\" xml:lang=\"ES-DO\" data-contrast=\"auto\"><span class=\"NormalTextRun SCXW94053407 BCX9\">El asma afecta a alrededor de 1 de cada 10 ni\u00f1os en Estados Unidos<\/span><\/span><\/h2>\n<p><span class=\"NormalTextRun SCXW256866028 BCX9\">Alrededor de 7,5 millones de ni\u00f1os en los EE. UU. se ven afectados por el asma, y \u200b\u200bel Bronx tiene las tasas m\u00e1s altas del pa\u00eds. Los estudios muestran que el asma afecta en gran medida a los pobres, los ancianos y los <\/span><span class=\"NormalTextRun SCXW256866028 BCX9\">afroamericanos<\/span><span class=\"NormalTextRun SCXW256866028 BCX9\">, hispanos e ind\u00edgenas estadounidenses, grupos que habitan en gran medida en nuestros vecindarios. Los ni\u00f1os del centro de la ciudad tienen m\u00e1s probabilidades de nacer prematuramente y est\u00e1n m\u00e1s expuestos a al\u00e9rgenos como la contaminaci\u00f3n del aire, el polvo, ciertos alimentos, el humo de segunda mano y las cucarachas y otras plagas. Otros factores, como la gen\u00e9tica, la discriminaci\u00f3n racial y el acceso a la atenci\u00f3n m\u00e9dica, tambi\u00e9n contribuyen a tasas m\u00e1s altas de asma.<\/span><\/p>\n<h2><span class=\"TextRun SCXW157542159 BCX9\" lang=\"ES-DO\" xml:lang=\"ES-DO\" data-contrast=\"auto\"><span class=\"NormalTextRun SCXW157542159 BCX9\">Causas y s\u00edntomas del asma<\/span><\/span><\/h2>\n<p><span data-contrast=\"auto\">Aunque se desconoce la causa exacta del asma, los s\u00edntomas a menudo comienzan en la ni\u00f1ez antes de que el sistema inmunitario se haya desarrollado por completo. Los desencadenantes var\u00edan de persona a persona y una serie de factores pueden afectar el desarrollo de los pulmones de los ni\u00f1os. Los al\u00e9rgenos, como el polvo o la caspa de mascotas, son causas comunes. Algunas personas tambi\u00e9n desarrollan s\u00edntomas de asma en respuesta a ciertos alimentos o al ejercicio. Los antecedentes familiares, la exposici\u00f3n a al\u00e9rgenos e incluso resfriarse u otro virus pueden aumentar las probabilidades de que los ni\u00f1os desarrollen la condici\u00f3n.<\/span><span data-ccp-props=\"{&quot;201341983&quot;:0,&quot;335559739&quot;:160,&quot;335559740&quot;:259}\">\u00a0<\/span><\/p>\n<p><span data-contrast=\"auto\">Los s\u00edntomas del asma var\u00edan de persona a persona. Su hijo puede experimentar episodios de tos, sentirse d\u00e9bil con poca energ\u00eda, sibilancias (silbidos al respirar), estar irritable y tener problemas para comer o beber. Durante un ataque de asma (cuando los s\u00edntomas empeoran), la tos y la dificultad para respirar pueden empeorar. Los ni\u00f1os pueden tener dificultad para respirar, hablar y pueden ponerse p\u00e1lidos o azules. Cuando esto sucede, es importante buscar ayuda m\u00e9dica de inmediato.<\/span><span data-ccp-props=\"{&quot;201341983&quot;:0,&quot;335559739&quot;:160,&quot;335559740&quot;:259}\">\u00a0<\/span><\/p>\n<h2><span class=\"TextRun SCXW243852841 BCX9\" lang=\"ES-DO\" xml:lang=\"ES-DO\" data-contrast=\"auto\"><span class=\"NormalTextRun SCXW243852841 BCX9\">El tratamiento adecuado puede marcar la diferencia<\/span><\/span><\/h2>\n<p><span data-contrast=\"auto\">Si no se trata, el asma pedi\u00e1trica puede hacer que los ni\u00f1os falten a la escuela, vean al m\u00e9dico con m\u00e1s frecuencia o incluso sean hospitalizados. Tambi\u00e9n puede causar da\u00f1o pulmonar permanente. El asma no es curable, pero puede controlarse bien con un tratamiento eficaz.<\/span><span data-ccp-props=\"{&quot;201341983&quot;:0,&quot;335559739&quot;:160,&quot;335559740&quot;:259}\">\u00a0<\/span><\/p>\n<p><span data-contrast=\"auto\"><a href=\"https:\/\/www.sbhny.org\/fr\/patient-care\/clinical-services\/asthma\/?term=asthma\">El Asthma Center<\/a> utiliza un enfoque de equipo completo para brindar la mejor atenci\u00f3n a los pacientes. Su equipo incluir\u00e1 un m\u00e9dico certificado por la junta en alergia e inmunolog\u00eda que se especializa en el tratamiento del asma, una enfermera registrada, un terapeuta respiratorio y un asistente m\u00e9dico. Despu\u00e9s de que se confirma un diagn\u00f3stico de asma, nuestro equipo desarrolla un plan de acci\u00f3n para cada paciente para tratar y controlar la enfermedad.<\/span><span data-ccp-props=\"{&quot;201341983&quot;:0,&quot;335559739&quot;:160,&quot;335559740&quot;:259}\">\u00a0<\/span><\/p>\n<p><span data-contrast=\"auto\">Nuestros especialistas en asma del Center for Comprehensive Care de SBH trabajan con los pacientes para crear un plan de acci\u00f3n contra el asma, que puede incluir:<\/span><span data-ccp-props=\"{&quot;201341983&quot;:0,&quot;335559739&quot;:160,&quot;335559740&quot;:259}\">\u00a0<\/span><\/p>\n<ul>\n<li><span data-contrast=\"auto\"> Pruebas de diagn\u00f3stico de alergias para desencadenantes del asma<\/span><\/li>\n<li><span data-contrast=\"auto\"> Pruebas de funci\u00f3n pulmonar (pruebas de respiraci\u00f3n)<\/span><\/li>\n<li><span data-contrast=\"auto\"> Orientaci\u00f3n sobre medicaci\u00f3n y tratamiento<\/span><\/li>\n<li><span data-contrast=\"auto\"> Consejos para evitar desencadenantes<\/span><\/li>\n<li><span data-contrast=\"auto\"> Saber qu\u00e9 hacer cuando los s\u00edntomas empeoran<\/span><\/li>\n<\/ul>\n<p><span data-contrast=\"auto\">Con el plan de manejo adecuado, los ni\u00f1os con asma pueden controlar la condici\u00f3n y vivir la mejor vida posible. Si usted, su hijo o alguien que conoce tiene problemas de asma, comun\u00edquese con nosotros en el Center for Comprehensive Care de SBH por tel\u00e9fono al <a href=\"tel:7189603730\">(718) 960-3730<\/a>, de lunes a viernes de 9 a. m. a 5 p. m.<\/span><\/p>\n  <\/div>\n<\/section>","protected":false},"excerpt":{"rendered":"","protected":false},"author":2,"featured_media":0,"parent":0,"menu_order":0,"comment_status":"closed","ping_status":"closed","template":"","meta":{"_acf_changed":true,"_eb_attr":"","_price":"","_stock":"","_tribe_ticket_header":"","_tribe_default_ticket_provider":"","_tribe_ticket_capacity":"0","_ticket_start_date":"","_ticket_end_date":"","_tribe_ticket_show_description":"","_tribe_ticket_show_not_going":false,"_tribe_ticket_use_global_stock":"","_tribe_ticket_global_stock_level":"","_global_stock_mode":"","_global_stock_cap":"","_tribe_rsvp_for_event":"","_tribe_ticket_going_count":"","_tribe_ticket_not_going_count":"","_tribe_tickets_list":"[]","_tribe_ticket_has_attendee_info_fields":false,"footnotes":""},"class_list":["post-5234","page","type-page","status-publish","hentry"],"acf":[],"yoast_head":"<!-- This site is optimized with the Yoast SEO plugin v26.5 - https:\/\/yoast.com\/wordpress\/plugins\/seo\/ -->\n<title>Los ni\u00f1os del Bronx sufren de asma. Esto es lo que necesita saber. - SBH Health System<\/title>\n<meta name=\"robots\" content=\"index, follow, max-snippet:-1, max-image-preview:large, max-video-preview:-1\" \/>\n<link rel=\"canonical\" href=\"https:\/\/www.sbhny.org\/fr\/los-ninos-del-bronx-sufren-de-asma-esto-es-lo-que-necesita-saber\/\" \/>\n<meta property=\"og:locale\" content=\"fr_FR\" \/>\n<meta property=\"og:type\" content=\"article\" \/>\n<meta property=\"og:title\" content=\"Los ni\u00f1os del Bronx sufren de asma. Esto es lo que necesita saber. - SBH Health System\" \/>\n<meta property=\"og:url\" content=\"https:\/\/www.sbhny.org\/fr\/los-ninos-del-bronx-sufren-de-asma-esto-es-lo-que-necesita-saber\/\" \/>\n<meta property=\"og:site_name\" content=\"SBH Health System\" \/>\n<meta property=\"article:publisher\" content=\"https:\/\/www.facebook.com\/SBHBronx\/\" \/>\n<meta property=\"article:modified_time\" content=\"2024-09-30T02:14:59+00:00\" \/>\n<meta name=\"twitter:card\" content=\"summary_large_image\" \/>\n<meta name=\"twitter:site\" content=\"@sbhbronx\" \/>\n<script type=\"application\/ld+json\" class=\"yoast-schema-graph\">{\"@context\":\"https:\/\/schema.org\",\"@graph\":[{\"@type\":\"WebPage\",\"@id\":\"https:\/\/www.sbhny.org\/los-ninos-del-bronx-sufren-de-asma-esto-es-lo-que-necesita-saber\/\",\"url\":\"https:\/\/www.sbhny.org\/los-ninos-del-bronx-sufren-de-asma-esto-es-lo-que-necesita-saber\/\",\"name\":\"Los ni\u00f1os del Bronx sufren de asma. Esto es lo que necesita saber. - SBH Health System\",\"isPartOf\":{\"@id\":\"https:\/\/www.sbhny.org\/#website\"},\"datePublished\":\"2024-09-30T02:14:58+00:00\",\"dateModified\":\"2024-09-30T02:14:59+00:00\",\"breadcrumb\":{\"@id\":\"https:\/\/www.sbhny.org\/los-ninos-del-bronx-sufren-de-asma-esto-es-lo-que-necesita-saber\/#breadcrumb\"},\"inLanguage\":\"fr-FR\",\"potentialAction\":[{\"@type\":\"ReadAction\",\"target\":[\"https:\/\/www.sbhny.org\/los-ninos-del-bronx-sufren-de-asma-esto-es-lo-que-necesita-saber\/\"]}]},{\"@type\":\"BreadcrumbList\",\"@id\":\"https:\/\/www.sbhny.org\/los-ninos-del-bronx-sufren-de-asma-esto-es-lo-que-necesita-saber\/#breadcrumb\",\"itemListElement\":[{\"@type\":\"ListItem\",\"position\":1,\"name\":\"Home\",\"item\":\"https:\/\/www.sbhny.org\/\"},{\"@type\":\"ListItem\",\"position\":2,\"name\":\"Los ni\u00f1os del Bronx sufren de asma. Esto es lo que necesita saber.\"}]},{\"@type\":\"WebSite\",\"@id\":\"https:\/\/www.sbhny.org\/#website\",\"url\":\"https:\/\/www.sbhny.org\/\",\"name\":\"SBH Health System\",\"description\":\"\",\"potentialAction\":[{\"@type\":\"SearchAction\",\"target\":{\"@type\":\"EntryPoint\",\"urlTemplate\":\"https:\/\/www.sbhny.org\/?s={search_term_string}\"},\"query-input\":{\"@type\":\"PropertyValueSpecification\",\"valueRequired\":true,\"valueName\":\"search_term_string\"}}],\"inLanguage\":\"fr-FR\"}]}<\/script>\n<!-- \/ Yoast SEO plugin. -->","yoast_head_json":{"title":"Los ni\u00f1os del Bronx sufren de asma. Esto es lo que necesita saber. - SBH Health System","robots":{"index":"index","follow":"follow","max-snippet":"max-snippet:-1","max-image-preview":"max-image-preview:large","max-video-preview":"max-video-preview:-1"},"canonical":"https:\/\/www.sbhny.org\/fr\/los-ninos-del-bronx-sufren-de-asma-esto-es-lo-que-necesita-saber\/","og_locale":"fr_FR","og_type":"article","og_title":"Los ni\u00f1os del Bronx sufren de asma. Esto es lo que necesita saber. - SBH Health System","og_url":"https:\/\/www.sbhny.org\/fr\/los-ninos-del-bronx-sufren-de-asma-esto-es-lo-que-necesita-saber\/","og_site_name":"SBH Health System","article_publisher":"https:\/\/www.facebook.com\/SBHBronx\/","article_modified_time":"2024-09-30T02:14:59+00:00","twitter_card":"summary_large_image","twitter_site":"@sbhbronx","schema":{"@context":"https:\/\/schema.org","@graph":[{"@type":"WebPage","@id":"https:\/\/www.sbhny.org\/los-ninos-del-bronx-sufren-de-asma-esto-es-lo-que-necesita-saber\/","url":"https:\/\/www.sbhny.org\/los-ninos-del-bronx-sufren-de-asma-esto-es-lo-que-necesita-saber\/","name":"Los ni\u00f1os del Bronx sufren de asma. Esto es lo que necesita saber. - SBH Health System","isPartOf":{"@id":"https:\/\/www.sbhny.org\/#website"},"datePublished":"2024-09-30T02:14:58+00:00","dateModified":"2024-09-30T02:14:59+00:00","breadcrumb":{"@id":"https:\/\/www.sbhny.org\/los-ninos-del-bronx-sufren-de-asma-esto-es-lo-que-necesita-saber\/#breadcrumb"},"inLanguage":"fr-FR","potentialAction":[{"@type":"ReadAction","target":["https:\/\/www.sbhny.org\/los-ninos-del-bronx-sufren-de-asma-esto-es-lo-que-necesita-saber\/"]}]},{"@type":"BreadcrumbList","@id":"https:\/\/www.sbhny.org\/los-ninos-del-bronx-sufren-de-asma-esto-es-lo-que-necesita-saber\/#breadcrumb","itemListElement":[{"@type":"ListItem","position":1,"name":"Home","item":"https:\/\/www.sbhny.org\/"},{"@type":"ListItem","position":2,"name":"Los ni\u00f1os del Bronx sufren de asma. Esto es lo que necesita saber."}]},{"@type":"WebSite","@id":"https:\/\/www.sbhny.org\/#website","url":"https:\/\/www.sbhny.org\/","name":"Syst\u00e8me de sant\u00e9 SBH","description":"","potentialAction":[{"@type":"SearchAction","target":{"@type":"EntryPoint","urlTemplate":"https:\/\/www.sbhny.org\/?s={search_term_string}"},"query-input":{"@type":"PropertyValueSpecification","valueRequired":true,"valueName":"search_term_string"}}],"inLanguage":"fr-FR"}]}},"_links":{"self":[{"href":"https:\/\/www.sbhny.org\/fr\/wp-json\/wp\/v2\/pages\/5234","targetHints":{"allow":["GET"]}}],"collection":[{"href":"https:\/\/www.sbhny.org\/fr\/wp-json\/wp\/v2\/pages"}],"about":[{"href":"https:\/\/www.sbhny.org\/fr\/wp-json\/wp\/v2\/types\/page"}],"author":[{"embeddable":true,"href":"https:\/\/www.sbhny.org\/fr\/wp-json\/wp\/v2\/users\/2"}],"replies":[{"embeddable":true,"href":"https:\/\/www.sbhny.org\/fr\/wp-json\/wp\/v2\/comments?post=5234"}],"version-history":[{"count":0,"href":"https:\/\/www.sbhny.org\/fr\/wp-json\/wp\/v2\/pages\/5234\/revisions"}],"wp:attachment":[{"href":"https:\/\/www.sbhny.org\/fr\/wp-json\/wp\/v2\/media?parent=5234"}],"curies":[{"name":"wp","href":"https:\/\/api.w.org\/{rel}","templated":true}]}}