{"id":5243,"date":"2024-09-30T04:39:05","date_gmt":"2024-09-30T04:39:05","guid":{"rendered":"https:\/\/sbhny.wpenginepowered.com\/?page_id=5243"},"modified":"2024-09-30T04:39:05","modified_gmt":"2024-09-30T04:39:05","slug":"bronx-children-are-suffering-from-asthma-the-right-treatment-can-make-a-difference","status":"publish","type":"page","link":"https:\/\/www.sbhny.org\/fr\/bronx-children-are-suffering-from-asthma-the-right-treatment-can-make-a-difference\/","title":{"rendered":"Les enfants du Bronx souffrent d'asthme. Un traitement adapt\u00e9 peut faire la diff\u00e9rence."},"content":{"rendered":"<section class=\"image-twocol-hero background-image\">\n  <div class=\"max-width standard-spacing twocol-row\">\n\n          <div class=\"image-col twocol-col\" style=\"background-image: url('https:\/\/www.sbhny.org\/wp-content\/uploads\/2024\/09\/Asthma-s-e1727707572818.jpg');\"><\/div>\n    \n\n    <div class=\"content-col twocol-col\">\n              <h1 class=\"main-heading\">Les enfants du Bronx souffrent d'asthme. Le bon traitement peut faire la diff\u00e9rence<\/h1>\n            <div class=\"body-copy\">\n              <\/div>\n      \n        \n      \n          <\/div>\n  <\/div>\n<\/section>\n\n<section class=\"text-block white-background\">\n  <div class=\"small-max-width standard-spacing body-copy\">\n    <p>Respiration sifflante apr\u00e8s avoir jou\u00e9 dehors. Essoufflement en chantant une chanson pr\u00e9f\u00e9r\u00e9e. une sensation de tension ou de douleur dans la poitrine. Si vous avez remarqu\u00e9 ces sympt\u00f4mes chez votre enfant, il se peut qu'il souffre d'asthme.<\/p>\n<p>L'asthme est une affection pulmonaire de longue dur\u00e9e qui provoque des spasmes et des gonflements des bronches (ou voies respiratoires). Imaginez que vous serrez un rouleau d'essuie-tout, puis que vous essayez de souffler de l'air \u00e0 travers. Lorsque vous souffrez d'asthme, vos voies respiratoires se r\u00e9tr\u00e9cissent et il vous est plus difficile d'inspirer et d'expirer. L'asthme peut \u00eatre mortel et il n'y a pas de rem\u00e8de, mais un traitement efficace peut soulager les sympt\u00f4mes et pr\u00e9venir les crises d'asthme.<\/p>\n<h2><span class=\"TextRun SCXW238185916 BCX9\" lang=\"EN-US\" xml:lang=\"EN-US\" data-contrast=\"none\"><span class=\"NormalTextRun SCXW238185916 BCX9\" data-ccp-charstyle=\"Book Title\">L'asthme touche environ 1 enfant sur 10 aux \u00c9tats-Unis<\/span><\/span><\/h2>\n<p><span class=\"TextRun SCXW127699814 BCX9\" lang=\"EN-US\" xml:lang=\"EN-US\" data-contrast=\"none\"><span class=\"NormalTextRun SCXW127699814 BCX9\" data-ccp-parastyle=\"Body copy\" data-ccp-parastyle-defn=\"{&quot;ObjectId&quot;:&quot;97dfd007-3349-48ca-a3f6-2dcaf425ab03|57&quot;,&quot;ClassId&quot;:1073872969,&quot;Properties&quot;:[469775450,&quot;Body copy&quot;,201340122,&quot;2&quot;,134234082,&quot;true&quot;,134233614,&quot;true&quot;,469778129,&quot;Bodycopy&quot;,335572020,&quot;1&quot;,469777841,&quot;Helvetica&quot;,469777842,&quot;Times New Roman&quot;,469777843,&quot;Cambria&quot;,469777844,&quot;Helvetica&quot;,469769226,&quot;Helvetica,Times New Roman,Cambria&quot;,335551500,&quot;0&quot;,268442635,&quot;22&quot;,335559739,&quot;200&quot;,469778324,&quot;Normal&quot;]}\">Autour de <\/span><span class=\"NormalTextRun AdvancedProofingIssueV2Themed SCXW127699814 BCX9\" data-ccp-parastyle=\"Body copy\">7,5 millions d'enfants<\/span><span class=\"NormalTextRun SCXW127699814 BCX9\" data-ccp-parastyle=\"Body copy\"> aux \u00c9tats-Unis sont touch\u00e9es par l'asthme, avec <\/span><span class=\"NormalTextRun SCXW127699814 BCX9\" data-ccp-parastyle=\"Body copy\">t<\/span><span class=\"NormalTextRun SCXW127699814 BCX9\" data-ccp-parastyle=\"Body copy\">Le Bronx a les taux les plus \u00e9lev\u00e9s du pays.<\/span> <span class=\"NormalTextRun SCXW127699814 BCX9\" data-ccp-parastyle=\"Body copy\">S<\/span><span class=\"NormalTextRun SCXW127699814 BCX9\" data-ccp-parastyle=\"Body copy\">es \u00e9tudes montrent que l'asthme <\/span><span class=\"NormalTextRun SCXW127699814 BCX9\" data-ccp-parastyle=\"Body copy\">a un impact important<\/span> <span class=\"NormalTextRun SCXW127699814 BCX9\" data-ccp-parastyle=\"Body copy\">les pauvres, les personnes \u00e2g\u00e9es et les Am\u00e9ricains noirs, hispaniques et indig\u00e8nes<\/span><span class=\"NormalTextRun SCXW127699814 BCX9\" data-ccp-parastyle=\"Body copy\">, des groupes qui <\/span><span class=\"NormalTextRun SCXW127699814 BCX9\" data-ccp-parastyle=\"Body copy\">peuplent en grande partie<\/span><span class=\"NormalTextRun SCXW127699814 BCX9\" data-ccp-parastyle=\"Body copy\"> nos quartiers. <\/span><span class=\"NormalTextRun SCXW127699814 BCX9\" data-ccp-parastyle=\"Body copy\">Enfants des quartiers d\u00e9favoris\u00e9s <\/span><span class=\"NormalTextRun SCXW127699814 BCX9\" data-ccp-parastyle=\"Body copy\">sont plus susceptibles de na\u00eetre pr\u00e9matur\u00e9ment et d'avoir une <\/span><span class=\"NormalTextRun SCXW127699814 BCX9\" data-ccp-parastyle=\"Body copy\">une plus grande exposition aux allerg\u00e8nes tels que la pollution de l'air, la poussi\u00e8re<\/span><span class=\"NormalTextRun SCXW127699814 BCX9\" data-ccp-parastyle=\"Body copy\">, <\/span><span class=\"NormalTextRun SCXW127699814 BCX9\" data-ccp-parastyle=\"Body copy\">certains aliments, <\/span><span class=\"NormalTextRun SCXW127699814 BCX9\" data-ccp-parastyle=\"Body copy\">le tabagisme passif, les cafards et autres parasites<\/span><span class=\"NormalTextRun SCXW127699814 BCX9\" data-ccp-parastyle=\"Body copy\">. Autres <\/span><span class=\"NormalTextRun SCXW127699814 BCX9\" data-ccp-parastyle=\"Body copy\">facteurs<\/span><span class=\"NormalTextRun SCXW127699814 BCX9\" data-ccp-parastyle=\"Body copy\">, tels que<\/span><span class=\"NormalTextRun SCXW127699814 BCX9\" data-ccp-parastyle=\"Body copy\"> g\u00e9n\u00e9tique, discrimination raciale <\/span><span class=\"NormalTextRun SCXW127699814 BCX9\" data-ccp-parastyle=\"Body copy\">et<\/span> <span class=\"NormalTextRun SCXW127699814 BCX9\" data-ccp-parastyle=\"Body copy\">l'acc\u00e8s aux soins de sant\u00e9<\/span><span class=\"NormalTextRun SCXW127699814 BCX9\" data-ccp-parastyle=\"Body copy\"> contribuent \u00e9galement \u00e0 des taux d'asthme plus \u00e9lev\u00e9s.<\/span><span class=\"NormalTextRun SCXW127699814 BCX9\" data-ccp-parastyle=\"Body copy\">\u00a0<\/span><\/span><span class=\"EOP SCXW127699814 BCX9\" data-ccp-props=\"{&quot;335559739&quot;:200}\">\u00a0<\/span><\/p>\n<h2><span class=\"TextRun SCXW144841905 BCX9\" lang=\"EN-US\" xml:lang=\"EN-US\" data-contrast=\"none\"><span class=\"NormalTextRun SCXW144841905 BCX9\" data-ccp-charstyle=\"Book Title\">Causes et sympt\u00f4mes de l'asthme<\/span><\/span><\/h2>\n<p><span data-contrast=\"auto\">Bien que la cause exacte de l'asthme soit inconnue, les sympt\u00f4mes apparaissent souvent pendant l'enfance, avant que le syst\u00e8me immunitaire ne soit compl\u00e8tement d\u00e9velopp\u00e9. Les d\u00e9clencheurs varient d'une personne \u00e0 l'autre et un certain nombre de facteurs peuvent influer sur le d\u00e9veloppement des poumons des enfants. Les allerg\u00e8nes, comme la poussi\u00e8re ou les squames d'animaux, sont des causes courantes. Certaines personnes d\u00e9veloppent \u00e9galement des sympt\u00f4mes d'asthme en r\u00e9ponse \u00e0 certains aliments ou \u00e0 l'exercice physique. Les ant\u00e9c\u00e9dents familiaux, l'exposition aux allerg\u00e8nes et m\u00eame le fait d'attraper un rhume ou un autre virus peuvent augmenter le risque de d\u00e9velopper l'asthme chez les enfants.<\/span><span data-ccp-props=\"{&quot;335559739&quot;:0}\">\u00a0<\/span><\/p>\n<p><span data-contrast=\"none\">Les sympt\u00f4mes de l'asthme varient d'une personne \u00e0 l'autre. Votre enfant peut avoir des quintes de toux, se sentir faible et manquer d'\u00e9nergie, avoir une respiration sifflante (sifflement lors de la respiration), \u00eatre irritable et avoir des difficult\u00e9s \u00e0 manger ou \u00e0 boire. Pendant une crise d'asthme (lorsque les sympt\u00f4mes s'aggravent), la toux et l'essoufflement peuvent s'aggraver. Les enfants peuvent avoir du mal \u00e0 respirer, \u00e0 parler et peuvent devenir p\u00e2les ou bleus. Lorsque cela se produit, il est important de consulter imm\u00e9diatement un m\u00e9decin.<\/span><\/p>\n<h2><span class=\"NormalTextRun SCXW126770649 BCX9\" data-ccp-charstyle=\"Book Title\">Le <\/span><span class=\"NormalTextRun SCXW126770649 BCX9\" data-ccp-charstyle=\"Book Title\">droit <\/span><span class=\"NormalTextRun SCXW126770649 BCX9\" data-ccp-charstyle=\"Book Title\">traitement <\/span><span class=\"NormalTextRun SCXW126770649 BCX9\" data-ccp-charstyle=\"Book Title\">peut faire la diff\u00e9rence<\/span><\/h2>\n<p><span data-contrast=\"none\">Non trait\u00e9, l'asthme p\u00e9diatrique peut amener les enfants \u00e0 manquer l'\u00e9cole, \u00e0 consulter plus souvent le m\u00e9decin, voire \u00e0 \u00eatre hospitalis\u00e9s. Il peut \u00e9galement provoquer des l\u00e9sions pulmonaires permanentes. L'asthme ne se gu\u00e9rit pas mais peut \u00eatre bien g\u00e9r\u00e9 gr\u00e2ce \u00e0 un traitement efficace.\u00a0<\/span><span data-ccp-props=\"{&quot;134233118&quot;:true,&quot;335559739&quot;:200}\">\u00a0<\/span><\/p>\n<p><strong><a href=\"https:\/\/www.sbhny.org\/fr\/patient-care\/clinical-services\/asthma\/?term=asthma\">Le Centre de l'asthme<\/a><\/strong><span data-contrast=\"none\"> utilise une approche d'\u00e9quipe compl\u00e8te pour fournir les meilleurs soins aux patients. Votre \u00e9quipe sera compos\u00e9e d'un m\u00e9decin sp\u00e9cialiste des allergies et de l'immunologie, sp\u00e9cialis\u00e9 dans le traitement de l'asthme, d'une infirmi\u00e8re dipl\u00f4m\u00e9e, d'un inhaloth\u00e9rapeute et d'une assistante m\u00e9dicale. Une fois le diagnostic d'asthme confirm\u00e9, notre \u00e9quipe \u00e9labore un plan d'action pour chaque patient afin de traiter et de contr\u00f4ler la maladie<\/span><span data-contrast=\"none\">.<\/span><span data-ccp-props=\"{&quot;335559739&quot;:0}\">\u00a0<\/span><\/p>\n<p><span data-contrast=\"none\">Nos sp\u00e9cialistes de l'asthme au Center for Comprehensive Care travaillent avec les patients pour cr\u00e9er un plan d'action contre l'asthme, qui peut inclure :<\/span><span data-ccp-props=\"{&quot;134233118&quot;:true,&quot;335559739&quot;:200}\">\u00a0<\/span><\/p>\n<ul>\n<li data-leveltext=\"\uf0b7\" data-font=\"Symbol\" data-listid=\"31\" data-list-defn-props=\"{&quot;335552541&quot;:1,&quot;335559684&quot;:-2,&quot;335559685&quot;:720,&quot;335559991&quot;:360,&quot;469769226&quot;:&quot;Symbol&quot;,&quot;469769242&quot;:[8226],&quot;469777803&quot;:&quot;left&quot;,&quot;469777804&quot;:&quot;\uf0b7&quot;,&quot;469777815&quot;:&quot;hybridMultilevel&quot;}\" aria-setsize=\"-1\" data-aria-posinset=\"1\" data-aria-level=\"1\"><span data-contrast=\"auto\">Tests diagnostiques d'allergie pour d\u00e9tecter les d\u00e9clencheurs d'asthme<\/span><span data-ccp-props=\"{&quot;134233118&quot;:true,&quot;335559739&quot;:200}\">\u00a0<\/span><\/li>\n<li data-leveltext=\"\uf0b7\" data-font=\"Symbol\" data-listid=\"31\" data-list-defn-props=\"{&quot;335552541&quot;:1,&quot;335559684&quot;:-2,&quot;335559685&quot;:720,&quot;335559991&quot;:360,&quot;469769226&quot;:&quot;Symbol&quot;,&quot;469769242&quot;:[8226],&quot;469777803&quot;:&quot;left&quot;,&quot;469777804&quot;:&quot;\uf0b7&quot;,&quot;469777815&quot;:&quot;hybridMultilevel&quot;}\" aria-setsize=\"-1\" data-aria-posinset=\"2\" data-aria-level=\"1\"><span data-contrast=\"auto\">Tests de la fonction pulmonaire (tests respiratoires)<\/span><span data-ccp-props=\"{&quot;134233118&quot;:true,&quot;335559739&quot;:200}\">\u00a0<\/span><\/li>\n<li data-leveltext=\"\uf0b7\" data-font=\"Symbol\" data-listid=\"31\" data-list-defn-props=\"{&quot;335552541&quot;:1,&quot;335559684&quot;:-2,&quot;335559685&quot;:720,&quot;335559991&quot;:360,&quot;469769226&quot;:&quot;Symbol&quot;,&quot;469769242&quot;:[8226],&quot;469777803&quot;:&quot;left&quot;,&quot;469777804&quot;:&quot;\uf0b7&quot;,&quot;469777815&quot;:&quot;hybridMultilevel&quot;}\" aria-setsize=\"-1\" data-aria-posinset=\"3\" data-aria-level=\"1\"><span data-contrast=\"none\">Conseils sur les m\u00e9dicaments et les traitements<\/span><span data-ccp-props=\"{&quot;134233118&quot;:true,&quot;335559739&quot;:200}\">\u00a0<\/span><\/li>\n<li data-leveltext=\"\uf0b7\" data-font=\"Symbol\" data-listid=\"31\" data-list-defn-props=\"{&quot;335552541&quot;:1,&quot;335559684&quot;:-2,&quot;335559685&quot;:720,&quot;335559991&quot;:360,&quot;469769226&quot;:&quot;Symbol&quot;,&quot;469769242&quot;:[8226],&quot;469777803&quot;:&quot;left&quot;,&quot;469777804&quot;:&quot;\uf0b7&quot;,&quot;469777815&quot;:&quot;hybridMultilevel&quot;}\" aria-setsize=\"-1\" data-aria-posinset=\"4\" data-aria-level=\"1\"><span data-contrast=\"none\">Conseils pour \u00e9viter les d\u00e9clencheurs<\/span><span data-ccp-props=\"{&quot;134233118&quot;:true,&quot;335559739&quot;:200}\">\u00a0<\/span><\/li>\n<li data-leveltext=\"\uf0b7\" data-font=\"Symbol\" data-listid=\"31\" data-list-defn-props=\"{&quot;335552541&quot;:1,&quot;335559684&quot;:-2,&quot;335559685&quot;:720,&quot;335559991&quot;:360,&quot;469769226&quot;:&quot;Symbol&quot;,&quot;469769242&quot;:[8226],&quot;469777803&quot;:&quot;left&quot;,&quot;469777804&quot;:&quot;\uf0b7&quot;,&quot;469777815&quot;:&quot;hybridMultilevel&quot;}\" aria-setsize=\"-1\" data-aria-posinset=\"5\" data-aria-level=\"1\"><span data-contrast=\"none\">Savoir ce qu'il faut faire lorsque les sympt\u00f4mes s'aggravent<\/span><span data-ccp-props=\"{&quot;134233118&quot;:true,&quot;335559739&quot;:200}\">\u00a0<\/span><\/li>\n<\/ul>\n<p><span data-contrast=\"none\">Avec le bon plan de prise en charge, les enfants asthmatiques peuvent ma\u00eetriser leur maladie et vivre le mieux possible. Si vous, votre enfant ou quelqu'un que vous connaissez est aux prises avec l'asthme, contactez-nous au Center for Comprehensive Care par t\u00e9l\u00e9phone au (718) 960-3730, du lundi au vendredi de 9 h \u00e0 17 h.<\/span><span data-ccp-props=\"{&quot;335559739&quot;:0}\">\u00a0<\/span><\/p>\n  <\/div>\n<\/section>","protected":false},"excerpt":{"rendered":"","protected":false},"author":2,"featured_media":0,"parent":0,"menu_order":0,"comment_status":"closed","ping_status":"closed","template":"","meta":{"_acf_changed":true,"_eb_attr":"","_price":"","_stock":"","_tribe_ticket_header":"","_tribe_default_ticket_provider":"","_tribe_ticket_capacity":"0","_ticket_start_date":"","_ticket_end_date":"","_tribe_ticket_show_description":"","_tribe_ticket_show_not_going":false,"_tribe_ticket_use_global_stock":"","_tribe_ticket_global_stock_level":"","_global_stock_mode":"","_global_stock_cap":"","_tribe_rsvp_for_event":"","_tribe_ticket_going_count":"","_tribe_ticket_not_going_count":"","_tribe_tickets_list":"[]","_tribe_ticket_has_attendee_info_fields":false,"footnotes":""},"class_list":["post-5243","page","type-page","status-publish","hentry"],"acf":[],"yoast_head":"<!-- This site is optimized with the Yoast SEO plugin v26.5 - https:\/\/yoast.com\/wordpress\/plugins\/seo\/ -->\n<title>Bronx children are suffering from asthma. The right treatment can make a difference. - SBH Health System<\/title>\n<meta name=\"robots\" content=\"index, follow, max-snippet:-1, max-image-preview:large, max-video-preview:-1\" \/>\n<link rel=\"canonical\" href=\"https:\/\/www.sbhny.org\/fr\/bronx-children-are-suffering-from-asthma-the-right-treatment-can-make-a-difference\/\" \/>\n<meta property=\"og:locale\" content=\"fr_FR\" \/>\n<meta property=\"og:type\" content=\"article\" \/>\n<meta property=\"og:title\" content=\"Bronx children are suffering from asthma. The right treatment can make a difference. - SBH Health System\" \/>\n<meta property=\"og:url\" content=\"https:\/\/www.sbhny.org\/fr\/bronx-children-are-suffering-from-asthma-the-right-treatment-can-make-a-difference\/\" \/>\n<meta property=\"og:site_name\" content=\"SBH Health System\" \/>\n<meta property=\"article:publisher\" content=\"https:\/\/www.facebook.com\/SBHBronx\/\" \/>\n<meta name=\"twitter:card\" content=\"summary_large_image\" \/>\n<meta name=\"twitter:site\" content=\"@sbhbronx\" \/>\n<script type=\"application\/ld+json\" class=\"yoast-schema-graph\">{\"@context\":\"https:\/\/schema.org\",\"@graph\":[{\"@type\":\"WebPage\",\"@id\":\"https:\/\/www.sbhny.org\/bronx-children-are-suffering-from-asthma-the-right-treatment-can-make-a-difference\/\",\"url\":\"https:\/\/www.sbhny.org\/bronx-children-are-suffering-from-asthma-the-right-treatment-can-make-a-difference\/\",\"name\":\"Bronx children are suffering from asthma. The right treatment can make a difference. - SBH Health System\",\"isPartOf\":{\"@id\":\"https:\/\/www.sbhny.org\/#website\"},\"datePublished\":\"2024-09-30T04:39:05+00:00\",\"breadcrumb\":{\"@id\":\"https:\/\/www.sbhny.org\/bronx-children-are-suffering-from-asthma-the-right-treatment-can-make-a-difference\/#breadcrumb\"},\"inLanguage\":\"fr-FR\",\"potentialAction\":[{\"@type\":\"ReadAction\",\"target\":[\"https:\/\/www.sbhny.org\/bronx-children-are-suffering-from-asthma-the-right-treatment-can-make-a-difference\/\"]}]},{\"@type\":\"BreadcrumbList\",\"@id\":\"https:\/\/www.sbhny.org\/bronx-children-are-suffering-from-asthma-the-right-treatment-can-make-a-difference\/#breadcrumb\",\"itemListElement\":[{\"@type\":\"ListItem\",\"position\":1,\"name\":\"Home\",\"item\":\"https:\/\/www.sbhny.org\/\"},{\"@type\":\"ListItem\",\"position\":2,\"name\":\"Bronx children are suffering from asthma. The right treatment can make a difference.\"}]},{\"@type\":\"WebSite\",\"@id\":\"https:\/\/www.sbhny.org\/#website\",\"url\":\"https:\/\/www.sbhny.org\/\",\"name\":\"SBH Health System\",\"description\":\"\",\"potentialAction\":[{\"@type\":\"SearchAction\",\"target\":{\"@type\":\"EntryPoint\",\"urlTemplate\":\"https:\/\/www.sbhny.org\/?s={search_term_string}\"},\"query-input\":{\"@type\":\"PropertyValueSpecification\",\"valueRequired\":true,\"valueName\":\"search_term_string\"}}],\"inLanguage\":\"fr-FR\"}]}<\/script>\n<!-- \/ Yoast SEO plugin. -->","yoast_head_json":{"title":"Bronx children are suffering from asthma. The right treatment can make a difference. - SBH Health System","robots":{"index":"index","follow":"follow","max-snippet":"max-snippet:-1","max-image-preview":"max-image-preview:large","max-video-preview":"max-video-preview:-1"},"canonical":"https:\/\/www.sbhny.org\/fr\/bronx-children-are-suffering-from-asthma-the-right-treatment-can-make-a-difference\/","og_locale":"fr_FR","og_type":"article","og_title":"Bronx children are suffering from asthma. The right treatment can make a difference. - SBH Health System","og_url":"https:\/\/www.sbhny.org\/fr\/bronx-children-are-suffering-from-asthma-the-right-treatment-can-make-a-difference\/","og_site_name":"SBH Health System","article_publisher":"https:\/\/www.facebook.com\/SBHBronx\/","twitter_card":"summary_large_image","twitter_site":"@sbhbronx","schema":{"@context":"https:\/\/schema.org","@graph":[{"@type":"WebPage","@id":"https:\/\/www.sbhny.org\/bronx-children-are-suffering-from-asthma-the-right-treatment-can-make-a-difference\/","url":"https:\/\/www.sbhny.org\/bronx-children-are-suffering-from-asthma-the-right-treatment-can-make-a-difference\/","name":"Bronx children are suffering from asthma. The right treatment can make a difference. - SBH Health System","isPartOf":{"@id":"https:\/\/www.sbhny.org\/#website"},"datePublished":"2024-09-30T04:39:05+00:00","breadcrumb":{"@id":"https:\/\/www.sbhny.org\/bronx-children-are-suffering-from-asthma-the-right-treatment-can-make-a-difference\/#breadcrumb"},"inLanguage":"fr-FR","potentialAction":[{"@type":"ReadAction","target":["https:\/\/www.sbhny.org\/bronx-children-are-suffering-from-asthma-the-right-treatment-can-make-a-difference\/"]}]},{"@type":"BreadcrumbList","@id":"https:\/\/www.sbhny.org\/bronx-children-are-suffering-from-asthma-the-right-treatment-can-make-a-difference\/#breadcrumb","itemListElement":[{"@type":"ListItem","position":1,"name":"Home","item":"https:\/\/www.sbhny.org\/"},{"@type":"ListItem","position":2,"name":"Bronx children are suffering from asthma. The right treatment can make a difference."}]},{"@type":"WebSite","@id":"https:\/\/www.sbhny.org\/#website","url":"https:\/\/www.sbhny.org\/","name":"Syst\u00e8me de sant\u00e9 SBH","description":"","potentialAction":[{"@type":"SearchAction","target":{"@type":"EntryPoint","urlTemplate":"https:\/\/www.sbhny.org\/?s={search_term_string}"},"query-input":{"@type":"PropertyValueSpecification","valueRequired":true,"valueName":"search_term_string"}}],"inLanguage":"fr-FR"}]}},"_links":{"self":[{"href":"https:\/\/www.sbhny.org\/fr\/wp-json\/wp\/v2\/pages\/5243","targetHints":{"allow":["GET"]}}],"collection":[{"href":"https:\/\/www.sbhny.org\/fr\/wp-json\/wp\/v2\/pages"}],"about":[{"href":"https:\/\/www.sbhny.org\/fr\/wp-json\/wp\/v2\/types\/page"}],"author":[{"embeddable":true,"href":"https:\/\/www.sbhny.org\/fr\/wp-json\/wp\/v2\/users\/2"}],"replies":[{"embeddable":true,"href":"https:\/\/www.sbhny.org\/fr\/wp-json\/wp\/v2\/comments?post=5243"}],"version-history":[{"count":0,"href":"https:\/\/www.sbhny.org\/fr\/wp-json\/wp\/v2\/pages\/5243\/revisions"}],"wp:attachment":[{"href":"https:\/\/www.sbhny.org\/fr\/wp-json\/wp\/v2\/media?parent=5243"}],"curies":[{"name":"wp","href":"https:\/\/api.w.org\/{rel}","templated":true}]}}