{"id":5245,"date":"2024-09-30T04:45:30","date_gmt":"2024-09-30T04:45:30","guid":{"rendered":"https:\/\/sbhny.wpenginepowered.com\/?page_id=5245"},"modified":"2024-10-01T16:05:00","modified_gmt":"2024-10-01T16:05:00","slug":"bariatric-surgery-a-life-changing-solution-for-weight-loss","status":"publish","type":"page","link":"https:\/\/www.sbhny.org\/fr\/bariatric-surgery-a-life-changing-solution-for-weight-loss\/","title":{"rendered":"La chirurgie bariatrique : une solution qui change la vie pour perdre du poids"},"content":{"rendered":"<section class=\"image-twocol-hero background-image\">\n  <div class=\"max-width standard-spacing twocol-row\">\n\n          <div class=\"image-col twocol-col\" style=\"background-image: url('https:\/\/www.sbhny.org\/wp-content\/uploads\/2024\/09\/Bariatric-sm.jpg');\"><\/div>\n    \n\n    <div class=\"content-col twocol-col\">\n              <h1 class=\"main-heading\">La chirurgie bariatrique : une solution qui change la vie pour perdre du poids<\/h1>\n            <div class=\"body-copy\">\n              <\/div>\n      \n        \n      \n          <\/div>\n  <\/div>\n<\/section>\n\n<section class=\"text-block white-background\">\n  <div class=\"small-max-width standard-spacing body-copy\">\n    <p>Votre poids affecte-t-il votre sant\u00e9 mentale et physique au point que vous vous dites que trop c'est trop ?<\/p>\n<p>Si vous avez r\u00e9pondu oui, vous pourriez envisager une chirurgie bariatrique.<\/p>\n<p>Au SBH Health System, nous offrons une <strong><a href=\"\/fr\/our-services\/bariatric-surgery\/\">chirurgie bariatrique<\/a><\/strong> pour vous aider \u00e0 obtenir les r\u00e9sultats que vous souhaitez avec le soutien professionnel dont vous avez besoin.<\/p>\n<h2><span data-ccp-props=\"{&quot;201341983&quot;:0,&quot;335559739&quot;:0,&quot;335559740&quot;:240}\"><span class=\"TextRun SCXW203960650 BCX9\" lang=\"EN-US\" xml:lang=\"EN-US\" data-contrast=\"auto\"><span class=\"NormalTextRun SCXW203960650 BCX9\" data-ccp-parastyle=\"heading 2\">Qu'est-ce que la chirurgie bariatrique ?<\/span><\/span><\/span><\/h2>\n<p><span data-contrast=\"auto\">La chirurgie bariatrique est une chirurgie de perte de poids. Elle consiste \u00e0 enlever une partie de l'estomac, \u00e0 le rendre plus petit afin de r\u00e9duire la quantit\u00e9 de nourriture que vous pouvez manger et de vous donner une sensation de sati\u00e9t\u00e9 plus t\u00f4t. Elle consiste \u00e9galement \u00e0 r\u00e9orienter l'intestin, ce qui vous permet de manger moins, d'absorber moins d'aliments et donc d'absorber moins de calories.<\/span><span data-ccp-props=\"{&quot;201341983&quot;:0,&quot;335559739&quot;:0,&quot;335559740&quot;:240}\">\u00a0<\/span><\/p>\n<p>Les options chirurgicales comprennent <strong>pontage gastrique<\/strong> et <strong>gastrectomie en manchon<\/strong>.<\/p>\n<h2><span class=\"TextRun SCXW147430756 BCX9\" lang=\"EN-US\" xml:lang=\"EN-US\" data-contrast=\"auto\"><span class=\"NormalTextRun SCXW147430756 BCX9\" data-ccp-parastyle=\"heading 2\">Comment la chirurgie bariatrique peut-elle am\u00e9liorer ma sant\u00e9 ?<\/span><\/span><\/h2>\n<p><span data-contrast=\"auto\">La perte de poids n'est pas le seul avantage de la chirurgie bariatrique. Elle permet \u00e9galement d'\u00e9liminer ou de r\u00e9duire de nombreux sympt\u00f4mes associ\u00e9s aux probl\u00e8mes de sant\u00e9 qui accompagnent souvent le surpoids ou l'ob\u00e9sit\u00e9 :\u00a0<\/span><span data-ccp-props=\"{&quot;201341983&quot;:0,&quot;335559739&quot;:0,&quot;335559740&quot;:240}\">\u00a0<\/span><\/p>\n<ul>\n<li data-leveltext=\"\uf0b7\" data-font=\"Symbol\" data-listid=\"1\" data-list-defn-props=\"{&quot;335552541&quot;:1,&quot;335559684&quot;:-2,&quot;335559685&quot;:720,&quot;335559991&quot;:360,&quot;469769226&quot;:&quot;Symbol&quot;,&quot;469769242&quot;:[8226],&quot;469777803&quot;:&quot;left&quot;,&quot;469777804&quot;:&quot;\uf0b7&quot;,&quot;469777815&quot;:&quot;hybridMultilevel&quot;}\" aria-setsize=\"-1\" data-aria-posinset=\"1\" data-aria-level=\"1\"><span data-contrast=\"auto\">Hypertension art\u00e9rielle<\/span><span data-ccp-props=\"{&quot;201341983&quot;:0,&quot;335559739&quot;:0,&quot;335559740&quot;:240}\">\u00a0<\/span><\/li>\n<li data-leveltext=\"\uf0b7\" data-font=\"Symbol\" data-listid=\"1\" data-list-defn-props=\"{&quot;335552541&quot;:1,&quot;335559684&quot;:-2,&quot;335559685&quot;:720,&quot;335559991&quot;:360,&quot;469769226&quot;:&quot;Symbol&quot;,&quot;469769242&quot;:[8226],&quot;469777803&quot;:&quot;left&quot;,&quot;469777804&quot;:&quot;\uf0b7&quot;,&quot;469777815&quot;:&quot;hybridMultilevel&quot;}\" aria-setsize=\"-1\" data-aria-posinset=\"2\" data-aria-level=\"1\"><span data-contrast=\"auto\">Cholest\u00e9rol \u00e9lev\u00e9<\/span><span data-ccp-props=\"{&quot;201341983&quot;:0,&quot;335559739&quot;:0,&quot;335559740&quot;:240}\">\u00a0<\/span><\/li>\n<li data-leveltext=\"\uf0b7\" data-font=\"Symbol\" data-listid=\"1\" data-list-defn-props=\"{&quot;335552541&quot;:1,&quot;335559684&quot;:-2,&quot;335559685&quot;:720,&quot;335559991&quot;:360,&quot;469769226&quot;:&quot;Symbol&quot;,&quot;469769242&quot;:[8226],&quot;469777803&quot;:&quot;left&quot;,&quot;469777804&quot;:&quot;\uf0b7&quot;,&quot;469777815&quot;:&quot;hybridMultilevel&quot;}\" aria-setsize=\"-1\" data-aria-posinset=\"3\" data-aria-level=\"1\"><span data-contrast=\"auto\">Reflux gastro-\u0153sophagien (RGO)<\/span><span data-ccp-props=\"{&quot;201341983&quot;:0,&quot;335559739&quot;:0,&quot;335559740&quot;:240}\">\u00a0<\/span><\/li>\n<li data-leveltext=\"\uf0b7\" data-font=\"Symbol\" data-listid=\"1\" data-list-defn-props=\"{&quot;335552541&quot;:1,&quot;335559684&quot;:-2,&quot;335559685&quot;:720,&quot;335559991&quot;:360,&quot;469769226&quot;:&quot;Symbol&quot;,&quot;469769242&quot;:[8226],&quot;469777803&quot;:&quot;left&quot;,&quot;469777804&quot;:&quot;\uf0b7&quot;,&quot;469777815&quot;:&quot;hybridMultilevel&quot;}\" aria-setsize=\"-1\" data-aria-posinset=\"4\" data-aria-level=\"1\"><span data-contrast=\"auto\">Apn\u00e9e du sommeil<\/span><span data-ccp-props=\"{&quot;201341983&quot;:0,&quot;335559739&quot;:0,&quot;335559740&quot;:240}\">\u00a0<\/span><\/li>\n<li data-leveltext=\"\uf0b7\" data-font=\"Symbol\" data-listid=\"1\" data-list-defn-props=\"{&quot;335552541&quot;:1,&quot;335559684&quot;:-2,&quot;335559685&quot;:720,&quot;335559991&quot;:360,&quot;469769226&quot;:&quot;Symbol&quot;,&quot;469769242&quot;:[8226],&quot;469777803&quot;:&quot;left&quot;,&quot;469777804&quot;:&quot;\uf0b7&quot;,&quot;469777815&quot;:&quot;hybridMultilevel&quot;}\" aria-setsize=\"-1\" data-aria-posinset=\"5\" data-aria-level=\"1\"><span data-contrast=\"auto\">Diab\u00e8te de type 2<\/span><span data-ccp-props=\"{&quot;201341983&quot;:0,&quot;335559739&quot;:0,&quot;335559740&quot;:240}\">\u00a0<\/span><\/li>\n<\/ul>\n<p><span data-ccp-props=\"{&quot;201341983&quot;:0,&quot;335559739&quot;:0,&quot;335559740&quot;:240}\">\u00a0<\/span><span data-contrast=\"auto\">A <\/span><strong><a href=\"https:\/\/jamanetwork.com\/journals\/jamanetworkopen\/fullarticle\/2797180#:~:text=In%20this%20large,composite%20cardiovascular%20events\">\u00c9tude 2022<\/a><\/strong><span data-contrast=\"auto\"> a montr\u00e9 que la chirurgie bariatrique r\u00e9duisait le risque de maladie cardiovasculaire (cardiaque) de 49% chez les personnes souffrant de st\u00e9atose h\u00e9patique non alcoolique (NAFLD) et d'ob\u00e9sit\u00e9 s\u00e9v\u00e8re.<\/span><span data-ccp-props=\"{&quot;201341983&quot;:0,&quot;335559739&quot;:0,&quot;335559740&quot;:240}\">\u00a0<\/span><\/p>\n<h2 aria-level=\"2\"><b><span data-contrast=\"auto\">Comment se d\u00e9roule une chirurgie bariatrique au SBH Health ?<\/span><\/b><span data-ccp-props=\"{&quot;201341983&quot;:0,&quot;335559738&quot;:0,&quot;335559739&quot;:0,&quot;335559740&quot;:240}\">\u00a0<\/span><\/h2>\n<p><span data-ccp-props=\"{&quot;201341983&quot;:0,&quot;335559739&quot;:0,&quot;335559740&quot;:240}\">\u00a0<\/span><span data-contrast=\"auto\">Nous travaillons avec votre prestataire de soins primaires pour nous assurer que vous recevez les meilleurs soins possibles. Nous nous engageons \u00e0 ce que vous vous sentiez \u00e0 l'aise, en s\u00e9curit\u00e9 et soutenu tout au long de votre parcours de perte de poids. Cela inclut les soins avant et apr\u00e8s l'intervention chirurgicale.<\/span><span data-ccp-props=\"{&quot;201341983&quot;:0,&quot;335559739&quot;:0,&quot;335559740&quot;:240}\">\u00a0<\/span><\/p>\n<p><span data-ccp-props=\"{&quot;201341983&quot;:0,&quot;335559739&quot;:0,&quot;335559740&quot;:240}\">\u00a0<\/span><span data-contrast=\"auto\">Votre parcours commence avec un di\u00e9t\u00e9ticien et un professionnel de la sant\u00e9 mentale pour s'assurer que vous \u00eates pr\u00eat(e) \u00e0 subir cette intervention qui change votre vie. Votre m\u00e9decin discutera ensuite avec vous de la chirurgie qui vous convient le mieux en fonction de vos objectifs.<\/span><span data-ccp-props=\"{&quot;201341983&quot;:0,&quot;335559739&quot;:0,&quot;335559740&quot;:240}\">\u00a0<\/span><\/p>\n<p><span data-contrast=\"auto\">Pendant et apr\u00e8s l'intervention, vous aurez acc\u00e8s \u00e0 des groupes de soutien aux patients. Vous pouvez \u00e9galement profiter des programmes que nous proposons \u00e0 notre <\/span><strong><a href=\"\/fr\/health-wellness-center\/\">Centre de sant\u00e9 et de bien-\u00eatre<\/a><\/strong><span data-contrast=\"auto\"> pour vous aider \u00e0 changer votre mode de vie.\u00a0<\/span><span data-ccp-props=\"{&quot;201341983&quot;:0,&quot;335559739&quot;:0,&quot;335559740&quot;:240}\">\u00a0<\/span><\/p>\n<p><span data-contrast=\"auto\">Tous les membres du SBH Health System s'engagent \u00e0 fournir des soins personnalis\u00e9s et de qualit\u00e9 \u00e0 chaque \u00e9tape du processus.\u00a0<\/span><span data-ccp-props=\"{&quot;201341983&quot;:0,&quot;335559739&quot;:0,&quot;335559740&quot;:240}\">\u00a0<\/span><\/p>\n<p><span data-ccp-props=\"{&quot;201341983&quot;:0,&quot;335559739&quot;:0,&quot;335559740&quot;:240}\">\u00a0<\/span><span data-contrast=\"auto\">\"Nous n'allons pas traiter un patient comme un num\u00e9ro\", d\u00e9clare le pr\u00e9sident de la Commission europ\u00e9enne. <\/span><strong><a href=\"\/fr\/doctors\/corneliu-vulpe\/\">Corneliu Vulpe, MD<\/a><\/strong><span data-contrast=\"auto\">chef du programme bariatrique de SBH Health. \"Nous \u00e9tablissons des relations avec nos patients afin de comprendre leurs besoins sp\u00e9cifiques.<\/span><span data-ccp-props=\"{&quot;201341983&quot;:0,&quot;335559739&quot;:0,&quot;335559740&quot;:240}\">\u00a0<\/span><\/p>\n<p><span data-contrast=\"auto\">Le Dr Vulpe et son \u00e9quipe veillent \u00e0 ce que chaque patient comprenne les avantages que la chirurgie bariatrique aura pour lui. <\/span><strong><a href=\"https:\/\/www.nejm.org\/doi\/full\/10.1056\/NEJMoa1700459#:~:text=The%20weight%20increase%20between%20the%206%2Dyear%20and%2012%2Dyear%20follow%2Dup%20was%20minimal%2C%20near%2Dcomplete%20prevention%20of%20new%2Donset%20type%202%20diabetes%20was%20observed%2C%20and%20the%20remission%20rate%20of%20type%202%20diabetes%2012%20years%20after%20surgery%20was%2051%25.%20Substantial%20improvement%20was%20also%20seen%20in%20systolic%20hypertension%20and%20lipid%20levels.\">r\u00e9sultats en mati\u00e8re de sant\u00e9<\/a><\/strong><span data-contrast=\"auto\"> \u00e0 long terme.\u00a0<\/span><span data-ccp-props=\"{&quot;201341983&quot;:0,&quot;335559739&quot;:0,&quot;335559740&quot;:240}\">\u00a0<\/span><\/p>\n<h2><b><span data-contrast=\"auto\">Comment puis-je en savoir plus sur la chirurgie bariatrique au SBH Health ?\u00a0<\/span><\/b><span data-ccp-props=\"{&quot;201341983&quot;:0,&quot;335559738&quot;:0,&quot;335559739&quot;:0,&quot;335559740&quot;:240}\">\u00a0<\/span><\/h2>\n<p><span data-contrast=\"auto\">Si vous ne savez toujours pas si la chirurgie bariatrique est faite pour vous, <\/span><strong><a href=\"https:\/\/teams.microsoft.com\/l\/meetup-join\/19%3ameeting_MzZhMjAxZGUtMWU0Zi00YzJiLThjMjUtNzE1NjE3NTQ4NDVl%40thread.v2\/0?context=%7b%22Tid%22%3a%22f4fe4389-7cda-48b0-bca8-1b1ecc8be637%22%2c%22Oid%22%3a%22b7fb1314-445e-4a12-bfa8-aba8195ffcff%22%7d\">rejoignez-nous lors de notre prochaine <\/a><\/strong><span data-contrast=\"none\">S\u00e9minaire du 3 ao\u00fbt<\/span><span data-contrast=\"none\">rd<\/span><span data-contrast=\"none\"> \u00e0 17 heures via Microsoft Teams. <\/span><span data-contrast=\"auto\">Veuillez contacter Rebecca Koch pour vous inscrire \u00e0 un prochain s\u00e9minaire ou si vous avez des questions au (718) 960-3871 ou \u00e0 rkoch@sbhny.org.<\/span><span data-ccp-props=\"{&quot;201341983&quot;:0,&quot;335559739&quot;:0,&quot;335559740&quot;:240}\">\u00a0<\/span><\/p>\n<p>Posez des questions, \u00e9coutez nos m\u00e9decins et nos patients et obtenez les informations dont vous avez besoin pour prendre une d\u00e9cision \u00e9clair\u00e9e.<\/p>\n<p><span data-contrast=\"auto\">La perte de poids ne se r\u00e9sume pas \u00e0 l'ingestion et \u00e0 l'\u00e9limination de calories ou \u00e0 des chiffres sur une balance. Il s'agit \u00e9galement de prendre le contr\u00f4le de votre sant\u00e9 et de votre bien-\u00eatre afin de vivre pleinement votre vie. Laissez le SBH Health System vous aider \u00e0 reprendre le contr\u00f4le.<\/span><span data-ccp-props=\"{&quot;201341983&quot;:0,&quot;335559739&quot;:0,&quot;335559740&quot;:240}\">\u00a0<\/span><\/p>\n<p><span data-ccp-props=\"{&quot;201341983&quot;:0,&quot;335559739&quot;:0,&quot;335559740&quot;:240}\">\u00a0<\/span><\/p>\n  <\/div>\n<\/section>","protected":false},"excerpt":{"rendered":"","protected":false},"author":2,"featured_media":0,"parent":0,"menu_order":0,"comment_status":"closed","ping_status":"closed","template":"","meta":{"_acf_changed":true,"_eb_attr":"","_price":"","_stock":"","_tribe_ticket_header":"","_tribe_default_ticket_provider":"","_tribe_ticket_capacity":"0","_ticket_start_date":"","_ticket_end_date":"","_tribe_ticket_show_description":"","_tribe_ticket_show_not_going":false,"_tribe_ticket_use_global_stock":"","_tribe_ticket_global_stock_level":"","_global_stock_mode":"","_global_stock_cap":"","_tribe_rsvp_for_event":"","_tribe_ticket_going_count":"","_tribe_ticket_not_going_count":"","_tribe_tickets_list":"[]","_tribe_ticket_has_attendee_info_fields":false,"footnotes":""},"class_list":["post-5245","page","type-page","status-publish","hentry"],"acf":[],"yoast_head":"<!-- This site is optimized with the Yoast SEO plugin v26.5 - https:\/\/yoast.com\/wordpress\/plugins\/seo\/ -->\n<title>Bariatric surgery: a life-changing solution for weight loss - SBH Health System<\/title>\n<meta name=\"robots\" content=\"index, follow, max-snippet:-1, max-image-preview:large, max-video-preview:-1\" \/>\n<link rel=\"canonical\" href=\"https:\/\/www.sbhny.org\/fr\/bariatric-surgery-a-life-changing-solution-for-weight-loss\/\" \/>\n<meta property=\"og:locale\" content=\"fr_FR\" \/>\n<meta property=\"og:type\" content=\"article\" \/>\n<meta property=\"og:title\" content=\"Bariatric surgery: a life-changing solution for weight loss - SBH Health System\" \/>\n<meta property=\"og:url\" content=\"https:\/\/www.sbhny.org\/fr\/bariatric-surgery-a-life-changing-solution-for-weight-loss\/\" \/>\n<meta property=\"og:site_name\" content=\"SBH Health System\" \/>\n<meta property=\"article:publisher\" content=\"https:\/\/www.facebook.com\/SBHBronx\/\" \/>\n<meta property=\"article:modified_time\" content=\"2024-10-01T16:05:00+00:00\" \/>\n<meta name=\"twitter:card\" content=\"summary_large_image\" \/>\n<meta name=\"twitter:site\" content=\"@sbhbronx\" \/>\n<script type=\"application\/ld+json\" class=\"yoast-schema-graph\">{\"@context\":\"https:\/\/schema.org\",\"@graph\":[{\"@type\":\"WebPage\",\"@id\":\"https:\/\/www.sbhny.org\/bariatric-surgery-a-life-changing-solution-for-weight-loss\/\",\"url\":\"https:\/\/www.sbhny.org\/bariatric-surgery-a-life-changing-solution-for-weight-loss\/\",\"name\":\"Bariatric surgery: a life-changing solution for weight loss - SBH Health System\",\"isPartOf\":{\"@id\":\"https:\/\/www.sbhny.org\/#website\"},\"datePublished\":\"2024-09-30T04:45:30+00:00\",\"dateModified\":\"2024-10-01T16:05:00+00:00\",\"breadcrumb\":{\"@id\":\"https:\/\/www.sbhny.org\/bariatric-surgery-a-life-changing-solution-for-weight-loss\/#breadcrumb\"},\"inLanguage\":\"fr-FR\",\"potentialAction\":[{\"@type\":\"ReadAction\",\"target\":[\"https:\/\/www.sbhny.org\/bariatric-surgery-a-life-changing-solution-for-weight-loss\/\"]}]},{\"@type\":\"BreadcrumbList\",\"@id\":\"https:\/\/www.sbhny.org\/bariatric-surgery-a-life-changing-solution-for-weight-loss\/#breadcrumb\",\"itemListElement\":[{\"@type\":\"ListItem\",\"position\":1,\"name\":\"Home\",\"item\":\"https:\/\/www.sbhny.org\/\"},{\"@type\":\"ListItem\",\"position\":2,\"name\":\"Bariatric surgery: a life-changing solution for weight loss\"}]},{\"@type\":\"WebSite\",\"@id\":\"https:\/\/www.sbhny.org\/#website\",\"url\":\"https:\/\/www.sbhny.org\/\",\"name\":\"SBH Health System\",\"description\":\"\",\"potentialAction\":[{\"@type\":\"SearchAction\",\"target\":{\"@type\":\"EntryPoint\",\"urlTemplate\":\"https:\/\/www.sbhny.org\/?s={search_term_string}\"},\"query-input\":{\"@type\":\"PropertyValueSpecification\",\"valueRequired\":true,\"valueName\":\"search_term_string\"}}],\"inLanguage\":\"fr-FR\"}]}<\/script>\n<!-- \/ Yoast SEO plugin. -->","yoast_head_json":{"title":"Bariatric surgery: a life-changing solution for weight loss - SBH Health System","robots":{"index":"index","follow":"follow","max-snippet":"max-snippet:-1","max-image-preview":"max-image-preview:large","max-video-preview":"max-video-preview:-1"},"canonical":"https:\/\/www.sbhny.org\/fr\/bariatric-surgery-a-life-changing-solution-for-weight-loss\/","og_locale":"fr_FR","og_type":"article","og_title":"Bariatric surgery: a life-changing solution for weight loss - SBH Health System","og_url":"https:\/\/www.sbhny.org\/fr\/bariatric-surgery-a-life-changing-solution-for-weight-loss\/","og_site_name":"SBH Health System","article_publisher":"https:\/\/www.facebook.com\/SBHBronx\/","article_modified_time":"2024-10-01T16:05:00+00:00","twitter_card":"summary_large_image","twitter_site":"@sbhbronx","schema":{"@context":"https:\/\/schema.org","@graph":[{"@type":"WebPage","@id":"https:\/\/www.sbhny.org\/bariatric-surgery-a-life-changing-solution-for-weight-loss\/","url":"https:\/\/www.sbhny.org\/bariatric-surgery-a-life-changing-solution-for-weight-loss\/","name":"Bariatric surgery: a life-changing solution for weight loss - SBH Health System","isPartOf":{"@id":"https:\/\/www.sbhny.org\/#website"},"datePublished":"2024-09-30T04:45:30+00:00","dateModified":"2024-10-01T16:05:00+00:00","breadcrumb":{"@id":"https:\/\/www.sbhny.org\/bariatric-surgery-a-life-changing-solution-for-weight-loss\/#breadcrumb"},"inLanguage":"fr-FR","potentialAction":[{"@type":"ReadAction","target":["https:\/\/www.sbhny.org\/bariatric-surgery-a-life-changing-solution-for-weight-loss\/"]}]},{"@type":"BreadcrumbList","@id":"https:\/\/www.sbhny.org\/bariatric-surgery-a-life-changing-solution-for-weight-loss\/#breadcrumb","itemListElement":[{"@type":"ListItem","position":1,"name":"Home","item":"https:\/\/www.sbhny.org\/"},{"@type":"ListItem","position":2,"name":"Bariatric surgery: a life-changing solution for weight loss"}]},{"@type":"WebSite","@id":"https:\/\/www.sbhny.org\/#website","url":"https:\/\/www.sbhny.org\/","name":"Syst\u00e8me de sant\u00e9 SBH","description":"","potentialAction":[{"@type":"SearchAction","target":{"@type":"EntryPoint","urlTemplate":"https:\/\/www.sbhny.org\/?s={search_term_string}"},"query-input":{"@type":"PropertyValueSpecification","valueRequired":true,"valueName":"search_term_string"}}],"inLanguage":"fr-FR"}]}},"_links":{"self":[{"href":"https:\/\/www.sbhny.org\/fr\/wp-json\/wp\/v2\/pages\/5245","targetHints":{"allow":["GET"]}}],"collection":[{"href":"https:\/\/www.sbhny.org\/fr\/wp-json\/wp\/v2\/pages"}],"about":[{"href":"https:\/\/www.sbhny.org\/fr\/wp-json\/wp\/v2\/types\/page"}],"author":[{"embeddable":true,"href":"https:\/\/www.sbhny.org\/fr\/wp-json\/wp\/v2\/users\/2"}],"replies":[{"embeddable":true,"href":"https:\/\/www.sbhny.org\/fr\/wp-json\/wp\/v2\/comments?post=5245"}],"version-history":[{"count":0,"href":"https:\/\/www.sbhny.org\/fr\/wp-json\/wp\/v2\/pages\/5245\/revisions"}],"wp:attachment":[{"href":"https:\/\/www.sbhny.org\/fr\/wp-json\/wp\/v2\/media?parent=5245"}],"curies":[{"name":"wp","href":"https:\/\/api.w.org\/{rel}","templated":true}]}}