{"id":5272,"date":"2024-09-30T15:36:43","date_gmt":"2024-09-30T15:36:43","guid":{"rendered":"https:\/\/sbhny.wpenginepowered.com\/?page_id=5272"},"modified":"2024-10-16T13:56:38","modified_gmt":"2024-10-16T13:56:38","slug":"breast-health-4-common-concerns-and-myths","status":"publish","type":"page","link":"https:\/\/www.sbhny.org\/fr\/breast-health-4-common-concerns-and-myths\/","title":{"rendered":"Sant\u00e9 des seins : 4 pr\u00e9occupations et mythes courants"},"content":{"rendered":"<section class=\"image-twocol-hero background-image\">\n  <div class=\"max-width standard-spacing twocol-row\">\n\n          <div class=\"image-col twocol-col\" style=\"background-image: url('https:\/\/www.sbhny.org\/wp-content\/uploads\/2024\/09\/Breast-Health-s.jpg');\"><\/div>\n    \n\n    <div class=\"content-col twocol-col\">\n              <h1 class=\"main-heading\">Sant\u00e9 des seins : 4 pr\u00e9occupations et mythes courants<\/h1>\n            <div class=\"body-copy\">\n              <\/div>\n      \n        \n      \n          <\/div>\n  <\/div>\n<\/section>\n\n<section class=\"text-block white-background\">\n  <div class=\"small-max-width standard-spacing body-copy\">\n    <p>Qu'il s'agisse de s'occuper d'un parent vieillissant ou de mettre le d\u00eener sur la table, le r\u00f4le de m\u00e8re est tr\u00e8s prenant.<\/p>\n<p>Nous comprenons qu'il est difficile de se concentrer sur ses propres besoins. Par cons\u00e9quent, votre sant\u00e9 est rel\u00e9gu\u00e9e au second plan, y compris les soins mammaires.<\/p>\n<p>Mais lorsqu'il s'agit de la sant\u00e9 des seins, prendre soin de soi signifie que l'on peut prendre soin de ceux que l'on aime. Voici quatre questions et r\u00e9ponses courantes sur les soins mammaires que vous devez conna\u00eetre.<\/p>\n<h2>Ai-je besoin d'une mammographie si je contr\u00f4le moi-m\u00eame mes seins ?<\/h2>\n<p>Oui, c'est vrai.<\/p>\n<p>L'examen des seins est une bonne chose, mais il ne peut pas remplacer une mammographie. Une mammographie est une sorte de radiographie de vos seins. Elle permet de d\u00e9tecter de minuscules grosseurs <strong><a href=\"https:\/\/www.cdc.gov\/breast-cancer\/about\/mammograms.html?CDC_AAref_Val=https:\/\/www.cdc.gov\/cancer\/breast\/basic_info\/mammograms.htm\">jusqu'\u00e0 trois ans<\/a><\/strong> avant de les sentir.<\/p>\n<p>Les femmes devraient commencer \u00e0 passer des mammographies d\u00e8s l'\u00e2ge de 40 ans. En effet, le d\u00e9pistage pr\u00e9coce du cancer du sein peut sauver des vies.<\/p>\n<p>Voici quelques chiffres. La probabilit\u00e9 de survivre au cancer cinq ans apr\u00e8s le diagnostic pour les deux premiers stades du cancer du sein est de 100%. Et pour le stade 3, la probabilit\u00e9 est de 93%.<\/p>\n<p>Si une personne de votre famille a eu un cancer du sein, vous devriez commencer le d\u00e9pistage plus t\u00f4t. Bert Petersen Jr, MD, directeur de la division de la sant\u00e9 du sein au SBH Health System, explique.<\/p>\n<p>\"Si votre s\u0153ur a eu un cancer du sein \u00e0 42 ans, votre premi\u00e8re mammographie devrait avoir lieu \u00e0 32 ans\", explique le Dr Petersen. \"Si votre m\u00e8re a eu un cancer du sein \u00e0 36 ans, votre premi\u00e8re mammographie devrait avoir lieu \u00e0 26 ans.<\/p>\n<h3>La mammographie 3D au SBH<\/h3>\n<p>Le SBH propose une mammographie en 3D, qui donne une image plus claire et facilite la d\u00e9tection des probl\u00e8mes.<\/p>\n<p>\"La mammographie 3D permet de voir \u00e0 travers les tissus mammaires denses\", explique le Dr Petersen.<\/p>\n<h2>Suis-je trop jeune pour me pr\u00e9occuper de la sant\u00e9 de mes seins ?<\/h2>\n<p>Non, le cancer du sein peut survenir \u00e0 tout \u00e2ge.<\/p>\n<p>Elle est plus fr\u00e9quente chez les femmes \u00e2g\u00e9es, mais environ <strong><a href=\"https:\/\/www.cdc.gov\/cancer\/breast\/young_women\/bringyourbrave\/breast_cancer_young_women\/index.htm#:~:text=Breast%20cancer%20is%20the%20second,than%2045%20years%20of%20age.\">9% de nouveaux cas de cancer du sein<\/a><\/strong> sont observ\u00e9s chez les femmes de moins de 45 ans. Par ailleurs, le Dr Peterson a indiqu\u00e9 que \"dans les populations noires et latines, le cancer du sein tend \u00e0 appara\u00eetre plus t\u00f4t\".<\/p>\n<p>Il recommande de proc\u00e9der \u00e0 un auto-examen au moins une fois par mois pour vous aider \u00e0 rep\u00e9rer les changements dans vos seins. Essayez d'examiner vos seins la semaine suivant vos r\u00e8gles, lorsqu'ils sont moins susceptibles d'\u00eatre gonfl\u00e9s ou sensibles.<\/p>\n<h2>La mammographie me fera-t-elle mal ou me donnera-t-elle trop de radiations ?<\/h2>\n<p>La quantit\u00e9 de radiations \u00e9mises lors d'une mammographie <strong><a href=\"https:\/\/www.cancer.org\/cancer\/types\/breast-cancer\/screening-tests-and-early-detection\/mammograms\/mammogram-basics.html#:~:text=The%20dose%20of%20radiation%20used,surroundings%20over%20about%207%20weeks.\">est faible<\/a><\/strong>.<\/p>\n<p>\"Il faudrait environ 40 000 mammographies par an pour obtenir une dose significative\", explique M. Petersen.<\/p>\n<p>Les avantages de la mammographie l'emportent sur les risques, car elle permet \u00e0 votre m\u00e9decin de d\u00e9tecter les probl\u00e8mes plus t\u00f4t. Et plus le probl\u00e8me est d\u00e9tect\u00e9 t\u00f4t, plus vous avez de chances de recevoir le traitement dont vous avez besoin pour gu\u00e9rir.<\/p>\n<p>De nombreuses patientes n'aiment pas les mammographies en raison de la douleur caus\u00e9e par la compression des seins. Pour r\u00e9duire la douleur, \u00e9vitez de programmer les mammographies pendant la p\u00e9riode de l'ann\u00e9e. <strong><a href=\"https:\/\/www.cancer.org\/cancer\/types\/breast-cancer\/screening-tests-and-early-detection\/mammograms\/mammograms-what-to-know-before-you-go.html#:~:text=Schedule%20your%20mammogram%20for%20when%20your%C2%A0breasts%20aren%27t%20likely%20to%20be%20tender%20or%20swollen%2C%20to%20help%20reduce%20discomfort%20and%20get%20good%C2%A0pictures.%20Try%20to%20avoid%20the%20week%20just%20before%20your%20period.\">semaine avant les r\u00e8gles<\/a><\/strong>. C'est \u00e0 ce moment-l\u00e0 que vos seins sont plus sensibles. N'oubliez pas que la douleur ne dure que quelques secondes.<\/p>\n<h2>Que se passe-t-il si je n'ai pas d'assurance et que je n'ai pas les moyens de payer une mammographie ?<\/h2>\n<p>M\u00eame si vous pensez ne pas avoir les moyens de passer une mammographie, il existe des options.<\/p>\n<p>Par exemple, le SBH Health System propose des services de mammographie mobiles gratuits. L'unit\u00e9 mobile de mammographie permet au SBH d'apporter le d\u00e9pistage aux patients.<\/p>\n<p>\"Nous avons le programme de mammographie mobile, qui touche tous les codes postaux du Bronx\", explique le Dr Petersen.<\/p>\n<p>Le <strong><a href=\"https:\/\/www.health.ny.gov\/diseases\/cancer\/services\/\">Programme de services de lutte contre le cancer de l'\u00c9tat de New York<\/a><\/strong> propose \u00e9galement des d\u00e9pistages gratuits du cancer du sein.<\/p>\n<p>Les mammographies sont importantes, mais la qualit\u00e9 des soins l'est tout autant. Et pour fournir des soins de qualit\u00e9, les m\u00e9decins doivent \u00e9couter les patients et comprendre leurs besoins. C'est pourquoi le SBH utilise des dispositifs de traduction pour faciliter les conversations avec les patients qui parlent espagnol ou d'autres langues.<\/p>\n<h2>Planifiez votre mammographie aujourd'hui<\/h2>\n<p>N'oubliez pas que vous ne pouvez pas prendre soin de vos proches si vous ne vous occupez pas d'abord de vous-m\u00eame. Faites donc de votre sant\u00e9 une priorit\u00e9 et prenez rendez-vous pour une mammographie d\u00e8s aujourd'hui.<\/p>\n<p>Pour plus d'informations, visitez le site <strong><a href=\"\/fr\/our-services\/breast-health\/\">notre site web<\/a><\/strong> Appeler <strong><a href=\"tel:7189603730\">(718) 960-3730 <\/a><\/strong>pour programmer un d\u00e9pistage.<\/p>\n  <\/div>\n<\/section>","protected":false},"excerpt":{"rendered":"","protected":false},"author":2,"featured_media":0,"parent":0,"menu_order":0,"comment_status":"closed","ping_status":"closed","template":"","meta":{"_acf_changed":true,"_eb_attr":"","_price":"","_stock":"","_tribe_ticket_header":"","_tribe_default_ticket_provider":"","_tribe_ticket_capacity":"0","_ticket_start_date":"","_ticket_end_date":"","_tribe_ticket_show_description":"","_tribe_ticket_show_not_going":false,"_tribe_ticket_use_global_stock":"","_tribe_ticket_global_stock_level":"","_global_stock_mode":"","_global_stock_cap":"","_tribe_rsvp_for_event":"","_tribe_ticket_going_count":"","_tribe_ticket_not_going_count":"","_tribe_tickets_list":"[]","_tribe_ticket_has_attendee_info_fields":false,"footnotes":""},"class_list":["post-5272","page","type-page","status-publish","hentry"],"acf":[],"yoast_head":"<!-- This site is optimized with the Yoast SEO plugin v26.5 - https:\/\/yoast.com\/wordpress\/plugins\/seo\/ -->\n<title>Breast health: 4 common concerns and myths - SBH Health System<\/title>\n<meta name=\"robots\" content=\"index, follow, max-snippet:-1, max-image-preview:large, max-video-preview:-1\" \/>\n<link rel=\"canonical\" href=\"https:\/\/www.sbhny.org\/fr\/breast-health-4-common-concerns-and-myths\/\" \/>\n<meta property=\"og:locale\" content=\"fr_FR\" \/>\n<meta property=\"og:type\" content=\"article\" \/>\n<meta property=\"og:title\" content=\"Breast health: 4 common concerns and myths - SBH Health System\" \/>\n<meta property=\"og:url\" content=\"https:\/\/www.sbhny.org\/fr\/breast-health-4-common-concerns-and-myths\/\" \/>\n<meta property=\"og:site_name\" content=\"SBH Health System\" \/>\n<meta property=\"article:publisher\" content=\"https:\/\/www.facebook.com\/SBHBronx\/\" \/>\n<meta property=\"article:modified_time\" content=\"2024-10-16T13:56:38+00:00\" \/>\n<meta name=\"twitter:card\" content=\"summary_large_image\" \/>\n<meta name=\"twitter:site\" content=\"@sbhbronx\" \/>\n<script type=\"application\/ld+json\" class=\"yoast-schema-graph\">{\"@context\":\"https:\/\/schema.org\",\"@graph\":[{\"@type\":\"WebPage\",\"@id\":\"https:\/\/www.sbhny.org\/breast-health-4-common-concerns-and-myths\/\",\"url\":\"https:\/\/www.sbhny.org\/breast-health-4-common-concerns-and-myths\/\",\"name\":\"Breast health: 4 common concerns and myths - SBH Health System\",\"isPartOf\":{\"@id\":\"https:\/\/www.sbhny.org\/#website\"},\"datePublished\":\"2024-09-30T15:36:43+00:00\",\"dateModified\":\"2024-10-16T13:56:38+00:00\",\"breadcrumb\":{\"@id\":\"https:\/\/www.sbhny.org\/breast-health-4-common-concerns-and-myths\/#breadcrumb\"},\"inLanguage\":\"fr-FR\",\"potentialAction\":[{\"@type\":\"ReadAction\",\"target\":[\"https:\/\/www.sbhny.org\/breast-health-4-common-concerns-and-myths\/\"]}]},{\"@type\":\"BreadcrumbList\",\"@id\":\"https:\/\/www.sbhny.org\/breast-health-4-common-concerns-and-myths\/#breadcrumb\",\"itemListElement\":[{\"@type\":\"ListItem\",\"position\":1,\"name\":\"Home\",\"item\":\"https:\/\/www.sbhny.org\/\"},{\"@type\":\"ListItem\",\"position\":2,\"name\":\"Breast health: 4 common concerns and myths\"}]},{\"@type\":\"WebSite\",\"@id\":\"https:\/\/www.sbhny.org\/#website\",\"url\":\"https:\/\/www.sbhny.org\/\",\"name\":\"SBH Health System\",\"description\":\"\",\"potentialAction\":[{\"@type\":\"SearchAction\",\"target\":{\"@type\":\"EntryPoint\",\"urlTemplate\":\"https:\/\/www.sbhny.org\/?s={search_term_string}\"},\"query-input\":{\"@type\":\"PropertyValueSpecification\",\"valueRequired\":true,\"valueName\":\"search_term_string\"}}],\"inLanguage\":\"fr-FR\"}]}<\/script>\n<!-- \/ Yoast SEO plugin. -->","yoast_head_json":{"title":"Breast health: 4 common concerns and myths - SBH Health System","robots":{"index":"index","follow":"follow","max-snippet":"max-snippet:-1","max-image-preview":"max-image-preview:large","max-video-preview":"max-video-preview:-1"},"canonical":"https:\/\/www.sbhny.org\/fr\/breast-health-4-common-concerns-and-myths\/","og_locale":"fr_FR","og_type":"article","og_title":"Breast health: 4 common concerns and myths - SBH Health System","og_url":"https:\/\/www.sbhny.org\/fr\/breast-health-4-common-concerns-and-myths\/","og_site_name":"SBH Health System","article_publisher":"https:\/\/www.facebook.com\/SBHBronx\/","article_modified_time":"2024-10-16T13:56:38+00:00","twitter_card":"summary_large_image","twitter_site":"@sbhbronx","schema":{"@context":"https:\/\/schema.org","@graph":[{"@type":"WebPage","@id":"https:\/\/www.sbhny.org\/breast-health-4-common-concerns-and-myths\/","url":"https:\/\/www.sbhny.org\/breast-health-4-common-concerns-and-myths\/","name":"Breast health: 4 common concerns and myths - SBH Health System","isPartOf":{"@id":"https:\/\/www.sbhny.org\/#website"},"datePublished":"2024-09-30T15:36:43+00:00","dateModified":"2024-10-16T13:56:38+00:00","breadcrumb":{"@id":"https:\/\/www.sbhny.org\/breast-health-4-common-concerns-and-myths\/#breadcrumb"},"inLanguage":"fr-FR","potentialAction":[{"@type":"ReadAction","target":["https:\/\/www.sbhny.org\/breast-health-4-common-concerns-and-myths\/"]}]},{"@type":"BreadcrumbList","@id":"https:\/\/www.sbhny.org\/breast-health-4-common-concerns-and-myths\/#breadcrumb","itemListElement":[{"@type":"ListItem","position":1,"name":"Home","item":"https:\/\/www.sbhny.org\/"},{"@type":"ListItem","position":2,"name":"Breast health: 4 common concerns and myths"}]},{"@type":"WebSite","@id":"https:\/\/www.sbhny.org\/#website","url":"https:\/\/www.sbhny.org\/","name":"Syst\u00e8me de sant\u00e9 SBH","description":"","potentialAction":[{"@type":"SearchAction","target":{"@type":"EntryPoint","urlTemplate":"https:\/\/www.sbhny.org\/?s={search_term_string}"},"query-input":{"@type":"PropertyValueSpecification","valueRequired":true,"valueName":"search_term_string"}}],"inLanguage":"fr-FR"}]}},"_links":{"self":[{"href":"https:\/\/www.sbhny.org\/fr\/wp-json\/wp\/v2\/pages\/5272","targetHints":{"allow":["GET"]}}],"collection":[{"href":"https:\/\/www.sbhny.org\/fr\/wp-json\/wp\/v2\/pages"}],"about":[{"href":"https:\/\/www.sbhny.org\/fr\/wp-json\/wp\/v2\/types\/page"}],"author":[{"embeddable":true,"href":"https:\/\/www.sbhny.org\/fr\/wp-json\/wp\/v2\/users\/2"}],"replies":[{"embeddable":true,"href":"https:\/\/www.sbhny.org\/fr\/wp-json\/wp\/v2\/comments?post=5272"}],"version-history":[{"count":0,"href":"https:\/\/www.sbhny.org\/fr\/wp-json\/wp\/v2\/pages\/5272\/revisions"}],"wp:attachment":[{"href":"https:\/\/www.sbhny.org\/fr\/wp-json\/wp\/v2\/media?parent=5272"}],"curies":[{"name":"wp","href":"https:\/\/api.w.org\/{rel}","templated":true}]}}