{"id":5279,"date":"2024-09-30T15:45:12","date_gmt":"2024-09-30T15:45:12","guid":{"rendered":"https:\/\/sbhny.wpenginepowered.com\/?page_id=5279"},"modified":"2024-09-30T15:49:15","modified_gmt":"2024-09-30T15:49:15","slug":"help-your-child-see-their-best-so-they-can-learn-their-best","status":"publish","type":"page","link":"https:\/\/www.sbhny.org\/fr\/help-your-child-see-their-best-so-they-can-learn-their-best\/","title":{"rendered":"Aidez votre enfant \u00e0 voir ce qu'il a de meilleur pour qu'il puisse apprendre ce qu'il a de meilleur."},"content":{"rendered":"<section class=\"image-twocol-hero background-image\">\n  <div class=\"max-width standard-spacing twocol-row\">\n\n          <div class=\"image-col twocol-col\" style=\"background-image: url('https:\/\/www.sbhny.org\/wp-content\/uploads\/2024\/09\/Eye-Care-s.jpg');\"><\/div>\n    \n\n    <div class=\"content-col twocol-col\">\n              <h1 class=\"main-heading\">Aidez votre enfant \u00e0 voir ce qu'il a de meilleur pour qu'il puisse apprendre ce qu'il a de meilleur.<\/h1>\n            <div class=\"body-copy\">\n              <\/div>\n      \n        \n      \n          <\/div>\n  <\/div>\n<\/section>\n\n<section class=\"text-block white-background\">\n  <div class=\"small-max-width standard-spacing body-copy\">\n    <p>Vous voulez donner \u00e0 votre enfant la meilleure \u00e9ducation possible. Mais la qualit\u00e9 de l'apprentissage d\u00e9pend de la qualit\u00e9 de la vision. C'est pourquoi il est important de faire contr\u00f4ler sa vue au d\u00e9but de chaque ann\u00e9e scolaire.<\/p>\n<p>Les enfants ont besoin de contr\u00f4les oculaires r\u00e9guliers parce qu'ils sont en pleine croissance, d\u00e9clare le directeur de l'optom\u00e9trie du SBH Health System. <strong><a href=\"\/fr\/doctors\/rebecca-moran\/\">Rebecca Moran, OD<\/a><\/strong>. En fait, la vision ne se d\u00e9veloppe pas compl\u00e8tement avant l'\u00e2ge de 7 ans. Cela signifie que, m\u00eame si votre enfant porte d\u00e9j\u00e0 des lunettes, il peut avoir besoin d'une nouvelle ordonnance chaque ann\u00e9e. Il se peut aussi qu'il ait besoin de lunettes cette ann\u00e9e, m\u00eame s'il n'en avait pas besoin l'ann\u00e9e derni\u00e8re.<\/p>\n<p>Il est important de faire porter des lunettes aux enfants lorsqu'ils sont jeunes, dit le Dr Moran. Les enfants qui ont des probl\u00e8mes de vue et qui ne sont pas trait\u00e9s avant l'\u00e2ge de 7 ans peuvent se retrouver avec une mauvaise vue permanente.<\/p>\n<p>Il est \u00e9galement important de savoir que les enfants ne sont pas toujours les mieux plac\u00e9s pour expliquer leurs probl\u00e8mes de vue. \"Ils peuvent dire qu'ils voient bien, mais lorsqu'ils se pr\u00e9sentent \u00e0 l'examen, ils ne peuvent pas lire les plus grosses lettres du test\", explique le Dr Moran.<\/p>\n<h2>Signes indiquant que votre enfant peut avoir besoin de lunettes<\/h2>\n<p>Certains enfants peuvent vous dire que le tableau de l'\u00e9cole est flou ou que les mots d'un livre ne sont pas clairs. Mais d'autres peuvent penser qu'ils voient comme tout le monde et ne pas se rendre compte qu'il s'agit d'un probl\u00e8me. Dans ces cas-l\u00e0, il y a des signes \u00e0 observer qui peuvent signifier qu'il est temps d'emmener votre enfant chez un ophtalmologiste.<\/p>\n<p>En voici quelques-unes :<\/p>\n<p>- Plisser les yeux<br \/>\n- Frottement des yeux<br \/>\n- Tourner souvent la t\u00eate pour regarder quelque chose<br \/>\n- Ne pas vouloir lire ou dire qu'ils ont mal \u00e0 la t\u00eate lorsqu'ils lisent<\/p>\n<h2>Nos experts en ophtalmologie peuvent vous aider<\/h2>\n<p>Si les examens oculaires r\u00e9guliers pr\u00e9sentent de nombreux avantages, le principal est d'aider votre enfant \u00e0 mieux voir.<\/p>\n<p>Les lunettes peuvent aider les enfants \u00e0 r\u00e9soudre toutes sortes de probl\u00e8mes de vision, de la correction de l'alignement au traitement de la myopie ou de l'astigmatisme (un probl\u00e8me courant qui signifie que la forme de l'\u0153il est plus courb\u00e9e qu'elle ne devrait l'\u00eatre).<\/p>\n<p>\"Lorsque les enfants ont besoin d'une ordonnance pour des lunettes, ils en ont besoin\", explique le Dr Moran. \"Nous ne les leur donnerions pas s'ils n'en avaient pas besoin. Vous voulez que votre enfant porte ses lunettes pour qu'il puisse voir au mieux et, par cons\u00e9quent, apprendre au mieux.<\/p>\n<p><strong><a href=\"\/fr\/find-a-doctor\/\"><em>Trouver un ophtalmologiste<\/em><\/a><\/strong>.<\/p>\n  <\/div>\n<\/section>","protected":false},"excerpt":{"rendered":"","protected":false},"author":2,"featured_media":0,"parent":0,"menu_order":0,"comment_status":"closed","ping_status":"closed","template":"","meta":{"_acf_changed":false,"_eb_attr":"","_price":"","_stock":"","_tribe_ticket_header":"","_tribe_default_ticket_provider":"","_tribe_ticket_capacity":"0","_ticket_start_date":"","_ticket_end_date":"","_tribe_ticket_show_description":"","_tribe_ticket_show_not_going":false,"_tribe_ticket_use_global_stock":"","_tribe_ticket_global_stock_level":"","_global_stock_mode":"","_global_stock_cap":"","_tribe_rsvp_for_event":"","_tribe_ticket_going_count":"","_tribe_ticket_not_going_count":"","_tribe_tickets_list":"[]","_tribe_ticket_has_attendee_info_fields":false,"footnotes":""},"class_list":["post-5279","page","type-page","status-publish","hentry"],"acf":[],"yoast_head":"<!-- This site is optimized with the Yoast SEO plugin v26.5 - https:\/\/yoast.com\/wordpress\/plugins\/seo\/ -->\n<title>Help your child see their best so they can learn their best - SBH Health System<\/title>\n<meta name=\"robots\" content=\"index, follow, max-snippet:-1, max-image-preview:large, max-video-preview:-1\" \/>\n<link rel=\"canonical\" href=\"https:\/\/www.sbhny.org\/fr\/help-your-child-see-their-best-so-they-can-learn-their-best\/\" \/>\n<meta property=\"og:locale\" content=\"fr_FR\" \/>\n<meta property=\"og:type\" content=\"article\" \/>\n<meta property=\"og:title\" content=\"Help your child see their best so they can learn their best - SBH Health System\" \/>\n<meta property=\"og:url\" content=\"https:\/\/www.sbhny.org\/fr\/help-your-child-see-their-best-so-they-can-learn-their-best\/\" \/>\n<meta property=\"og:site_name\" content=\"SBH Health System\" \/>\n<meta property=\"article:publisher\" content=\"https:\/\/www.facebook.com\/SBHBronx\/\" \/>\n<meta property=\"article:modified_time\" content=\"2024-09-30T15:49:15+00:00\" \/>\n<meta name=\"twitter:card\" content=\"summary_large_image\" \/>\n<meta name=\"twitter:site\" content=\"@sbhbronx\" \/>\n<script type=\"application\/ld+json\" class=\"yoast-schema-graph\">{\"@context\":\"https:\/\/schema.org\",\"@graph\":[{\"@type\":\"WebPage\",\"@id\":\"https:\/\/www.sbhny.org\/help-your-child-see-their-best-so-they-can-learn-their-best\/\",\"url\":\"https:\/\/www.sbhny.org\/help-your-child-see-their-best-so-they-can-learn-their-best\/\",\"name\":\"Help your child see their best so they can learn their best - SBH Health System\",\"isPartOf\":{\"@id\":\"https:\/\/www.sbhny.org\/#website\"},\"datePublished\":\"2024-09-30T15:45:12+00:00\",\"dateModified\":\"2024-09-30T15:49:15+00:00\",\"breadcrumb\":{\"@id\":\"https:\/\/www.sbhny.org\/help-your-child-see-their-best-so-they-can-learn-their-best\/#breadcrumb\"},\"inLanguage\":\"fr-FR\",\"potentialAction\":[{\"@type\":\"ReadAction\",\"target\":[\"https:\/\/www.sbhny.org\/help-your-child-see-their-best-so-they-can-learn-their-best\/\"]}]},{\"@type\":\"BreadcrumbList\",\"@id\":\"https:\/\/www.sbhny.org\/help-your-child-see-their-best-so-they-can-learn-their-best\/#breadcrumb\",\"itemListElement\":[{\"@type\":\"ListItem\",\"position\":1,\"name\":\"Home\",\"item\":\"https:\/\/www.sbhny.org\/\"},{\"@type\":\"ListItem\",\"position\":2,\"name\":\"Help your child see their best so they can learn their best\"}]},{\"@type\":\"WebSite\",\"@id\":\"https:\/\/www.sbhny.org\/#website\",\"url\":\"https:\/\/www.sbhny.org\/\",\"name\":\"SBH Health System\",\"description\":\"\",\"potentialAction\":[{\"@type\":\"SearchAction\",\"target\":{\"@type\":\"EntryPoint\",\"urlTemplate\":\"https:\/\/www.sbhny.org\/?s={search_term_string}\"},\"query-input\":{\"@type\":\"PropertyValueSpecification\",\"valueRequired\":true,\"valueName\":\"search_term_string\"}}],\"inLanguage\":\"fr-FR\"}]}<\/script>\n<!-- \/ Yoast SEO plugin. -->","yoast_head_json":{"title":"Help your child see their best so they can learn their best - SBH Health System","robots":{"index":"index","follow":"follow","max-snippet":"max-snippet:-1","max-image-preview":"max-image-preview:large","max-video-preview":"max-video-preview:-1"},"canonical":"https:\/\/www.sbhny.org\/fr\/help-your-child-see-their-best-so-they-can-learn-their-best\/","og_locale":"fr_FR","og_type":"article","og_title":"Help your child see their best so they can learn their best - SBH Health System","og_url":"https:\/\/www.sbhny.org\/fr\/help-your-child-see-their-best-so-they-can-learn-their-best\/","og_site_name":"SBH Health System","article_publisher":"https:\/\/www.facebook.com\/SBHBronx\/","article_modified_time":"2024-09-30T15:49:15+00:00","twitter_card":"summary_large_image","twitter_site":"@sbhbronx","schema":{"@context":"https:\/\/schema.org","@graph":[{"@type":"WebPage","@id":"https:\/\/www.sbhny.org\/help-your-child-see-their-best-so-they-can-learn-their-best\/","url":"https:\/\/www.sbhny.org\/help-your-child-see-their-best-so-they-can-learn-their-best\/","name":"Help your child see their best so they can learn their best - SBH Health System","isPartOf":{"@id":"https:\/\/www.sbhny.org\/#website"},"datePublished":"2024-09-30T15:45:12+00:00","dateModified":"2024-09-30T15:49:15+00:00","breadcrumb":{"@id":"https:\/\/www.sbhny.org\/help-your-child-see-their-best-so-they-can-learn-their-best\/#breadcrumb"},"inLanguage":"fr-FR","potentialAction":[{"@type":"ReadAction","target":["https:\/\/www.sbhny.org\/help-your-child-see-their-best-so-they-can-learn-their-best\/"]}]},{"@type":"BreadcrumbList","@id":"https:\/\/www.sbhny.org\/help-your-child-see-their-best-so-they-can-learn-their-best\/#breadcrumb","itemListElement":[{"@type":"ListItem","position":1,"name":"Home","item":"https:\/\/www.sbhny.org\/"},{"@type":"ListItem","position":2,"name":"Help your child see their best so they can learn their best"}]},{"@type":"WebSite","@id":"https:\/\/www.sbhny.org\/#website","url":"https:\/\/www.sbhny.org\/","name":"Syst\u00e8me de sant\u00e9 SBH","description":"","potentialAction":[{"@type":"SearchAction","target":{"@type":"EntryPoint","urlTemplate":"https:\/\/www.sbhny.org\/?s={search_term_string}"},"query-input":{"@type":"PropertyValueSpecification","valueRequired":true,"valueName":"search_term_string"}}],"inLanguage":"fr-FR"}]}},"_links":{"self":[{"href":"https:\/\/www.sbhny.org\/fr\/wp-json\/wp\/v2\/pages\/5279","targetHints":{"allow":["GET"]}}],"collection":[{"href":"https:\/\/www.sbhny.org\/fr\/wp-json\/wp\/v2\/pages"}],"about":[{"href":"https:\/\/www.sbhny.org\/fr\/wp-json\/wp\/v2\/types\/page"}],"author":[{"embeddable":true,"href":"https:\/\/www.sbhny.org\/fr\/wp-json\/wp\/v2\/users\/2"}],"replies":[{"embeddable":true,"href":"https:\/\/www.sbhny.org\/fr\/wp-json\/wp\/v2\/comments?post=5279"}],"version-history":[{"count":0,"href":"https:\/\/www.sbhny.org\/fr\/wp-json\/wp\/v2\/pages\/5279\/revisions"}],"wp:attachment":[{"href":"https:\/\/www.sbhny.org\/fr\/wp-json\/wp\/v2\/media?parent=5279"}],"curies":[{"name":"wp","href":"https:\/\/api.w.org\/{rel}","templated":true}]}}