{"id":5288,"date":"2024-09-30T16:23:03","date_gmt":"2024-09-30T16:23:03","guid":{"rendered":"https:\/\/sbhny.wpenginepowered.com\/?page_id=5288"},"modified":"2024-09-30T16:23:04","modified_gmt":"2024-09-30T16:23:04","slug":"high-blood-pressure-are-you-at-risk","status":"publish","type":"page","link":"https:\/\/www.sbhny.org\/fr\/high-blood-pressure-are-you-at-risk\/","title":{"rendered":"L'hypertension art\u00e9rielle : \u00cates-vous \u00e0 risque ?"},"content":{"rendered":"<section class=\"image-twocol-hero background-image\">\n  <div class=\"max-width standard-spacing twocol-row\">\n\n          <div class=\"image-col twocol-col\" style=\"background-image: url('https:\/\/www.sbhny.org\/wp-content\/uploads\/2024\/09\/Hypertension-s-1.jpg');\"><\/div>\n    \n\n    <div class=\"content-col twocol-col\">\n              <h1 class=\"main-heading\">L'hypertension art\u00e9rielle : \u00cates-vous \u00e0 risque ?<\/h1>\n            <div class=\"body-copy\">\n              <\/div>\n      \n        \n      \n          <\/div>\n  <\/div>\n<\/section>\n\n<section class=\"text-block white-background\">\n  <div class=\"small-max-width standard-spacing body-copy\">\n    <p>Il y a de fortes chances que vous ou l'un de vos proches souffriez d'hypertension art\u00e9rielle. Saviez-vous que pr\u00e8s de 36% des habitants du Bronx souffrent d'hypertension ? L'hypertension art\u00e9rielle survient lorsque la force exerc\u00e9e par le sang sur les parois des vaisseaux sanguins est trop \u00e9lev\u00e9e. Elle est sournoise et ne pr\u00e9sente souvent aucun signe, ce qui lui a valu le nom de \"tueur silencieux\". Vous pouvez vivre avec cette maladie pendant des ann\u00e9es sans vous en rendre compte. Et c'est l\u00e0 le probl\u00e8me : si elle n'est pas trait\u00e9e, l'hypertension art\u00e9rielle peut entra\u00eener une maladie grave, voire pire. Dans notre communaut\u00e9, elle est une cause majeure de crises cardiaques et d'accidents vasculaires c\u00e9r\u00e9braux, mais nous sommes l\u00e0 pour vous aider. Voici les causes de l'hypertension art\u00e9rielle, les signes et les moyens de l'\u00e9viter.<\/p>\n<h2>Causes et signes de l'hypertension art\u00e9rielle<\/h2>\n<p>Vous \u00eates plus susceptible de souffrir d'hypertension art\u00e9rielle s'il s'agit d'un probl\u00e8me familial ou si vous avez des probl\u00e8mes de sant\u00e9 tels qu'une maladie r\u00e9nale ou des probl\u00e8mes cardiaques. Le risque est \u00e9galement plus \u00e9lev\u00e9 chez les personnes \u00e2g\u00e9es, en cas de prise de poids et chez les adultes afro-am\u00e9ricains. Les aliments sal\u00e9s, le stress, la consommation d'alcool, le tabagisme et le manque d'exercice peuvent \u00e9galement augmenter les risques d'hypertension. En g\u00e9n\u00e9ral, l'hypertension ne provoque pas de sympt\u00f4mes, mais dans les cas graves, elle peut en provoquer :<\/p>\n<p>- Rythme cardiaque tr\u00e8s rapide<br \/>\n- Maux de t\u00eate<br \/>\n- Naus\u00e9es<br \/>\n- Anxi\u00e9t\u00e9<br \/>\n- Essoufflement<br \/>\n- Vision trouble<br \/>\n- Vertiges<br \/>\n- Saignement de nez<\/p>\n<p>Si vous souffrez d'hypertension art\u00e9rielle et que vous pr\u00e9sentez l'un de ces sympt\u00f4mes, consultez imm\u00e9diatement un m\u00e9decin.<\/p>\n<h2>Diagnostic et traitement<\/h2>\n<p>Pour v\u00e9rifier votre tension art\u00e9rielle, rendez-vous chez votre m\u00e9decin. Il utilisera un brassard sp\u00e9cial sur votre bras qui arr\u00eate bri\u00e8vement la circulation sanguine et la rel\u00e2che ensuite lentement. Deux chiffres sont enregistr\u00e9s : l'un lorsque votre c\u0153ur bat et l'autre lorsqu'il se repose entre deux battements, comme 130 sur 90 (130\/90).<br \/>\nSi votre tension art\u00e9rielle est \u00e9lev\u00e9e, ne vous inqui\u00e9tez pas tout de suite. Il se peut qu'elle doive \u00eatre v\u00e9rifi\u00e9e plusieurs fois \u00e0 des jours diff\u00e9rents. Votre m\u00e9decin peut effectuer des tests pour d\u00e9terminer la raison de votre tension art\u00e9rielle \u00e9lev\u00e9e. Pour l'abaisser \u00e0 un niveau normal, vous pouvez apporter des changements dans votre vie, par exemple :<\/p>\n<p>- Manger moins de sel<br \/>\n- Ne pas boire d'alcool<br \/>\n- Ne pas fumer<br \/>\n- Faire de l'exercice pendant environ 30 minutes, 3 \u00e0 5 fois par semaine<\/p>\n<p>Si ces changements ne fonctionnent pas, votre m\u00e9decin peut vous prescrire des m\u00e9dicaments pour abaisser votre tension art\u00e9rielle.<\/p>\n<h2>Gestion<\/h2>\n<p>Il est tr\u00e8s important de consulter votre m\u00e9decin pour des contr\u00f4les r\u00e9guliers. L'hypertension art\u00e9rielle peut \u00eatre facilement prise en charge lorsqu'elle est d\u00e9tect\u00e9e \u00e0 temps. Nos m\u00e9decins peuvent la diagnostiquer et \u00e9laborer le meilleur plan de soins pour vous. Le SBH Health System propose \u00e9galement des cours et des \u00e9v\u00e9nements pour vous aider \u00e0 adopter de meilleures habitudes de vie. Le <strong><a href=\"\/fr\/health-wellness-center\/teaching-kitchen\/\">Centre de m\u00e9decine culinaire et d&#039;enseignement culinaire SBH<\/a><\/strong> enseigne comment pr\u00e9parer des repas faciles, d\u00e9licieux, sains et peu co\u00fbteux. Les <strong><a href=\"\/fr\/health-wellness-center\/\">Centre de sant\u00e9 et de bien-\u00eatre SBH<\/a><\/strong> et <strong><a href=\"https:\/\/sbhfitnesscenter.org\/\">Centre de conditionnement physique Healthplex<\/a><\/strong> organiser des programmes d'exercices pour les patients et la communaut\u00e9.<\/p>\n<p>Pour en savoir plus sur nos programmes de bien-\u00eatre, trouver un m\u00e9decin ou prendre un rendez-vous, appelez-nous au <strong><a href=\"tel:7189609000\">(718) 960-9000<\/a><\/strong> ou nous rendre visite <strong><a href=\"https:\/\/www.sbhny.org\/fr\/\">en ligne<\/a><\/strong>. Si vous souffrez d'hypertension art\u00e9rielle, contactez votre m\u00e9decin. Si vous n'en avez pas, voici nos m\u00e9decins de premier recours (<a href=\"\/fr\/our-services\/primary-care\/\" target=\"_blank\" rel=\"noopener noreferrer\">https:\/\/www.sbhny.org\/our-services\/primary-care\/.<\/a><\/p>\n  <\/div>\n<\/section>","protected":false},"excerpt":{"rendered":"","protected":false},"author":2,"featured_media":0,"parent":0,"menu_order":0,"comment_status":"closed","ping_status":"closed","template":"","meta":{"_acf_changed":true,"_eb_attr":"","_price":"","_stock":"","_tribe_ticket_header":"","_tribe_default_ticket_provider":"","_tribe_ticket_capacity":"0","_ticket_start_date":"","_ticket_end_date":"","_tribe_ticket_show_description":"","_tribe_ticket_show_not_going":false,"_tribe_ticket_use_global_stock":"","_tribe_ticket_global_stock_level":"","_global_stock_mode":"","_global_stock_cap":"","_tribe_rsvp_for_event":"","_tribe_ticket_going_count":"","_tribe_ticket_not_going_count":"","_tribe_tickets_list":"[]","_tribe_ticket_has_attendee_info_fields":false,"footnotes":""},"class_list":["post-5288","page","type-page","status-publish","hentry"],"acf":[],"yoast_head":"<!-- This site is optimized with the Yoast SEO plugin v26.5 - https:\/\/yoast.com\/wordpress\/plugins\/seo\/ -->\n<title>High Blood Pressure: Are You At Risk? - SBH Health System<\/title>\n<meta name=\"robots\" content=\"index, follow, max-snippet:-1, max-image-preview:large, max-video-preview:-1\" \/>\n<link rel=\"canonical\" href=\"https:\/\/www.sbhny.org\/fr\/high-blood-pressure-are-you-at-risk\/\" \/>\n<meta property=\"og:locale\" content=\"fr_FR\" \/>\n<meta property=\"og:type\" content=\"article\" \/>\n<meta property=\"og:title\" content=\"High Blood Pressure: Are You At Risk? - SBH Health System\" \/>\n<meta property=\"og:url\" content=\"https:\/\/www.sbhny.org\/fr\/high-blood-pressure-are-you-at-risk\/\" \/>\n<meta property=\"og:site_name\" content=\"SBH Health System\" \/>\n<meta property=\"article:publisher\" content=\"https:\/\/www.facebook.com\/SBHBronx\/\" \/>\n<meta property=\"article:modified_time\" content=\"2024-09-30T16:23:04+00:00\" \/>\n<meta name=\"twitter:card\" content=\"summary_large_image\" \/>\n<meta name=\"twitter:site\" content=\"@sbhbronx\" \/>\n<script type=\"application\/ld+json\" class=\"yoast-schema-graph\">{\"@context\":\"https:\/\/schema.org\",\"@graph\":[{\"@type\":\"WebPage\",\"@id\":\"https:\/\/www.sbhny.org\/high-blood-pressure-are-you-at-risk\/\",\"url\":\"https:\/\/www.sbhny.org\/high-blood-pressure-are-you-at-risk\/\",\"name\":\"High Blood Pressure: Are You At Risk? - SBH Health System\",\"isPartOf\":{\"@id\":\"https:\/\/www.sbhny.org\/#website\"},\"datePublished\":\"2024-09-30T16:23:03+00:00\",\"dateModified\":\"2024-09-30T16:23:04+00:00\",\"breadcrumb\":{\"@id\":\"https:\/\/www.sbhny.org\/high-blood-pressure-are-you-at-risk\/#breadcrumb\"},\"inLanguage\":\"fr-FR\",\"potentialAction\":[{\"@type\":\"ReadAction\",\"target\":[\"https:\/\/www.sbhny.org\/high-blood-pressure-are-you-at-risk\/\"]}]},{\"@type\":\"BreadcrumbList\",\"@id\":\"https:\/\/www.sbhny.org\/high-blood-pressure-are-you-at-risk\/#breadcrumb\",\"itemListElement\":[{\"@type\":\"ListItem\",\"position\":1,\"name\":\"Home\",\"item\":\"https:\/\/www.sbhny.org\/\"},{\"@type\":\"ListItem\",\"position\":2,\"name\":\"High Blood Pressure: Are You At Risk?\"}]},{\"@type\":\"WebSite\",\"@id\":\"https:\/\/www.sbhny.org\/#website\",\"url\":\"https:\/\/www.sbhny.org\/\",\"name\":\"SBH Health System\",\"description\":\"\",\"potentialAction\":[{\"@type\":\"SearchAction\",\"target\":{\"@type\":\"EntryPoint\",\"urlTemplate\":\"https:\/\/www.sbhny.org\/?s={search_term_string}\"},\"query-input\":{\"@type\":\"PropertyValueSpecification\",\"valueRequired\":true,\"valueName\":\"search_term_string\"}}],\"inLanguage\":\"fr-FR\"}]}<\/script>\n<!-- \/ Yoast SEO plugin. -->","yoast_head_json":{"title":"High Blood Pressure: Are You At Risk? - SBH Health System","robots":{"index":"index","follow":"follow","max-snippet":"max-snippet:-1","max-image-preview":"max-image-preview:large","max-video-preview":"max-video-preview:-1"},"canonical":"https:\/\/www.sbhny.org\/fr\/high-blood-pressure-are-you-at-risk\/","og_locale":"fr_FR","og_type":"article","og_title":"High Blood Pressure: Are You At Risk? - SBH Health System","og_url":"https:\/\/www.sbhny.org\/fr\/high-blood-pressure-are-you-at-risk\/","og_site_name":"SBH Health System","article_publisher":"https:\/\/www.facebook.com\/SBHBronx\/","article_modified_time":"2024-09-30T16:23:04+00:00","twitter_card":"summary_large_image","twitter_site":"@sbhbronx","schema":{"@context":"https:\/\/schema.org","@graph":[{"@type":"WebPage","@id":"https:\/\/www.sbhny.org\/high-blood-pressure-are-you-at-risk\/","url":"https:\/\/www.sbhny.org\/high-blood-pressure-are-you-at-risk\/","name":"High Blood Pressure: Are You At Risk? - SBH Health System","isPartOf":{"@id":"https:\/\/www.sbhny.org\/#website"},"datePublished":"2024-09-30T16:23:03+00:00","dateModified":"2024-09-30T16:23:04+00:00","breadcrumb":{"@id":"https:\/\/www.sbhny.org\/high-blood-pressure-are-you-at-risk\/#breadcrumb"},"inLanguage":"fr-FR","potentialAction":[{"@type":"ReadAction","target":["https:\/\/www.sbhny.org\/high-blood-pressure-are-you-at-risk\/"]}]},{"@type":"BreadcrumbList","@id":"https:\/\/www.sbhny.org\/high-blood-pressure-are-you-at-risk\/#breadcrumb","itemListElement":[{"@type":"ListItem","position":1,"name":"Home","item":"https:\/\/www.sbhny.org\/"},{"@type":"ListItem","position":2,"name":"High Blood Pressure: Are You At Risk?"}]},{"@type":"WebSite","@id":"https:\/\/www.sbhny.org\/#website","url":"https:\/\/www.sbhny.org\/","name":"Syst\u00e8me de sant\u00e9 SBH","description":"","potentialAction":[{"@type":"SearchAction","target":{"@type":"EntryPoint","urlTemplate":"https:\/\/www.sbhny.org\/?s={search_term_string}"},"query-input":{"@type":"PropertyValueSpecification","valueRequired":true,"valueName":"search_term_string"}}],"inLanguage":"fr-FR"}]}},"_links":{"self":[{"href":"https:\/\/www.sbhny.org\/fr\/wp-json\/wp\/v2\/pages\/5288","targetHints":{"allow":["GET"]}}],"collection":[{"href":"https:\/\/www.sbhny.org\/fr\/wp-json\/wp\/v2\/pages"}],"about":[{"href":"https:\/\/www.sbhny.org\/fr\/wp-json\/wp\/v2\/types\/page"}],"author":[{"embeddable":true,"href":"https:\/\/www.sbhny.org\/fr\/wp-json\/wp\/v2\/users\/2"}],"replies":[{"embeddable":true,"href":"https:\/\/www.sbhny.org\/fr\/wp-json\/wp\/v2\/comments?post=5288"}],"version-history":[{"count":0,"href":"https:\/\/www.sbhny.org\/fr\/wp-json\/wp\/v2\/pages\/5288\/revisions"}],"wp:attachment":[{"href":"https:\/\/www.sbhny.org\/fr\/wp-json\/wp\/v2\/media?parent=5288"}],"curies":[{"name":"wp","href":"https:\/\/api.w.org\/{rel}","templated":true}]}}