{"id":5290,"date":"2024-09-30T16:29:18","date_gmt":"2024-09-30T16:29:18","guid":{"rendered":"https:\/\/sbhny.wpenginepowered.com\/?page_id=5290"},"modified":"2024-09-30T16:31:38","modified_gmt":"2024-09-30T16:31:38","slug":"dont-let-the-flu-get-you-down-this-winter","status":"publish","type":"page","link":"https:\/\/www.sbhny.org\/fr\/dont-let-the-flu-get-you-down-this-winter\/","title":{"rendered":"Ne vous laissez pas abattre par la grippe cet hiver"},"content":{"rendered":"<section class=\"image-twocol-hero background-image\">\n  <div class=\"max-width standard-spacing twocol-row\">\n\n          <div class=\"image-col twocol-col\" style=\"background-image: url('https:\/\/www.sbhny.org\/wp-content\/uploads\/2024\/09\/Flu-picture-r.jpg');\"><\/div>\n    \n\n    <div class=\"content-col twocol-col\">\n              <h1 class=\"main-heading\">Ne vous laissez pas abattre par la grippe cet hiver<\/h1>\n            <div class=\"body-copy\">\n              <\/div>\n      \n        \n      \n          <\/div>\n  <\/div>\n<\/section>\n\n<section class=\"text-block white-background\">\n  <div class=\"small-max-width standard-spacing body-copy\">\n    <p>Nous sommes en plein c\u0153ur de la saison des rhumes et des grippes, mais si vous n'avez pas encore \u00e9t\u00e9 vaccin\u00e9 contre la grippe, il est encore temps.<\/p>\n<p>\"Il est important de se faire vacciner chaque ann\u00e9e contre la grippe, car le virus change\", explique Ardita Sopi, directrice des services de sant\u00e9 au travail du SBH Health. \"Chaque nouveau vaccin cible les souches de grippe les plus susceptibles de circuler\".<\/p>\n<p>La grippe peut provoquer des maladies graves, en particulier chez les personnes \u00e2g\u00e9es, les b\u00e9b\u00e9s et les personnes dont le syst\u00e8me immunitaire n'est pas tr\u00e8s fort. Le meilleur moyen de se prot\u00e9ger est de se faire vacciner. Vous pouvez vous faire vacciner contre la grippe au SBH Health System Urgent Care by ModernMD pour $25 ou par l'interm\u00e9diaire de votre prestataire de soins primaires. La plupart des r\u00e9gimes d'assurance, y compris Medicare et Medicaid, couvrent les frais.<\/p>\n<h2>Grippe ou rhume ?<\/h2>\n<p>Si vous tombez malade, le fait de savoir ce que vous avez peut vous aider \u00e0 vous soulager plus rapidement. Mais il est parfois difficile de le savoir. La grippe et le rhume sont tous deux caus\u00e9s par des virus et affectent les voies respiratoires. Bien qu'ils pr\u00e9sentent de nombreux sympt\u00f4mes communs, il existe quelques diff\u00e9rences essentielles.<\/p>\n<p>Par exemple, un mal de t\u00eate n'est pas un sympt\u00f4me typique du rhume. Il en va de m\u00eame pour les courbatures, la fatigue, les vomissements ou la diarrh\u00e9e. Ce sont pourtant des sympt\u00f4mes courants de la grippe. En revanche, si vous avez le nez bouch\u00e9 ou qui coule, des \u00e9ternuements ou des yeux larmoyants, vous avez probablement affaire \u00e0 un rhume.<\/p>\n<h2>Prendre des mesures pour se prot\u00e9ger<\/h2>\n<p>Outre le vaccin contre la grippe, il existe d'autres mesures pr\u00e9ventives que vous pouvez prendre pour vous prot\u00e9ger contre la maladie :<\/p>\n<ul>\n<li>Nettoyer fr\u00e9quemment les surfaces, comme les comptoirs de cuisine et les lavabos de salle de bains.<\/li>\n<li>Se couvrir le nez et la bouche quand on tousse<\/li>\n<li>Se laver souvent les mains<\/li>\n<\/ul>\n<p><em><strong><a href=\"\/fr\/our-services\/primary-care\/\">Faites-vous vacciner contre la grippe d\u00e8s aujourd'hui.<\/a><\/strong><\/em><\/p>\n  <\/div>\n<\/section>","protected":false},"excerpt":{"rendered":"","protected":false},"author":2,"featured_media":0,"parent":0,"menu_order":0,"comment_status":"closed","ping_status":"closed","template":"","meta":{"_acf_changed":true,"_eb_attr":"","_price":"","_stock":"","_tribe_ticket_header":"","_tribe_default_ticket_provider":"","_tribe_ticket_capacity":"0","_ticket_start_date":"","_ticket_end_date":"","_tribe_ticket_show_description":"","_tribe_ticket_show_not_going":false,"_tribe_ticket_use_global_stock":"","_tribe_ticket_global_stock_level":"","_global_stock_mode":"","_global_stock_cap":"","_tribe_rsvp_for_event":"","_tribe_ticket_going_count":"","_tribe_ticket_not_going_count":"","_tribe_tickets_list":"[]","_tribe_ticket_has_attendee_info_fields":false,"footnotes":""},"class_list":["post-5290","page","type-page","status-publish","hentry"],"acf":[],"yoast_head":"<!-- This site is optimized with the Yoast SEO plugin v26.5 - https:\/\/yoast.com\/wordpress\/plugins\/seo\/ -->\n<title>Don\u2019t let the flu get you down this winter - SBH Health System<\/title>\n<meta name=\"robots\" content=\"index, follow, max-snippet:-1, max-image-preview:large, max-video-preview:-1\" \/>\n<link rel=\"canonical\" href=\"https:\/\/www.sbhny.org\/fr\/dont-let-the-flu-get-you-down-this-winter\/\" \/>\n<meta property=\"og:locale\" content=\"fr_FR\" \/>\n<meta property=\"og:type\" content=\"article\" \/>\n<meta property=\"og:title\" content=\"Don\u2019t let the flu get you down this winter - SBH Health System\" \/>\n<meta property=\"og:url\" content=\"https:\/\/www.sbhny.org\/fr\/dont-let-the-flu-get-you-down-this-winter\/\" \/>\n<meta property=\"og:site_name\" content=\"SBH Health System\" \/>\n<meta property=\"article:publisher\" content=\"https:\/\/www.facebook.com\/SBHBronx\/\" \/>\n<meta property=\"article:modified_time\" content=\"2024-09-30T16:31:38+00:00\" \/>\n<meta name=\"twitter:card\" content=\"summary_large_image\" \/>\n<meta name=\"twitter:site\" content=\"@sbhbronx\" \/>\n<script type=\"application\/ld+json\" class=\"yoast-schema-graph\">{\"@context\":\"https:\/\/schema.org\",\"@graph\":[{\"@type\":\"WebPage\",\"@id\":\"https:\/\/www.sbhny.org\/dont-let-the-flu-get-you-down-this-winter\/\",\"url\":\"https:\/\/www.sbhny.org\/dont-let-the-flu-get-you-down-this-winter\/\",\"name\":\"Don\u2019t let the flu get you down this winter - SBH Health System\",\"isPartOf\":{\"@id\":\"https:\/\/www.sbhny.org\/#website\"},\"datePublished\":\"2024-09-30T16:29:18+00:00\",\"dateModified\":\"2024-09-30T16:31:38+00:00\",\"breadcrumb\":{\"@id\":\"https:\/\/www.sbhny.org\/dont-let-the-flu-get-you-down-this-winter\/#breadcrumb\"},\"inLanguage\":\"fr-FR\",\"potentialAction\":[{\"@type\":\"ReadAction\",\"target\":[\"https:\/\/www.sbhny.org\/dont-let-the-flu-get-you-down-this-winter\/\"]}]},{\"@type\":\"BreadcrumbList\",\"@id\":\"https:\/\/www.sbhny.org\/dont-let-the-flu-get-you-down-this-winter\/#breadcrumb\",\"itemListElement\":[{\"@type\":\"ListItem\",\"position\":1,\"name\":\"Home\",\"item\":\"https:\/\/www.sbhny.org\/\"},{\"@type\":\"ListItem\",\"position\":2,\"name\":\"Don\u2019t let the flu get you down this winter\"}]},{\"@type\":\"WebSite\",\"@id\":\"https:\/\/www.sbhny.org\/#website\",\"url\":\"https:\/\/www.sbhny.org\/\",\"name\":\"SBH Health System\",\"description\":\"\",\"potentialAction\":[{\"@type\":\"SearchAction\",\"target\":{\"@type\":\"EntryPoint\",\"urlTemplate\":\"https:\/\/www.sbhny.org\/?s={search_term_string}\"},\"query-input\":{\"@type\":\"PropertyValueSpecification\",\"valueRequired\":true,\"valueName\":\"search_term_string\"}}],\"inLanguage\":\"fr-FR\"}]}<\/script>\n<!-- \/ Yoast SEO plugin. -->","yoast_head_json":{"title":"Don\u2019t let the flu get you down this winter - SBH Health System","robots":{"index":"index","follow":"follow","max-snippet":"max-snippet:-1","max-image-preview":"max-image-preview:large","max-video-preview":"max-video-preview:-1"},"canonical":"https:\/\/www.sbhny.org\/fr\/dont-let-the-flu-get-you-down-this-winter\/","og_locale":"fr_FR","og_type":"article","og_title":"Don\u2019t let the flu get you down this winter - SBH Health System","og_url":"https:\/\/www.sbhny.org\/fr\/dont-let-the-flu-get-you-down-this-winter\/","og_site_name":"SBH Health System","article_publisher":"https:\/\/www.facebook.com\/SBHBronx\/","article_modified_time":"2024-09-30T16:31:38+00:00","twitter_card":"summary_large_image","twitter_site":"@sbhbronx","schema":{"@context":"https:\/\/schema.org","@graph":[{"@type":"WebPage","@id":"https:\/\/www.sbhny.org\/dont-let-the-flu-get-you-down-this-winter\/","url":"https:\/\/www.sbhny.org\/dont-let-the-flu-get-you-down-this-winter\/","name":"Don\u2019t let the flu get you down this winter - SBH Health System","isPartOf":{"@id":"https:\/\/www.sbhny.org\/#website"},"datePublished":"2024-09-30T16:29:18+00:00","dateModified":"2024-09-30T16:31:38+00:00","breadcrumb":{"@id":"https:\/\/www.sbhny.org\/dont-let-the-flu-get-you-down-this-winter\/#breadcrumb"},"inLanguage":"fr-FR","potentialAction":[{"@type":"ReadAction","target":["https:\/\/www.sbhny.org\/dont-let-the-flu-get-you-down-this-winter\/"]}]},{"@type":"BreadcrumbList","@id":"https:\/\/www.sbhny.org\/dont-let-the-flu-get-you-down-this-winter\/#breadcrumb","itemListElement":[{"@type":"ListItem","position":1,"name":"Home","item":"https:\/\/www.sbhny.org\/"},{"@type":"ListItem","position":2,"name":"Don\u2019t let the flu get you down this winter"}]},{"@type":"WebSite","@id":"https:\/\/www.sbhny.org\/#website","url":"https:\/\/www.sbhny.org\/","name":"Syst\u00e8me de sant\u00e9 SBH","description":"","potentialAction":[{"@type":"SearchAction","target":{"@type":"EntryPoint","urlTemplate":"https:\/\/www.sbhny.org\/?s={search_term_string}"},"query-input":{"@type":"PropertyValueSpecification","valueRequired":true,"valueName":"search_term_string"}}],"inLanguage":"fr-FR"}]}},"_links":{"self":[{"href":"https:\/\/www.sbhny.org\/fr\/wp-json\/wp\/v2\/pages\/5290","targetHints":{"allow":["GET"]}}],"collection":[{"href":"https:\/\/www.sbhny.org\/fr\/wp-json\/wp\/v2\/pages"}],"about":[{"href":"https:\/\/www.sbhny.org\/fr\/wp-json\/wp\/v2\/types\/page"}],"author":[{"embeddable":true,"href":"https:\/\/www.sbhny.org\/fr\/wp-json\/wp\/v2\/users\/2"}],"replies":[{"embeddable":true,"href":"https:\/\/www.sbhny.org\/fr\/wp-json\/wp\/v2\/comments?post=5290"}],"version-history":[{"count":0,"href":"https:\/\/www.sbhny.org\/fr\/wp-json\/wp\/v2\/pages\/5290\/revisions"}],"wp:attachment":[{"href":"https:\/\/www.sbhny.org\/fr\/wp-json\/wp\/v2\/media?parent=5290"}],"curies":[{"name":"wp","href":"https:\/\/api.w.org\/{rel}","templated":true}]}}