{"id":5409,"date":"2024-10-01T16:11:59","date_gmt":"2024-10-01T16:11:59","guid":{"rendered":"https:\/\/sbhny.wpenginepowered.com\/?page_id=5409"},"modified":"2024-10-01T16:37:30","modified_gmt":"2024-10-01T16:37:30","slug":"choosing-a-hospital-for-your-special-delivery","status":"publish","type":"page","link":"https:\/\/www.sbhny.org\/fr\/choosing-a-hospital-for-your-special-delivery\/","title":{"rendered":"Choisir un h\u00f4pital pour votre accouchement"},"content":{"rendered":"<section class=\"image-twocol-hero background-image\">\n  <div class=\"max-width standard-spacing twocol-row\">\n\n          <div class=\"image-col twocol-col\" style=\"background-image: url('https:\/\/www.sbhny.org\/wp-content\/uploads\/2024\/09\/OB-s.jpg');\"><\/div>\n    \n\n    <div class=\"content-col twocol-col\">\n              <h1 class=\"main-heading\">Choisir un h\u00f4pital pour votre accouchement<\/h1>\n            <div class=\"body-copy\">\n        <p>Lorsque vous attendez un enfant, vous pouvez avoir l'impression qu'il y a un million de choses \u00e0 faire avant l'arriv\u00e9e de votre b\u00e9b\u00e9.<\/p>\n      <\/div>\n      \n        \n      \n          <\/div>\n  <\/div>\n<\/section>\n\n<section class=\"text-block white-background\">\n  <div class=\"small-max-width standard-spacing body-copy\">\n    <p>Qu'il s'agisse de prendre vos vitamines pr\u00e9natales, de vous informer sur l'accouchement, d'acheter une poussette ou de faire le plein de couches, la liste est longue et peut sembler \u00e9crasante. N'oubliez pas de choisir l'h\u00f4pital o\u00f9 vous allez accoucher. En fait, ce choix devrait figurer en t\u00eate de votre liste de choses importantes \u00e0 faire. (Juste apr\u00e8s les rendez-vous pr\u00e9nataux et juste avant le choix du p\u00e9diatre, par exemple).<\/p>\n<p>Il s'agit d'un \u00e9l\u00e9ment de la liste de contr\u00f4le qui peut faire toute la diff\u00e9rence dans la salle d'accouchement. Et commencer une vie de premi\u00e8res fois avec le plus petit membre de votre famille.<\/p>\n<h2><span class=\"TextRun SCXW228785406 BCX9\" lang=\"EN-US\" xml:lang=\"EN-US\" data-contrast=\"auto\"><span class=\"NormalTextRun SCXW228785406 BCX9\" data-ccp-parastyle=\"heading 2\">Ce qu'il faut rechercher dans une maternit\u00e9<\/span><\/span><\/h2>\n<p><span data-contrast=\"auto\">Vous devez tenir compte de plusieurs facteurs lorsque vous choisissez l'h\u00f4pital o\u00f9 vous allez accoucher :<\/span><span data-ccp-props=\"{}\">\u00a0<\/span><span data-ccp-props=\"{}\">\u00a0<\/span><\/p>\n<ul>\n<li data-leveltext=\"\uf0b7\" data-font=\"Symbol\" data-listid=\"18\" data-list-defn-props=\"{&quot;335552541&quot;:1,&quot;335559684&quot;:-2,&quot;335559685&quot;:720,&quot;335559991&quot;:360,&quot;469769226&quot;:&quot;Symbol&quot;,&quot;469769242&quot;:[8226],&quot;469777803&quot;:&quot;left&quot;,&quot;469777804&quot;:&quot;\uf0b7&quot;,&quot;469777815&quot;:&quot;hybridMultilevel&quot;}\" aria-setsize=\"-1\" data-aria-posinset=\"1\" data-aria-level=\"1\"><b><span data-contrast=\"auto\">Distance de d\u00e9placement <\/span><\/b><span data-contrast=\"auto\">peut influer sur votre d\u00e9cision concernant l'h\u00f4pital. Vous ne voulez pas avoir \u00e0 vous soucier de la distance \u00e0 parcourir ou des embouteillages lorsque votre b\u00e9b\u00e9 est en route.<\/span><span data-ccp-props=\"{}\">\u00a0<\/span><\/li>\n<\/ul>\n<ul>\n<li data-leveltext=\"\uf0b7\" data-font=\"Symbol\" data-listid=\"18\" data-list-defn-props=\"{&quot;335552541&quot;:1,&quot;335559684&quot;:-2,&quot;335559685&quot;:720,&quot;335559991&quot;:360,&quot;469769226&quot;:&quot;Symbol&quot;,&quot;469769242&quot;:[8226],&quot;469777803&quot;:&quot;left&quot;,&quot;469777804&quot;:&quot;\uf0b7&quot;,&quot;469777815&quot;:&quot;hybridMultilevel&quot;}\" aria-setsize=\"-1\" data-aria-posinset=\"2\" data-aria-level=\"1\"><b><span data-contrast=\"auto\">Ressources de soins appropri\u00e9es <\/span><\/b><span data-contrast=\"auto\">est un autre \u00e9l\u00e9ment important \u00e0 prendre en compte. M\u00eame s'il est peu probable que vous soyez confront\u00e9e \u00e0 une situation d'urgence pendant la naissance de votre b\u00e9b\u00e9, il est r\u00e9confortant de savoir que l'h\u00f4pital o\u00f9 vous accouchez peut faire face \u00e0 n'importe quel d\u00e9fi, qu'il s'agisse d'une grossesse \u00e0 haut risque ou d'une naissance pr\u00e9matur\u00e9e.<\/span><span data-ccp-props=\"{}\">\u00a0<\/span><\/li>\n<\/ul>\n<ul>\n<li data-leveltext=\"\uf0b7\" data-font=\"Symbol\" data-listid=\"18\" data-list-defn-props=\"{&quot;335552541&quot;:1,&quot;335559684&quot;:-2,&quot;335559685&quot;:720,&quot;335559991&quot;:360,&quot;469769226&quot;:&quot;Symbol&quot;,&quot;469769242&quot;:[8226],&quot;469777803&quot;:&quot;left&quot;,&quot;469777804&quot;:&quot;\uf0b7&quot;,&quot;469777815&quot;:&quot;hybridMultilevel&quot;}\" aria-setsize=\"-1\" data-aria-posinset=\"1\" data-aria-level=\"1\"><b><span data-contrast=\"auto\">Votre plan de naissance<\/span><\/b><span data-contrast=\"auto\"> peut \u00e9galement avoir une incidence sur le lieu o\u00f9 vous choisirez d'accoucher. Vous envisagez un accouchement naturel ? Vous voudrez choisir un h\u00f4pital qui travaillera avec vous pour atteindre votre objectif.<\/span><span data-ccp-props=\"{}\">\u00a0<\/span><\/li>\n<\/ul>\n<ul>\n<li data-leveltext=\"\uf0b7\" data-font=\"Symbol\" data-listid=\"18\" data-list-defn-props=\"{&quot;335552541&quot;:1,&quot;335559684&quot;:-2,&quot;335559685&quot;:720,&quot;335559991&quot;:360,&quot;469769226&quot;:&quot;Symbol&quot;,&quot;469769242&quot;:[8226],&quot;469777803&quot;:&quot;left&quot;,&quot;469777804&quot;:&quot;\uf0b7&quot;,&quot;469777815&quot;:&quot;hybridMultilevel&quot;}\" aria-setsize=\"-1\" data-aria-posinset=\"2\" data-aria-level=\"1\"><b><span data-contrast=\"auto\">H\u00e9bergement <\/span><\/b><span data-contrast=\"auto\">peut \u00e9galement jouer un r\u00f4le. Vous voulez vous sentir en s\u00e9curit\u00e9 et \u00e0 l'aise lorsque vous mettez au monde une nouvelle vie. Cela signifie une chambre bien \u00e9clair\u00e9e, des soignants professionnels et compatissants et un environnement paisible.\u00a0<\/span><span data-ccp-props=\"{}\">\u00a0<\/span><\/li>\n<\/ul>\n<p><span data-contrast=\"auto\">Il est \u00e9galement important de donner la priorit\u00e9 \u00e0 l'acc\u00e8s et \u00e0 la qualit\u00e9 des soins lorsque vous d\u00e9cidez de l'endroit o\u00f9 vous rencontrerez votre tout-petit pour la premi\u00e8re fois.<\/span><\/p>\n<h2><span data-contrast=\"auto\"><span class=\"NormalTextRun SCXW74449717 BCX9\" data-ccp-parastyle=\"heading 2\">Choisir <\/span><span class=\"NormalTextRun SCXW74449717 BCX9\" data-ccp-parastyle=\"heading 2\">une meilleure exp\u00e9rience avec <\/span><span class=\"NormalTextRun SCXW74449717 BCX9\" data-ccp-parastyle=\"heading 2\">Syst\u00e8me de sant\u00e9 SBH<\/span><\/span><\/h2>\n<p><span data-contrast=\"auto\">Lorsqu'il s'agit de l'exp\u00e9rience des patients, personne ne fait mieux que le SBH Health System. Nos prestataires sont bien form\u00e9s, bien exp\u00e9riment\u00e9s et bien \u00e9tablis dans la communaut\u00e9 qu'ils desservent.\u00a0<\/span><\/p>\n<p><span data-contrast=\"auto\">Offrant des soins de type concierge \u00e0 proximit\u00e9 de la maison, SBH Health fournit une attention personnalis\u00e9e. Sans oublier un ratio infirmi\u00e8re-patient de 1 pour 1 pendant l'accouchement, ce qui n'est g\u00e9n\u00e9ralement pas le cas dans un h\u00f4pital urbain.<\/span><span data-ccp-props=\"{}\">\u00a0<\/span><\/p>\n<p><span data-contrast=\"auto\">\"Nous avons tout ce que les autres institutions ont, mais nous offrons aussi une touche personnelle\", d\u00e9clare le pr\u00e9sident du d\u00e9partement d'obst\u00e9trique et de gyn\u00e9cologie du SBH Health System. <\/span><strong><a href=\"\/fr\/doctors\/mark-a-rosing\/\">Mark Rosing, MD<\/a><\/strong>. \"C'est ce qui nous distingue.<\/p>\n<p><span data-contrast=\"auto\">SBH Health offre \u00e9galement aux patients un continuum de soins sans faille - et l'exp\u00e9rience la plus positive possible en mati\u00e8re d'accouchement.\u00a0<\/span><span data-ccp-props=\"{}\">\u00a0<\/span><\/p>\n<p><span data-contrast=\"auto\">Au lieu de pr\u00e9cipiter une patiente pour qu'elle subisse une induction ou une c\u00e9sarienne, par exemple, nos prestataires laissent le travail se d\u00e9rouler naturellement, en donnant aux femmes le temps qu'elles souhaitent - et dont elles ont besoin - pour accoucher. \"Nous les encourageons \u00e0 vivre l'exp\u00e9rience qu'elles souhaitent\", explique le Dr Rosing. \"Nous les encourageons \u00e0 vivre l'exp\u00e9rience qu'elles souhaitent, explique le Dr Rosing, et nous leur donnons le temps et le soutien n\u00e9cessaires pour y parvenir.<\/span><span data-ccp-props=\"{}\">\u00a0<\/span><\/p>\n<p><a href=\"\/wp-content\/uploads\/2024\/10\/OB-GYN-Brochure-7X8.5-2.pdf\"><i><strong>En savoir plus sur les services d'accouchement que nous proposons<\/strong>.<\/i><\/a><\/p>\n  <\/div>\n<\/section>","protected":false},"excerpt":{"rendered":"","protected":false},"author":2,"featured_media":0,"parent":0,"menu_order":0,"comment_status":"closed","ping_status":"closed","template":"","meta":{"_acf_changed":true,"_eb_attr":"","_price":"","_stock":"","_tribe_ticket_header":"","_tribe_default_ticket_provider":"","_tribe_ticket_capacity":"0","_ticket_start_date":"","_ticket_end_date":"","_tribe_ticket_show_description":"","_tribe_ticket_show_not_going":false,"_tribe_ticket_use_global_stock":"","_tribe_ticket_global_stock_level":"","_global_stock_mode":"","_global_stock_cap":"","_tribe_rsvp_for_event":"","_tribe_ticket_going_count":"","_tribe_ticket_not_going_count":"","_tribe_tickets_list":"[]","_tribe_ticket_has_attendee_info_fields":false,"footnotes":""},"class_list":["post-5409","page","type-page","status-publish","hentry"],"acf":[],"yoast_head":"<!-- This site is optimized with the Yoast SEO plugin v26.5 - https:\/\/yoast.com\/wordpress\/plugins\/seo\/ -->\n<title>Choosing a hospital for your special delivery - SBH Health System<\/title>\n<meta name=\"robots\" content=\"index, follow, max-snippet:-1, max-image-preview:large, max-video-preview:-1\" \/>\n<link rel=\"canonical\" href=\"https:\/\/www.sbhny.org\/fr\/choosing-a-hospital-for-your-special-delivery\/\" \/>\n<meta property=\"og:locale\" content=\"fr_FR\" \/>\n<meta property=\"og:type\" content=\"article\" \/>\n<meta property=\"og:title\" content=\"Choosing a hospital for your special delivery - SBH Health System\" \/>\n<meta property=\"og:url\" content=\"https:\/\/www.sbhny.org\/fr\/choosing-a-hospital-for-your-special-delivery\/\" \/>\n<meta property=\"og:site_name\" content=\"SBH Health System\" \/>\n<meta property=\"article:publisher\" content=\"https:\/\/www.facebook.com\/SBHBronx\/\" \/>\n<meta property=\"article:modified_time\" content=\"2024-10-01T16:37:30+00:00\" \/>\n<meta name=\"twitter:card\" content=\"summary_large_image\" \/>\n<meta name=\"twitter:site\" content=\"@sbhbronx\" \/>\n<script type=\"application\/ld+json\" class=\"yoast-schema-graph\">{\"@context\":\"https:\/\/schema.org\",\"@graph\":[{\"@type\":\"WebPage\",\"@id\":\"https:\/\/www.sbhny.org\/choosing-a-hospital-for-your-special-delivery\/\",\"url\":\"https:\/\/www.sbhny.org\/choosing-a-hospital-for-your-special-delivery\/\",\"name\":\"Choosing a hospital for your special delivery - SBH Health System\",\"isPartOf\":{\"@id\":\"https:\/\/www.sbhny.org\/#website\"},\"datePublished\":\"2024-10-01T16:11:59+00:00\",\"dateModified\":\"2024-10-01T16:37:30+00:00\",\"breadcrumb\":{\"@id\":\"https:\/\/www.sbhny.org\/choosing-a-hospital-for-your-special-delivery\/#breadcrumb\"},\"inLanguage\":\"fr-FR\",\"potentialAction\":[{\"@type\":\"ReadAction\",\"target\":[\"https:\/\/www.sbhny.org\/choosing-a-hospital-for-your-special-delivery\/\"]}]},{\"@type\":\"BreadcrumbList\",\"@id\":\"https:\/\/www.sbhny.org\/choosing-a-hospital-for-your-special-delivery\/#breadcrumb\",\"itemListElement\":[{\"@type\":\"ListItem\",\"position\":1,\"name\":\"Home\",\"item\":\"https:\/\/www.sbhny.org\/\"},{\"@type\":\"ListItem\",\"position\":2,\"name\":\"Choosing a hospital for your special delivery\"}]},{\"@type\":\"WebSite\",\"@id\":\"https:\/\/www.sbhny.org\/#website\",\"url\":\"https:\/\/www.sbhny.org\/\",\"name\":\"SBH Health System\",\"description\":\"\",\"potentialAction\":[{\"@type\":\"SearchAction\",\"target\":{\"@type\":\"EntryPoint\",\"urlTemplate\":\"https:\/\/www.sbhny.org\/?s={search_term_string}\"},\"query-input\":{\"@type\":\"PropertyValueSpecification\",\"valueRequired\":true,\"valueName\":\"search_term_string\"}}],\"inLanguage\":\"fr-FR\"}]}<\/script>\n<!-- \/ Yoast SEO plugin. -->","yoast_head_json":{"title":"Choisir un h\u00f4pital pour votre accouchement sp\u00e9cial - SBH Health System","robots":{"index":"index","follow":"follow","max-snippet":"max-snippet:-1","max-image-preview":"max-image-preview:large","max-video-preview":"max-video-preview:-1"},"canonical":"https:\/\/www.sbhny.org\/fr\/choosing-a-hospital-for-your-special-delivery\/","og_locale":"fr_FR","og_type":"article","og_title":"Choosing a hospital for your special delivery - SBH Health System","og_url":"https:\/\/www.sbhny.org\/fr\/choosing-a-hospital-for-your-special-delivery\/","og_site_name":"SBH Health System","article_publisher":"https:\/\/www.facebook.com\/SBHBronx\/","article_modified_time":"2024-10-01T16:37:30+00:00","twitter_card":"summary_large_image","twitter_site":"@sbhbronx","schema":{"@context":"https:\/\/schema.org","@graph":[{"@type":"WebPage","@id":"https:\/\/www.sbhny.org\/choosing-a-hospital-for-your-special-delivery\/","url":"https:\/\/www.sbhny.org\/choosing-a-hospital-for-your-special-delivery\/","name":"Choisir un h\u00f4pital pour votre accouchement sp\u00e9cial - SBH Health System","isPartOf":{"@id":"https:\/\/www.sbhny.org\/#website"},"datePublished":"2024-10-01T16:11:59+00:00","dateModified":"2024-10-01T16:37:30+00:00","breadcrumb":{"@id":"https:\/\/www.sbhny.org\/choosing-a-hospital-for-your-special-delivery\/#breadcrumb"},"inLanguage":"fr-FR","potentialAction":[{"@type":"ReadAction","target":["https:\/\/www.sbhny.org\/choosing-a-hospital-for-your-special-delivery\/"]}]},{"@type":"BreadcrumbList","@id":"https:\/\/www.sbhny.org\/choosing-a-hospital-for-your-special-delivery\/#breadcrumb","itemListElement":[{"@type":"ListItem","position":1,"name":"Home","item":"https:\/\/www.sbhny.org\/"},{"@type":"ListItem","position":2,"name":"Choosing a hospital for your special delivery"}]},{"@type":"WebSite","@id":"https:\/\/www.sbhny.org\/#website","url":"https:\/\/www.sbhny.org\/","name":"Syst\u00e8me de sant\u00e9 SBH","description":"","potentialAction":[{"@type":"SearchAction","target":{"@type":"EntryPoint","urlTemplate":"https:\/\/www.sbhny.org\/?s={search_term_string}"},"query-input":{"@type":"PropertyValueSpecification","valueRequired":true,"valueName":"search_term_string"}}],"inLanguage":"fr-FR"}]}},"_links":{"self":[{"href":"https:\/\/www.sbhny.org\/fr\/wp-json\/wp\/v2\/pages\/5409","targetHints":{"allow":["GET"]}}],"collection":[{"href":"https:\/\/www.sbhny.org\/fr\/wp-json\/wp\/v2\/pages"}],"about":[{"href":"https:\/\/www.sbhny.org\/fr\/wp-json\/wp\/v2\/types\/page"}],"author":[{"embeddable":true,"href":"https:\/\/www.sbhny.org\/fr\/wp-json\/wp\/v2\/users\/2"}],"replies":[{"embeddable":true,"href":"https:\/\/www.sbhny.org\/fr\/wp-json\/wp\/v2\/comments?post=5409"}],"version-history":[{"count":0,"href":"https:\/\/www.sbhny.org\/fr\/wp-json\/wp\/v2\/pages\/5409\/revisions"}],"wp:attachment":[{"href":"https:\/\/www.sbhny.org\/fr\/wp-json\/wp\/v2\/media?parent=5409"}],"curies":[{"name":"wp","href":"https:\/\/api.w.org\/{rel}","templated":true}]}}