{"id":5771,"date":"2024-10-11T17:01:07","date_gmt":"2024-10-11T17:01:07","guid":{"rendered":"https:\/\/sbhny.org\/?page_id=5771"},"modified":"2024-10-11T17:01:07","modified_gmt":"2024-10-11T17:01:07","slug":"brag","status":"publish","type":"page","link":"https:\/\/www.sbhny.org\/fr\/community-engagement\/brag\/","title":{"rendered":"B.R.A.G."},"content":{"rendered":"<section class=\"breadcrumb-eyebrow-marquee\">\n  <div class=\"max-width marquee-spacing\">\n    <nav class=\"breadcrumbs\" aria-label=\"Fil d&#039;Ariane\">\n      <ul class=\"breadcrumbs-list\" itemscope itemtype=\"https:\/\/schema.org\/BreadcrumbList\">\n        <li itemprop=\"itemListElement\" itemscope\n itemtype=\"https:\/\/schema.org\/ListItem\"><a itemprop=\"item\" href=\"\/fr\/\"><span itemprop=\"name\">Maison<\/span><\/a><\/li>\n        <li class=\"page_item page-item-1942\"><a href=\"https:\/\/www.sbhny.org\/fr\/community-engagement\/\">Engagement communautaire<\/a><\/li>\n        \n        <li itemprop=\"itemListElement\" itemscope\n itemtype=\"https:\/\/schema.org\/ListItem\"><a itemprop=\"item\" class=\"current\" aria-current=\"page\" href=\"https:\/\/www.sbhny.org\/fr\/community-engagement\/brag\/\"><span itemprop=\"name\">B.R.A.G.<\/span><\/a><\/li>\n    <\/ul>\n\n    <\/nav>\n    <div class=\"eyebrow\">\n              <p class=\"main-heading\">B.R.A.G.<\/p>\n          <\/div>    \n  <\/div>\n<\/section>\n\n\n<section class=\"image-twocol-hero background-image\">\n  <div class=\"max-width standard-spacing twocol-row\">\n\n          <div class=\"image-col twocol-col\" style=\"background-image: url('https:\/\/www.sbhny.org\/wp-content\/uploads\/2024\/10\/BRAG-Photo-lifestyle.jpg');\"><\/div>\n    \n\n    <div class=\"content-col twocol-col\">\n              <h1 class=\"main-heading\">Le Bronx se l\u00e8ve contre la violence arm\u00e9e (B.R.A.G.) <\/h1>\n            <div class=\"body-copy\">\n        <p>Bronx Rises Against Gun Violence (B.R.A.G.) est un programme de pr\u00e9vention de la violence qui fournit aux victimes \u00e2g\u00e9es de 16 \u00e0 25 ans, ainsi qu'\u00e0 leurs familles et amis, des ressources en mati\u00e8re de lutte contre la violence. <\/p>\n      <\/div>\n      \n        \n      \n          <\/div>\n  <\/div>\n<\/section>\n\n<section class=\"text-block white-background\">\n  <div class=\"small-max-width standard-spacing body-copy\">\n    <p>Le programme suit le mod\u00e8le de lutte contre la violence Cure Violence (CV), fond\u00e9 sur des donn\u00e9es probantes. L'objectif est d'identifier les jeunes victimes de violence qui risquent de subir des repr\u00e9sailles, de travailler avec les victimes, leur famille et leurs amis pour aider \u00e0 pr\u00e9venir la violence \u00e0 l'avenir et de fournir des liens vers des ressources et des services de suivi. <\/p>\n<p>Le programme utilise le mod\u00e8le Cure Violence (CV), qui a fait ses preuves en mati\u00e8re de r\u00e9duction de la violence. Nous nous concentrons sur le soutien aux jeunes touch\u00e9s par la violence qui risquent de subir d'autres pr\u00e9judices. Nous travaillons en \u00e9troite collaboration avec ces jeunes, leurs familles et leurs amis pour mettre un terme \u00e0 la violence. En outre, nous les mettons en contact avec des ressources et des services continus afin de nous assurer qu'ils re\u00e7oivent l'aide dont ils ont besoin. Ensemble, nous pouvons cr\u00e9er une communaut\u00e9 plus s\u00fbre.  <\/p>\n<p>Les repr\u00e9sentants du SBH travaillent avec B.R.A.G. en identifiant les patients pr\u00e9sentant des blessures par balle ou par arme blanche dans le service des urgences et en partageant les services d'accompagnement de B.R.A.G..   <\/p>\n<p>Outre le HVIP, avec l'aide du d\u00e9partement de la jeunesse et du d\u00e9veloppement communautaire de la ville de New York (DYCD), le SBH organise des programmes pour les jeunes, notamment des \u00e9v\u00e9nements tels que le retour \u00e0 l'\u00e9cole et l'Halloween en toute s\u00e9curit\u00e9, des emplois d'\u00e9t\u00e9 pour les jeunes et des s\u00e9ances de boxe. Un programme de boxe sans contact est disponible pour les filles et les gar\u00e7ons de diff\u00e9rents \u00e2ges.  <\/p>\n  <\/div>\n<\/section>","protected":false},"excerpt":{"rendered":"","protected":false},"author":6,"featured_media":0,"parent":1942,"menu_order":0,"comment_status":"closed","ping_status":"closed","template":"","meta":{"_acf_changed":true,"_eb_attr":"","_price":"","_stock":"","_tribe_ticket_header":"","_tribe_default_ticket_provider":"","_tribe_ticket_capacity":"0","_ticket_start_date":"","_ticket_end_date":"","_tribe_ticket_show_description":"","_tribe_ticket_show_not_going":false,"_tribe_ticket_use_global_stock":"","_tribe_ticket_global_stock_level":"","_global_stock_mode":"","_global_stock_cap":"","_tribe_rsvp_for_event":"","_tribe_ticket_going_count":"","_tribe_ticket_not_going_count":"","_tribe_tickets_list":"[]","_tribe_ticket_has_attendee_info_fields":false,"footnotes":""},"class_list":["post-5771","page","type-page","status-publish","hentry"],"acf":[],"yoast_head":"<!-- This site is optimized with the Yoast SEO plugin v26.5 - https:\/\/yoast.com\/wordpress\/plugins\/seo\/ -->\n<title>B.R.A.G. - SBH Health System<\/title>\n<meta name=\"robots\" content=\"index, follow, max-snippet:-1, max-image-preview:large, max-video-preview:-1\" \/>\n<link rel=\"canonical\" href=\"https:\/\/www.sbhny.org\/fr\/community-engagement\/brag\/\" \/>\n<meta property=\"og:locale\" content=\"fr_FR\" \/>\n<meta property=\"og:type\" content=\"article\" \/>\n<meta property=\"og:title\" content=\"B.R.A.G. - SBH Health System\" \/>\n<meta property=\"og:url\" content=\"https:\/\/www.sbhny.org\/fr\/community-engagement\/brag\/\" \/>\n<meta property=\"og:site_name\" content=\"SBH Health System\" \/>\n<meta property=\"article:publisher\" content=\"https:\/\/www.facebook.com\/SBHBronx\/\" \/>\n<meta name=\"twitter:card\" content=\"summary_large_image\" \/>\n<meta name=\"twitter:site\" content=\"@sbhbronx\" \/>\n<script type=\"application\/ld+json\" class=\"yoast-schema-graph\">{\"@context\":\"https:\/\/schema.org\",\"@graph\":[{\"@type\":\"WebPage\",\"@id\":\"https:\/\/www.sbhny.org\/community-engagement\/brag\/\",\"url\":\"https:\/\/www.sbhny.org\/community-engagement\/brag\/\",\"name\":\"B.R.A.G. - SBH Health System\",\"isPartOf\":{\"@id\":\"https:\/\/www.sbhny.org\/#website\"},\"datePublished\":\"2024-10-11T17:01:07+00:00\",\"breadcrumb\":{\"@id\":\"https:\/\/www.sbhny.org\/community-engagement\/brag\/#breadcrumb\"},\"inLanguage\":\"fr-FR\",\"potentialAction\":[{\"@type\":\"ReadAction\",\"target\":[\"https:\/\/www.sbhny.org\/community-engagement\/brag\/\"]}]},{\"@type\":\"BreadcrumbList\",\"@id\":\"https:\/\/www.sbhny.org\/community-engagement\/brag\/#breadcrumb\",\"itemListElement\":[{\"@type\":\"ListItem\",\"position\":1,\"name\":\"Home\",\"item\":\"https:\/\/www.sbhny.org\/\"},{\"@type\":\"ListItem\",\"position\":2,\"name\":\"Community Engagement\",\"item\":\"https:\/\/www.sbhny.org\/community-engagement\/\"},{\"@type\":\"ListItem\",\"position\":3,\"name\":\"B.R.A.G.\"}]},{\"@type\":\"WebSite\",\"@id\":\"https:\/\/www.sbhny.org\/#website\",\"url\":\"https:\/\/www.sbhny.org\/\",\"name\":\"SBH Health System\",\"description\":\"\",\"potentialAction\":[{\"@type\":\"SearchAction\",\"target\":{\"@type\":\"EntryPoint\",\"urlTemplate\":\"https:\/\/www.sbhny.org\/?s={search_term_string}\"},\"query-input\":{\"@type\":\"PropertyValueSpecification\",\"valueRequired\":true,\"valueName\":\"search_term_string\"}}],\"inLanguage\":\"fr-FR\"}]}<\/script>\n<!-- \/ Yoast SEO plugin. -->","yoast_head_json":{"title":"B.R.A.G. - Syst\u00e8me de sant\u00e9 SBH","robots":{"index":"index","follow":"follow","max-snippet":"max-snippet:-1","max-image-preview":"max-image-preview:large","max-video-preview":"max-video-preview:-1"},"canonical":"https:\/\/www.sbhny.org\/fr\/community-engagement\/brag\/","og_locale":"fr_FR","og_type":"article","og_title":"B.R.A.G. - SBH Health System","og_url":"https:\/\/www.sbhny.org\/fr\/community-engagement\/brag\/","og_site_name":"SBH Health System","article_publisher":"https:\/\/www.facebook.com\/SBHBronx\/","twitter_card":"summary_large_image","twitter_site":"@sbhbronx","schema":{"@context":"https:\/\/schema.org","@graph":[{"@type":"WebPage","@id":"https:\/\/www.sbhny.org\/community-engagement\/brag\/","url":"https:\/\/www.sbhny.org\/community-engagement\/brag\/","name":"B.R.A.G. - Syst\u00e8me de sant\u00e9 SBH","isPartOf":{"@id":"https:\/\/www.sbhny.org\/#website"},"datePublished":"2024-10-11T17:01:07+00:00","breadcrumb":{"@id":"https:\/\/www.sbhny.org\/community-engagement\/brag\/#breadcrumb"},"inLanguage":"fr-FR","potentialAction":[{"@type":"ReadAction","target":["https:\/\/www.sbhny.org\/community-engagement\/brag\/"]}]},{"@type":"BreadcrumbList","@id":"https:\/\/www.sbhny.org\/community-engagement\/brag\/#breadcrumb","itemListElement":[{"@type":"ListItem","position":1,"name":"Home","item":"https:\/\/www.sbhny.org\/"},{"@type":"ListItem","position":2,"name":"Community Engagement","item":"https:\/\/www.sbhny.org\/community-engagement\/"},{"@type":"ListItem","position":3,"name":"B.R.A.G."}]},{"@type":"WebSite","@id":"https:\/\/www.sbhny.org\/#website","url":"https:\/\/www.sbhny.org\/","name":"Syst\u00e8me de sant\u00e9 SBH","description":"","potentialAction":[{"@type":"SearchAction","target":{"@type":"EntryPoint","urlTemplate":"https:\/\/www.sbhny.org\/?s={search_term_string}"},"query-input":{"@type":"PropertyValueSpecification","valueRequired":true,"valueName":"search_term_string"}}],"inLanguage":"fr-FR"}]}},"_links":{"self":[{"href":"https:\/\/www.sbhny.org\/fr\/wp-json\/wp\/v2\/pages\/5771","targetHints":{"allow":["GET"]}}],"collection":[{"href":"https:\/\/www.sbhny.org\/fr\/wp-json\/wp\/v2\/pages"}],"about":[{"href":"https:\/\/www.sbhny.org\/fr\/wp-json\/wp\/v2\/types\/page"}],"author":[{"embeddable":true,"href":"https:\/\/www.sbhny.org\/fr\/wp-json\/wp\/v2\/users\/6"}],"replies":[{"embeddable":true,"href":"https:\/\/www.sbhny.org\/fr\/wp-json\/wp\/v2\/comments?post=5771"}],"version-history":[{"count":0,"href":"https:\/\/www.sbhny.org\/fr\/wp-json\/wp\/v2\/pages\/5771\/revisions"}],"up":[{"embeddable":true,"href":"https:\/\/www.sbhny.org\/fr\/wp-json\/wp\/v2\/pages\/1942"}],"wp:attachment":[{"href":"https:\/\/www.sbhny.org\/fr\/wp-json\/wp\/v2\/media?parent=5771"}],"curies":[{"name":"wp","href":"https:\/\/api.w.org\/{rel}","templated":true}]}}