{"id":6595,"date":"2025-06-05T17:02:37","date_gmt":"2025-06-05T17:02:37","guid":{"rendered":"https:\/\/www.sbhny.org\/?page_id=6595"},"modified":"2025-06-05T18:21:47","modified_gmt":"2025-06-05T18:21:47","slug":"electronic-request-for-records","status":"publish","type":"page","link":"https:\/\/www.sbhny.org\/fr\/electronic-request-for-records\/","title":{"rendered":"Demande \u00e9lectronique de documents"},"content":{"rendered":"<section class=\"breadcrumb-eyebrow-marquee\">\n  <div class=\"max-width marquee-spacing\">\n    <nav class=\"breadcrumbs\" aria-label=\"Fil d&#039;Ariane\">\n      <ul class=\"breadcrumbs-list\" itemscope itemtype=\"https:\/\/schema.org\/BreadcrumbList\">\n        <li itemprop=\"itemListElement\" itemscope\n itemtype=\"https:\/\/schema.org\/ListItem\"><a itemprop=\"item\" href=\"\/fr\/\"><span itemprop=\"name\">Maison<\/span><\/a><\/li>\n                \n        <li itemprop=\"itemListElement\" itemscope\n itemtype=\"https:\/\/schema.org\/ListItem\"><a itemprop=\"item\" class=\"current\" aria-current=\"page\" href=\"https:\/\/www.sbhny.org\/fr\/electronic-request-for-records\/\"><span itemprop=\"name\">Demande \u00e9lectronique de documents<\/span><\/a><\/li>\n    <\/ul>\n\n    <\/nav>\n    <div class=\"eyebrow\">\n              <p class=\"main-heading\">Demande \u00e9lectronique de dossiers m\u00e9dicaux<\/p>\n          <\/div>    \n  <\/div>\n<\/section>\n\n\n<section class=\"image-twocol-hero background-image\">\n  <div class=\"max-width standard-spacing twocol-row\">\n\n          <div class=\"image-col twocol-col\" style=\"background-image: url('https:\/\/www.sbhny.org\/wp-content\/uploads\/2024\/05\/shutterstock_1935610528.jpg');\"><\/div>\n    \n\n    <div class=\"content-col twocol-col\">\n              <h2 class=\"main-heading\">Acc\u00e8s aux dossiers des patients<\/h2>\n            <div class=\"body-copy\">\n        <p>Le SBH Health System offre un moyen facile et s\u00e9curis\u00e9 de demander les dossiers m\u00e9dicaux des patients en ligne, que vous soyez un patient, un soignant ou un prestataire de soins de sant\u00e9.<\/p>\n      <\/div>\n      \n        \n      \n          <\/div>\n  <\/div>\n<\/section>\n\n\n<section class=\"alternating-content-image-rows first white\">\n\n  \n          <div class=\"standard-spacing no-side-spacing no-bottom-spacing content-image-block not-reversed\">\n            <div class=\"content-image-row\">\n              <div class=\"content-side\">\n  \n                <!-- Display icon if there is one -->\n                  \n                <!-- Display heading if there is one -->\n                <!-- If there is intro copy, display h3 -->\n                <!-- If there is no intro copy, display h2 -->\n                                  <h2 class=\"small-heading\">Pour les patients, les parents et les soignants<\/h2>\n                                  \n                <!-- Display body copy if there is body copy -->\n                                  <div class=\"body-copy\"><p>Utilisez notre outil de demande de dossier patient en ligne pour demander des dossiers m\u00e9dicaux pour vous-m\u00eame ou au nom de quelqu'un d'autre. Cet outil pratique vous permet de v\u00e9rifier votre identit\u00e9 en t\u00e9l\u00e9chargeant une photo de votre permis de conduire \u00e0 l'aide d'un smartphone ou d'une webcam, ce qui vous \u00e9vite de vous rendre \u00e0 l'h\u00f4pital.<\/p>\n<ul>\n<li>L'utilisation de l'outil de demande est gratuite, mais des frais standard peuvent s'appliquer pour les copies de dossiers qui ne sont pas demand\u00e9es par un prestataire de soins de sant\u00e9 pour les soins directs au patient.<\/li>\n<li>Pour r\u00e9duire les frais, nous recommandons de demander des documents sp\u00e9cifiques plut\u00f4t qu'un dossier complet.<\/li>\n<li>Pour une meilleure exp\u00e9rience, veuillez utiliser Chrome, Safari ou Firefox.<\/li>\n<li>Besoin d'aide ? Appelez le 718-960-6111.<\/li>\n<\/ul>\n<\/div>\n                  \n                                \n                                  <a href=\"https:\/\/www.swellbox.com\/sbh-health-system-wizard.html\" class=\"btn standard\">Demande de dossiers en tant que patient ou soignant<\/a>\n                \n                \n                  \n              <\/div>\n              \n              <!-- Display main image if there is an image -->\n                            <div class=\"image-side\" style=\"background-image: url('https:\/\/www.sbhny.org\/wp-content\/uploads\/2024\/09\/young-woman-nurse-helping-black-senior-man-using-l-2023-11-27-04-51-43-utc-scaled.jpg');\"><\/div>\n                \n            <\/div>\n          <\/div>\n  \n          \n          <div class=\"standard-spacing no-side-spacing no-bottom-spacing content-image-block not-reversed\">\n            <div class=\"content-image-row\">\n              <div class=\"content-side\">\n  \n                <!-- Display icon if there is one -->\n                  \n                <!-- Display heading if there is one -->\n                <!-- If there is intro copy, display h3 -->\n                <!-- If there is no intro copy, display h2 -->\n                                  <h2 class=\"small-heading\">Pour les prestataires de soins de sant\u00e9<\/h2>\n                                  \n                <!-- Display body copy if there is body copy -->\n                                  <div class=\"body-copy\"><p>Si vous \u00eates un prestataire de soins de sant\u00e9 et que vous souhaitez obtenir des dossiers de patients pour assurer la continuit\u00e9 des soins, veuillez utiliser notre portail d\u00e9di\u00e9 pour un acc\u00e8s simplifi\u00e9.<\/p>\n<\/div>\n                  \n                                \n                                  <a href=\"https:\/\/www.swellbox.com\/sbh-health-system-provider-wizard.html\" class=\"btn standard\">Demander des dossiers en tant que fournisseur<\/a>\n                \n                \n                  \n              <\/div>\n              \n              <!-- Display main image if there is an image -->\n                            <div class=\"image-side\" style=\"background-image: url('https:\/\/www.sbhny.org\/wp-content\/uploads\/2024\/09\/DSC_1718-scaled.jpg');\"><\/div>\n                \n            <\/div>\n          <\/div>\n  \n        \n\n\n\n<\/section>","protected":false},"excerpt":{"rendered":"","protected":false},"author":2,"featured_media":0,"parent":0,"menu_order":0,"comment_status":"closed","ping_status":"closed","template":"","meta":{"_acf_changed":true,"_eb_attr":"","_price":"","_stock":"","_tribe_ticket_header":"","_tribe_default_ticket_provider":"","_tribe_ticket_capacity":"0","_ticket_start_date":"","_ticket_end_date":"","_tribe_ticket_show_description":"","_tribe_ticket_show_not_going":false,"_tribe_ticket_use_global_stock":"","_tribe_ticket_global_stock_level":"","_global_stock_mode":"","_global_stock_cap":"","_tribe_rsvp_for_event":"","_tribe_ticket_going_count":"","_tribe_ticket_not_going_count":"","_tribe_tickets_list":"[]","_tribe_ticket_has_attendee_info_fields":false,"footnotes":""},"class_list":["post-6595","page","type-page","status-publish","hentry"],"acf":[],"yoast_head":"<!-- This site is optimized with the Yoast SEO plugin v26.5 - https:\/\/yoast.com\/wordpress\/plugins\/seo\/ -->\n<title>Electronic Request for Records - SBH Health System<\/title>\n<meta name=\"robots\" content=\"index, follow, max-snippet:-1, max-image-preview:large, max-video-preview:-1\" \/>\n<link rel=\"canonical\" href=\"https:\/\/www.sbhny.org\/fr\/electronic-request-for-records\/\" \/>\n<meta property=\"og:locale\" content=\"fr_FR\" \/>\n<meta property=\"og:type\" content=\"article\" \/>\n<meta property=\"og:title\" content=\"Electronic Request for Records - SBH Health System\" \/>\n<meta property=\"og:url\" content=\"https:\/\/www.sbhny.org\/fr\/electronic-request-for-records\/\" \/>\n<meta property=\"og:site_name\" content=\"SBH Health System\" \/>\n<meta property=\"article:publisher\" content=\"https:\/\/www.facebook.com\/SBHBronx\/\" \/>\n<meta property=\"article:modified_time\" content=\"2025-06-05T18:21:47+00:00\" \/>\n<meta name=\"twitter:card\" content=\"summary_large_image\" \/>\n<meta name=\"twitter:site\" content=\"@sbhbronx\" \/>\n<script type=\"application\/ld+json\" class=\"yoast-schema-graph\">{\"@context\":\"https:\/\/schema.org\",\"@graph\":[{\"@type\":\"WebPage\",\"@id\":\"https:\/\/www.sbhny.org\/electronic-request-for-records\/\",\"url\":\"https:\/\/www.sbhny.org\/electronic-request-for-records\/\",\"name\":\"Electronic Request for Records - SBH Health System\",\"isPartOf\":{\"@id\":\"https:\/\/www.sbhny.org\/#website\"},\"datePublished\":\"2025-06-05T17:02:37+00:00\",\"dateModified\":\"2025-06-05T18:21:47+00:00\",\"breadcrumb\":{\"@id\":\"https:\/\/www.sbhny.org\/electronic-request-for-records\/#breadcrumb\"},\"inLanguage\":\"fr-FR\",\"potentialAction\":[{\"@type\":\"ReadAction\",\"target\":[\"https:\/\/www.sbhny.org\/electronic-request-for-records\/\"]}]},{\"@type\":\"BreadcrumbList\",\"@id\":\"https:\/\/www.sbhny.org\/electronic-request-for-records\/#breadcrumb\",\"itemListElement\":[{\"@type\":\"ListItem\",\"position\":1,\"name\":\"Home\",\"item\":\"https:\/\/www.sbhny.org\/\"},{\"@type\":\"ListItem\",\"position\":2,\"name\":\"Electronic Request for Records\"}]},{\"@type\":\"WebSite\",\"@id\":\"https:\/\/www.sbhny.org\/#website\",\"url\":\"https:\/\/www.sbhny.org\/\",\"name\":\"SBH Health System\",\"description\":\"\",\"potentialAction\":[{\"@type\":\"SearchAction\",\"target\":{\"@type\":\"EntryPoint\",\"urlTemplate\":\"https:\/\/www.sbhny.org\/?s={search_term_string}\"},\"query-input\":{\"@type\":\"PropertyValueSpecification\",\"valueRequired\":true,\"valueName\":\"search_term_string\"}}],\"inLanguage\":\"fr-FR\"}]}<\/script>\n<!-- \/ Yoast SEO plugin. -->","yoast_head_json":{"title":"Demande \u00e9lectronique de dossiers - SBH Health System","robots":{"index":"index","follow":"follow","max-snippet":"max-snippet:-1","max-image-preview":"max-image-preview:large","max-video-preview":"max-video-preview:-1"},"canonical":"https:\/\/www.sbhny.org\/fr\/electronic-request-for-records\/","og_locale":"fr_FR","og_type":"article","og_title":"Electronic Request for Records - SBH Health System","og_url":"https:\/\/www.sbhny.org\/fr\/electronic-request-for-records\/","og_site_name":"SBH Health System","article_publisher":"https:\/\/www.facebook.com\/SBHBronx\/","article_modified_time":"2025-06-05T18:21:47+00:00","twitter_card":"summary_large_image","twitter_site":"@sbhbronx","schema":{"@context":"https:\/\/schema.org","@graph":[{"@type":"WebPage","@id":"https:\/\/www.sbhny.org\/electronic-request-for-records\/","url":"https:\/\/www.sbhny.org\/electronic-request-for-records\/","name":"Demande \u00e9lectronique de dossiers - SBH Health System","isPartOf":{"@id":"https:\/\/www.sbhny.org\/#website"},"datePublished":"2025-06-05T17:02:37+00:00","dateModified":"2025-06-05T18:21:47+00:00","breadcrumb":{"@id":"https:\/\/www.sbhny.org\/electronic-request-for-records\/#breadcrumb"},"inLanguage":"fr-FR","potentialAction":[{"@type":"ReadAction","target":["https:\/\/www.sbhny.org\/electronic-request-for-records\/"]}]},{"@type":"BreadcrumbList","@id":"https:\/\/www.sbhny.org\/electronic-request-for-records\/#breadcrumb","itemListElement":[{"@type":"ListItem","position":1,"name":"Home","item":"https:\/\/www.sbhny.org\/"},{"@type":"ListItem","position":2,"name":"Electronic Request for Records"}]},{"@type":"WebSite","@id":"https:\/\/www.sbhny.org\/#website","url":"https:\/\/www.sbhny.org\/","name":"Syst\u00e8me de sant\u00e9 SBH","description":"","potentialAction":[{"@type":"SearchAction","target":{"@type":"EntryPoint","urlTemplate":"https:\/\/www.sbhny.org\/?s={search_term_string}"},"query-input":{"@type":"PropertyValueSpecification","valueRequired":true,"valueName":"search_term_string"}}],"inLanguage":"fr-FR"}]}},"_links":{"self":[{"href":"https:\/\/www.sbhny.org\/fr\/wp-json\/wp\/v2\/pages\/6595","targetHints":{"allow":["GET"]}}],"collection":[{"href":"https:\/\/www.sbhny.org\/fr\/wp-json\/wp\/v2\/pages"}],"about":[{"href":"https:\/\/www.sbhny.org\/fr\/wp-json\/wp\/v2\/types\/page"}],"author":[{"embeddable":true,"href":"https:\/\/www.sbhny.org\/fr\/wp-json\/wp\/v2\/users\/2"}],"replies":[{"embeddable":true,"href":"https:\/\/www.sbhny.org\/fr\/wp-json\/wp\/v2\/comments?post=6595"}],"version-history":[{"count":0,"href":"https:\/\/www.sbhny.org\/fr\/wp-json\/wp\/v2\/pages\/6595\/revisions"}],"wp:attachment":[{"href":"https:\/\/www.sbhny.org\/fr\/wp-json\/wp\/v2\/media?parent=6595"}],"curies":[{"name":"wp","href":"https:\/\/api.w.org\/{rel}","templated":true}]}}