{"id":6641,"date":"2025-06-16T18:22:22","date_gmt":"2025-06-16T18:22:22","guid":{"rendered":"https:\/\/www.sbhny.org\/?page_id=6641"},"modified":"2025-07-15T18:14:19","modified_gmt":"2025-07-15T18:14:19","slug":"health-equity-assessment-2025","status":"publish","type":"page","link":"https:\/\/www.sbhny.org\/fr\/health-equity-assessment-2025\/","title":{"rendered":"\u00c9valuation de l'\u00e9quit\u00e9 en mati\u00e8re de sant\u00e9 2025"},"content":{"rendered":"<section class=\"image-twocol-hero background-image\">\n  <div class=\"max-width standard-spacing twocol-row\">\n\n          <div class=\"image-col twocol-col\" style=\"background-image: url('https:\/\/www.sbhny.org\/wp-content\/uploads\/2025\/06\/Heia-s.jpg');\"><\/div>\n    \n\n    <div class=\"content-col twocol-col\">\n              <h1 class=\"main-heading\">\u00c9valuation de l'\u00e9quit\u00e9 en mati\u00e8re de sant\u00e9 2025<\/h1>\n            <div class=\"body-copy\">\n              <\/div>\n      \n        \n      \n          <\/div>\n  <\/div>\n<\/section>\n\n<section class=\"text-block white-background\">\n  <div class=\"small-max-width standard-spacing body-copy\">\n    <p><a class=\"arrow-cta\" target=\"_blank\" href=\"https:\/\/www.sbhny.org\/wp-content\/uploads\/2025\/07\/Redacted-CON-Behavioral-Health-251281-SBH-Website-Posting.pdf\">Certificat de besoin<\/a><\/p>\n<p><a class=\"arrow-cta\" target=\"_blank\" href=\"https:\/\/www.sbhny.org\/wp-content\/uploads\/2025\/06\/251281-submitted.pdf\">Soumission \u00e9lectronique du certificat de besoin de l'\u00c9tat de New York<\/a><\/p>\n<p><a class=\"arrow-cta\" target=\"_blank\" href=\"https:\/\/www.sbhny.org\/wp-content\/uploads\/2025\/07\/HEIA-requirement-criteria.pdf\">Crit\u00e8res d'\u00e9valuation de l'impact sur l'\u00e9quit\u00e9 en mati\u00e8re de sant\u00e9<\/a><\/p>\n<p><a class=\"arrow-cta\" target=\"_blank\" href=\"https:\/\/www.sbhny.org\/wp-content\/uploads\/2025\/06\/heia_narrative_SBH-Psych.pdf\">Description de l'\u00e9valuation de l'impact sur l'\u00e9quit\u00e9 en mati\u00e8re de sant\u00e9<\/a><\/p>\n<p><a class=\"arrow-cta\" target=\"_blank\" href=\"https:\/\/www.sbhny.org\/wp-content\/uploads\/2025\/06\/SBH-Psych-COI.pdf\">\u00c9valuation de l'impact sur l'\u00e9quit\u00e9 en mati\u00e8re de sant\u00e9 Conflit d'int\u00e9r\u00eats<\/a><\/p>\n<p><a class=\"arrow-cta\" target=\"_blank\" href=\"https:\/\/www.sbhny.org\/wp-content\/uploads\/2025\/06\/heia_data_tables_SBH-Psych.xlsx\">Tableaux de donn\u00e9es de l'\u00e9valuation de l'impact sur l'\u00e9quit\u00e9 en sant\u00e9<\/a><\/p>\n  <\/div>\n<\/section>","protected":false},"excerpt":{"rendered":"","protected":false},"author":2,"featured_media":0,"parent":0,"menu_order":0,"comment_status":"closed","ping_status":"closed","template":"","meta":{"_acf_changed":false,"_eb_attr":"","_price":"","_stock":"","_tribe_ticket_header":"","_tribe_default_ticket_provider":"","_tribe_ticket_capacity":"0","_ticket_start_date":"","_ticket_end_date":"","_tribe_ticket_show_description":"","_tribe_ticket_show_not_going":false,"_tribe_ticket_use_global_stock":"","_tribe_ticket_global_stock_level":"","_global_stock_mode":"","_global_stock_cap":"","_tribe_rsvp_for_event":"","_tribe_ticket_going_count":"","_tribe_ticket_not_going_count":"","_tribe_tickets_list":"[]","_tribe_ticket_has_attendee_info_fields":false,"footnotes":""},"class_list":["post-6641","page","type-page","status-publish","hentry"],"acf":[],"yoast_head":"<!-- This site is optimized with the Yoast SEO plugin v26.5 - https:\/\/yoast.com\/wordpress\/plugins\/seo\/ -->\n<title>Health Equity Assessment 2025 - SBH Health System<\/title>\n<meta name=\"robots\" content=\"index, follow, max-snippet:-1, max-image-preview:large, max-video-preview:-1\" \/>\n<link rel=\"canonical\" href=\"https:\/\/www.sbhny.org\/fr\/health-equity-assessment-2025\/\" \/>\n<meta property=\"og:locale\" content=\"fr_FR\" \/>\n<meta property=\"og:type\" content=\"article\" \/>\n<meta property=\"og:title\" content=\"Health Equity Assessment 2025 - SBH Health System\" \/>\n<meta property=\"og:url\" content=\"https:\/\/www.sbhny.org\/fr\/health-equity-assessment-2025\/\" \/>\n<meta property=\"og:site_name\" content=\"SBH Health System\" \/>\n<meta property=\"article:publisher\" content=\"https:\/\/www.facebook.com\/SBHBronx\/\" \/>\n<meta property=\"article:modified_time\" content=\"2025-07-15T18:14:19+00:00\" \/>\n<meta name=\"twitter:card\" content=\"summary_large_image\" \/>\n<meta name=\"twitter:site\" content=\"@sbhbronx\" \/>\n<script type=\"application\/ld+json\" class=\"yoast-schema-graph\">{\"@context\":\"https:\/\/schema.org\",\"@graph\":[{\"@type\":\"WebPage\",\"@id\":\"https:\/\/www.sbhny.org\/health-equity-assessment-2025\/\",\"url\":\"https:\/\/www.sbhny.org\/health-equity-assessment-2025\/\",\"name\":\"Health Equity Assessment 2025 - SBH Health System\",\"isPartOf\":{\"@id\":\"https:\/\/www.sbhny.org\/#website\"},\"datePublished\":\"2025-06-16T18:22:22+00:00\",\"dateModified\":\"2025-07-15T18:14:19+00:00\",\"breadcrumb\":{\"@id\":\"https:\/\/www.sbhny.org\/health-equity-assessment-2025\/#breadcrumb\"},\"inLanguage\":\"fr-FR\",\"potentialAction\":[{\"@type\":\"ReadAction\",\"target\":[\"https:\/\/www.sbhny.org\/health-equity-assessment-2025\/\"]}]},{\"@type\":\"BreadcrumbList\",\"@id\":\"https:\/\/www.sbhny.org\/health-equity-assessment-2025\/#breadcrumb\",\"itemListElement\":[{\"@type\":\"ListItem\",\"position\":1,\"name\":\"Home\",\"item\":\"https:\/\/www.sbhny.org\/\"},{\"@type\":\"ListItem\",\"position\":2,\"name\":\"Health Equity Assessment 2025\"}]},{\"@type\":\"WebSite\",\"@id\":\"https:\/\/www.sbhny.org\/#website\",\"url\":\"https:\/\/www.sbhny.org\/\",\"name\":\"SBH Health System\",\"description\":\"\",\"potentialAction\":[{\"@type\":\"SearchAction\",\"target\":{\"@type\":\"EntryPoint\",\"urlTemplate\":\"https:\/\/www.sbhny.org\/?s={search_term_string}\"},\"query-input\":{\"@type\":\"PropertyValueSpecification\",\"valueRequired\":true,\"valueName\":\"search_term_string\"}}],\"inLanguage\":\"fr-FR\"}]}<\/script>\n<!-- \/ Yoast SEO plugin. -->","yoast_head_json":{"title":"Health Equity Assessment 2025 - SBH Health System","robots":{"index":"index","follow":"follow","max-snippet":"max-snippet:-1","max-image-preview":"max-image-preview:large","max-video-preview":"max-video-preview:-1"},"canonical":"https:\/\/www.sbhny.org\/fr\/health-equity-assessment-2025\/","og_locale":"fr_FR","og_type":"article","og_title":"Health Equity Assessment 2025 - SBH Health System","og_url":"https:\/\/www.sbhny.org\/fr\/health-equity-assessment-2025\/","og_site_name":"SBH Health System","article_publisher":"https:\/\/www.facebook.com\/SBHBronx\/","article_modified_time":"2025-07-15T18:14:19+00:00","twitter_card":"summary_large_image","twitter_site":"@sbhbronx","schema":{"@context":"https:\/\/schema.org","@graph":[{"@type":"WebPage","@id":"https:\/\/www.sbhny.org\/health-equity-assessment-2025\/","url":"https:\/\/www.sbhny.org\/health-equity-assessment-2025\/","name":"Health Equity Assessment 2025 - SBH Health System","isPartOf":{"@id":"https:\/\/www.sbhny.org\/#website"},"datePublished":"2025-06-16T18:22:22+00:00","dateModified":"2025-07-15T18:14:19+00:00","breadcrumb":{"@id":"https:\/\/www.sbhny.org\/health-equity-assessment-2025\/#breadcrumb"},"inLanguage":"fr-FR","potentialAction":[{"@type":"ReadAction","target":["https:\/\/www.sbhny.org\/health-equity-assessment-2025\/"]}]},{"@type":"BreadcrumbList","@id":"https:\/\/www.sbhny.org\/health-equity-assessment-2025\/#breadcrumb","itemListElement":[{"@type":"ListItem","position":1,"name":"Home","item":"https:\/\/www.sbhny.org\/"},{"@type":"ListItem","position":2,"name":"Health Equity Assessment 2025"}]},{"@type":"WebSite","@id":"https:\/\/www.sbhny.org\/#website","url":"https:\/\/www.sbhny.org\/","name":"Syst\u00e8me de sant\u00e9 SBH","description":"","potentialAction":[{"@type":"SearchAction","target":{"@type":"EntryPoint","urlTemplate":"https:\/\/www.sbhny.org\/?s={search_term_string}"},"query-input":{"@type":"PropertyValueSpecification","valueRequired":true,"valueName":"search_term_string"}}],"inLanguage":"fr-FR"}]}},"_links":{"self":[{"href":"https:\/\/www.sbhny.org\/fr\/wp-json\/wp\/v2\/pages\/6641","targetHints":{"allow":["GET"]}}],"collection":[{"href":"https:\/\/www.sbhny.org\/fr\/wp-json\/wp\/v2\/pages"}],"about":[{"href":"https:\/\/www.sbhny.org\/fr\/wp-json\/wp\/v2\/types\/page"}],"author":[{"embeddable":true,"href":"https:\/\/www.sbhny.org\/fr\/wp-json\/wp\/v2\/users\/2"}],"replies":[{"embeddable":true,"href":"https:\/\/www.sbhny.org\/fr\/wp-json\/wp\/v2\/comments?post=6641"}],"version-history":[{"count":0,"href":"https:\/\/www.sbhny.org\/fr\/wp-json\/wp\/v2\/pages\/6641\/revisions"}],"wp:attachment":[{"href":"https:\/\/www.sbhny.org\/fr\/wp-json\/wp\/v2\/media?parent=6641"}],"curies":[{"name":"wp","href":"https:\/\/api.w.org\/{rel}","templated":true}]}}