{"id":882,"date":"2024-05-13T14:59:42","date_gmt":"2024-05-13T14:59:42","guid":{"rendered":"https:\/\/sbhny.wpenginepowered.com\/?page_id=882"},"modified":"2025-07-09T14:52:43","modified_gmt":"2025-07-09T14:52:43","slug":"about-sbh","status":"publish","type":"page","link":"https:\/\/www.sbhny.org\/fr\/about-sbh\/","title":{"rendered":"\u00c0 propos de SBH"},"content":{"rendered":"<section class=\"breadcrumb-eyebrow-marquee\">\n  <div class=\"max-width marquee-spacing\">\n    <nav class=\"breadcrumbs\" aria-label=\"Fil d&#039;Ariane\">\n      <ul class=\"breadcrumbs-list\" itemscope itemtype=\"https:\/\/schema.org\/BreadcrumbList\">\n        <li itemprop=\"itemListElement\" itemscope\n itemtype=\"https:\/\/schema.org\/ListItem\"><a itemprop=\"item\" href=\"\/fr\/\"><span itemprop=\"name\">Maison<\/span><\/a><\/li>\n                \n        <li itemprop=\"itemListElement\" itemscope\n itemtype=\"https:\/\/schema.org\/ListItem\"><a itemprop=\"item\" class=\"current\" aria-current=\"page\" href=\"https:\/\/www.sbhny.org\/fr\/about-sbh\/\"><span itemprop=\"name\">\u00c0 propos de SBH<\/span><\/a><\/li>\n    <\/ul>\n\n    <\/nav>\n    <div class=\"eyebrow\">\n              <p class=\"main-heading\">\u00c0 propos de SBH<\/p>\n          <\/div>    \n  <\/div>\n<\/section>\n\n\n<section class=\"image-twocol-hero image-twocol-hero-stats\">\n  <div class=\"max-width standard-spacing twocol-row\">\n    <div class=\"image-col twocol-col\" style=\"background-image: url('https:\/\/www.sbhny.org\/wp-content\/uploads\/2024\/09\/DSC_2681-scaled-e1727468987501.jpg');\"><\/div>\n    <div class=\"content-col twocol-col\">\n      <h1 class=\"main-heading\">Nous sommes le Bronx<\/h1>\n      <div class=\"body-copy\">\n        <p>Le SBH Health System s'engage \u00e0 am\u00e9liorer la sant\u00e9, le bien-\u00eatre et la prosp\u00e9rit\u00e9 de notre communaut\u00e9. Nos divers prestataires de soins de sant\u00e9 et notre personnel sont l\u00e0 pour vous fournir des soins de la plus haute qualit\u00e9, centr\u00e9s sur le patient, quels que soient ses ant\u00e9c\u00e9dents, son identit\u00e9 ou son statut \u00e9conomique.<\/p>\n<p>Nous sommes ici depuis pr\u00e8s de 160 ans. Et notre engagement \u00e0 fournir \u00e0 la communaut\u00e9 du Bronx le plus haut niveau de soins n'a jamais faibli. Et il ne faiblira jamais. En tant que leader et pilier de la communaut\u00e9 du Bronx, notre organisation est impr\u00e9gn\u00e9e de cinq valeurs essentielles : la diversit\u00e9, le respect, l'int\u00e9grit\u00e9, la vision et l'excellence.<\/p>\n      <\/div>\n      \n\n              <div class=\"animated-stats\">\n                      <div class=\"doctors stat-container\">\n              <p class=\"large-body-copy\">\n                <span class=\"jumbo-heading\"><span class=\"stat\" data-count=\"225\">0<\/span>+<\/span>\n                <br>\n                <strong>M\u00e9decins<\/strong>\n              <\/p>\n            <\/div>          \n                              <div class=\"nurses stat-container\">\n            <p class=\"large-body-copy\">\n              <span class=\"jumbo-heading\"><span class=\"stat\" data-count=\"497\">0<\/span>+<\/span>\n              <br>\n              <strong>Infirmi\u00e8res<\/strong>\n            <\/p>\n          <\/div>\n                              <div class=\"specialties stat-container\">\n            <p class=\"large-body-copy\">\n              <span class=\"jumbo-heading\"><span class=\"stat\" data-count=\"70\">0<\/span><\/span>\n              <br>\n              <strong>Sp\u00e9cialit\u00e9s<\/strong>\n            <\/p>\n          <\/div>\n                              <div class=\"locations stat-container\">\n            <p class=\"large-body-copy\">\n              <span class=\"jumbo-heading\"><span class=\"stat\" data-count=\"6\">0<\/span><\/span>\n              <br>\n              <strong>Emplacements<\/strong>\n            <\/p>\n          <\/div>\n          \n        <\/div>\n          <\/div>\n  <\/div>\n<\/section>\n\n\n<section class=\"alternating-content-image-rows first gray-desktop\">\n\n  \n          <div class=\"standard-spacing no-side-spacing no-bottom-spacing content-image-block not-reversed\">\n            <div class=\"content-image-row\">\n              <div class=\"content-side\">\n  \n                <!-- Display icon if there is one -->\n                  \n                <!-- Display heading if there is one -->\n                <!-- If there is intro copy, display h3 -->\n                <!-- If there is no intro copy, display h2 -->\n                                  <h2 class=\"small-heading\">Un h\u00e9ritage de soins compatissants et proactifs<\/h2>\n                                  \n                <!-- Display body copy if there is body copy -->\n                                  <div class=\"body-copy\"><p>Le SBH Health System est le plus ancien \u00e9tablissement de sant\u00e9 permanent de l'\u00c9tat de New York. Depuis pr\u00e8s de 160 ans, nous travaillons en partenariat avec les habitants du Bronx pour construire une communaut\u00e9 plus saine et am\u00e9liorer l'acc\u00e8s aux services vitaux et aux ressources qui am\u00e9liorent le bien-\u00eatre g\u00e9n\u00e9ral.<\/p>\n<p>Nous pensons que les soins de sant\u00e9 doivent aller au-del\u00e0 du simple traitement des maladies. Au contraire, nous cr\u00e9ons des ressources et des programmes qui r\u00e9pondent de mani\u00e8re proactive aux divers besoins de notre communaut\u00e9 et favorisent le bien-\u00eatre de l'ensemble de la personne. Nous nous concentrons sur des questions telles que le logement abordable, l'ins\u00e9curit\u00e9 alimentaire, la lutte contre la violence et l'\u00e9ducation \u00e0 la sant\u00e9.<\/p>\n<\/div>\n                  \n                                \n                \n                \n                  \n              <\/div>\n              \n              <!-- Display main image if there is an image -->\n                            <div class=\"image-side\" style=\"background-image: url('https:\/\/www.sbhny.org\/wp-content\/uploads\/2024\/09\/DSC_4608-scaled.jpg');\"><\/div>\n                \n            <\/div>\n          <\/div>\n  \n          \n          <div class=\"standard-spacing no-side-spacing no-bottom-spacing content-image-block not-reversed\">\n            <div class=\"content-image-row\">\n              <div class=\"content-side\">\n  \n                <!-- Display icon if there is one -->\n                  \n                <!-- Display heading if there is one -->\n                <!-- If there is intro copy, display h3 -->\n                <!-- If there is no intro copy, display h2 -->\n                                  <h2 class=\"small-heading\">Les personnes font la diff\u00e9rence<\/h2>\n                                  \n                <!-- Display body copy if there is body copy -->\n                                  <div class=\"body-copy\"><p>Nous pensons que chaque membre de notre communaut\u00e9 m\u00e9rite le soutien et l'\u00e9ducation n\u00e9cessaires pour prendre en charge sa sant\u00e9, son bien-\u00eatre et son avenir. Tout ce que nous faisons vise \u00e0 am\u00e9liorer la sant\u00e9 g\u00e9n\u00e9rale et la qualit\u00e9 de vie de tous les habitants du Bronx.<\/p>\n<p>Pour nous, la r\u00e9alisation de cette vision commence au c\u0153ur de notre organisation - les personnes qui composent la main-d'\u0153uvre diversifi\u00e9e de prestataires de soins de sant\u00e9 et d'employ\u00e9s compatissants. Une approche des soins de sant\u00e9 v\u00e9ritablement centr\u00e9e sur la communaut\u00e9 n'est possible qu'avec un personnel qui repr\u00e9sente r\u00e9ellement la diversit\u00e9 raciale et ethnique de nos quartiers.<\/p>\n<\/div>\n                  \n                                \n                \n                \n                  \n              <\/div>\n              \n              <!-- Display main image if there is an image -->\n                            <div class=\"image-side\" style=\"background-image: url('https:\/\/www.sbhny.org\/wp-content\/uploads\/2024\/05\/compassionate-proactive-care.jpg');\"><\/div>\n                \n            <\/div>\n          <\/div>\n  \n        \n\n\n\n<\/section>\n\n\n<section class=\"image-twocol-hero\">\n  <div class=\"max-width standard-spacing twocol-row\">\n\n          <div class=\"twocol-col\" >\n        <div class=\"linked-images-collage\">\n          <div class=\"top-row\">\n            <a href=\"\/fr\/our-leadership\/\">\n              <div class=\"top-left\" style=\"background-image:url('https:\/\/www.sbhny.org\/wp-content\/uploads\/2024\/09\/Dr-Kul-l.jpg');\"><\/div>\n            <\/a>\n            <a href=\"\/fr\/our-leadership\/\">\n              <div class=\"top-right\" style=\"background-image:url('https:\/\/www.sbhny.org\/wp-content\/uploads\/2024\/06\/Image.jpg');\"><\/div>\n            <\/a>\n          <\/div>\n          <div class=\"bottom-row\">\n            <a href=\"\/fr\/our-leadership\/\">\n              <div class=\"bottom-left\" style=\"background-image:url('https:\/\/www.sbhny.org\/wp-content\/uploads\/2024\/06\/Image-2.jpg');\"><\/div>\n            <\/a>\n            <a href=\"\/fr\/our-leadership\/\">\n              <div class=\"bottom-center\" style=\"background-image:url('https:\/\/www.sbhny.org\/wp-content\/uploads\/2024\/06\/Image-3.jpg');\"><\/div>\n            <\/a>\n            <a href=\"\/fr\/our-leadership\/\">\n              <div class=\"bottom-right\" style=\"background-image:url('https:\/\/www.sbhny.org\/wp-content\/uploads\/2024\/06\/Image-1.jpg');\"><\/div>\n            <\/a>\n          <\/div>\n        <\/div>\n      <\/div>\n    \n\n    <div class=\"content-col twocol-col\">\n              <h2 class=\"main-heading\">Notre leadership<\/h2>\n            <div class=\"body-copy\">\n        <p>La qualit\u00e9 est le reflet du leadership. Et le SBH est dirig\u00e9 aujourd'hui et \u00e0 l'avenir par des personnes parmi les plus comp\u00e9tentes et les plus diversifi\u00e9es.<\/p>\n      <\/div>\n              <div class=\"cta-row\">\n                  <a href=\"\/fr\/our-leadership\/\" target=\"\" class=\"btn\">Voir notre \u00e9quipe de direction<\/a>\n        \n                <\/div>        \n      \n        \n      \n          <\/div>\n  <\/div>\n<\/section>\n\n\n<section class=\"resources-background-section\" >\n  <div class=\"max-width standard-spacing\">\n    <div class=\"intro-copy\">\n      <h2 class=\"main-heading\">Participez \u00e0 notre mission<\/h2>\n              <div class=\"body-copy\"><p>Rejoignez-nous pour construire une communaut\u00e9 prosp\u00e8re et plus saine o\u00f9 le bien-\u00eatre et la vitalit\u00e9 sont accessibles \u00e0 tous.<\/p>\n<\/div>\n          <\/div>\n\n\n    \n    \n    <div class=\"resources-row\">\n\n          <div class=\"resource-card\">\n                <img decoding=\"async\" src=\"https:\/\/www.sbhny.org\/wp-content\/uploads\/2024\/05\/make-a-donation.png\" alt=\"icon\">\n        \n                <p class=\"large-body-copy\"><strong>Devenir partenaire<\/strong><\/p>\n        \n                <p class=\"medium-body-copy\">Soutenez le SBH et sa mission d'am\u00e9lioration de la sant\u00e9 et du bien-\u00eatre de la communaut\u00e9 du Bronx.<\/p>\n        \n                <a href=\"\/fr\/donation\/\" class=\"arrow-cta\">En savoir plus<\/a>\n              <\/div>\n\n            <div class=\"resource-card\">\n                <img decoding=\"async\" src=\"https:\/\/www.sbhny.org\/wp-content\/uploads\/2024\/05\/careers-with-sbh.png\" alt=\"icon\">\n        \n                <p class=\"large-body-copy\"><strong>Carri\u00e8res au SBH<\/strong><\/p>\n        \n                <p class=\"medium-body-copy\">D\u00e9couvrez comment faire partie de notre \u00e9quipe en choisissant une carri\u00e8re au SBH.<\/p>\n        \n                <a href=\"\/careers\/\" class=\"arrow-cta\">Explorer les carri\u00e8res<\/a>\n              <\/div>\n\n            <div class=\"resource-card\">\n                <img decoding=\"async\" src=\"https:\/\/www.sbhny.org\/wp-content\/uploads\/2024\/05\/community-engagement.png\" alt=\"icon\">\n        \n                <p class=\"large-body-copy\"><strong>Engagement communautaire<\/strong><\/p>\n        \n                <p class=\"medium-body-copy\">Devenez un membre actif de la communaut\u00e9 par le biais d'initiatives et d'activit\u00e9s ici dans le Bronx. <\/p>\n        \n                <a href=\"\/fr\/community\/\" class=\"arrow-cta\">Engagement communautaire<\/a>\n              <\/div>\n\n      \n    <\/div>\n\n        \n  <\/div>\n<\/section>\n\n<section class=\"accordion-section\">\n  <div class=\"max-width standard-spacing\">\n        <h2 class=\"main-heading\">En savoir plus sur le SBH<\/h2>\n        \n    <div class=\"accordion-container\">\n\n    \n    <div class=\"accordion-card open\" itemscope=\"itemscope\" itemprop=\"mainEntity\" itemtype=\"https:\/\/schema.org\/Question\">\n      <div class=\"accordion-card-header\">\n        <button id=\"twocol_id_Our-History\" class=\"accordion-button large-body-copy\" aria-expanded=\"true\" aria-controls=\"twocol_Our-History\">Notre histoire<\/button>\n      <\/div>\n      <div class=\"accordion-card-content body-copy\" itemscope=\"itemscope\" itemprop=\"acceptedAnswer\" itemtype=\"https:\/\/schema.org\/Answer\" id=\"twocol_Our-History\" aria-labelledby=\"twocol_id_Our-History\" role=\"region\">\n        <p>Barnabas Hospital (SBH Health System) a c\u00e9l\u00e9br\u00e9 son 150e anniversaire en 2016 et continue aujourd'hui \u00e0 desservir le Bronx en tant que plus ancien \u00e9tablissement de soins de sant\u00e9 continus de la ville de New York.<\/p>\n<p>Aujourd'hui, le SBH Health System joue un r\u00f4le essentiel dans la transformation des soins de sant\u00e9 dans le Bronx.<\/p>\n<p>Depuis les ann\u00e9es 1980, l'h\u00f4pital a d\u00e9velopp\u00e9 un programme d'\u00e9ducation m\u00e9dicale qui forme des r\u00e9sidents dans une vari\u00e9t\u00e9 de programmes. <a href=\"\/fr\/residency-programs\/\">En savoir plus sur les programmes d'internat au SBH<\/a>.<\/p>\n<p>Depuis les ann\u00e9es 1990, l'h\u00f4pital a \u00e9t\u00e9 d\u00e9sign\u00e9 par l'\u00c9tat comme centre de traumatologie de niveau 2, centre de lutte contre le sida et centre de traitement des accidents vasculaires c\u00e9r\u00e9braux, et a ouvert un centre communautaire d'excellence pour la sant\u00e9 des femmes, d\u00e9sign\u00e9 par le gouvernement f\u00e9d\u00e9ral. <a href=\"\/fr\/services\/\">D\u00e9couvrez les services cliniques du SBH<\/a>.<\/p>\n<p>Le SBH a jou\u00e9 un r\u00f4le de premier plan dans le programme DSRIP de l'\u00c9tat en tant que partenaire principal de Bronx Partners for Healthy Communities. Ce programme regroupe plus de 200 organisations communautaires du Bronx qui travaillent ensemble pour am\u00e9liorer la prestation des soins de sant\u00e9 et les r\u00e9sultats pour les habitants du Bronx.<\/p>\n<p><a class=\"caret-cta\" href=\"\/fr\/donation\/\">Soutenez le SBH Health System en devenant un bienfaiteur aujourd'hui<\/a><\/p>\n      <\/div>\n    <\/div>\n\n    \n    <div class=\"accordion-card open\" itemscope=\"itemscope\" itemprop=\"mainEntity\" itemtype=\"https:\/\/schema.org\/Question\">\n      <div class=\"accordion-card-header\">\n        <button id=\"twocol_id_Our-Trustees\" class=\"accordion-button large-body-copy\" aria-expanded=\"true\" aria-controls=\"twocol_Our-Trustees\">Nos administrateurs<\/button>\n      <\/div>\n      <div class=\"accordion-card-content body-copy\" itemscope=\"itemscope\" itemprop=\"acceptedAnswer\" itemtype=\"https:\/\/schema.org\/Answer\" id=\"twocol_Our-Trustees\" aria-labelledby=\"twocol_id_Our-Trustees\" role=\"region\">\n        <p>La vision, la sagesse et le leadership du conseil d'administration de l'h\u00f4pital St. Barnabas garantissent que la mission de l'h\u00f4pital - fournir des soins de la plus haute qualit\u00e9 \u00e0 tous ceux qui en ont besoin - est remplie dans le respect des normes les plus \u00e9lev\u00e9es.<\/p>\n<p><strong>David Harris,<\/strong> Pr\u00e9sident<\/p>\n<p><strong>Richard G. Ketchum,<\/strong> Premi\u00e8re vice-pr\u00e9sidente<\/p>\n<p><strong>Wilma Alonso,<\/strong> Vice-pr\u00e9sident<\/p>\n<p><strong>Karen Parrish,<\/strong> Vice-pr\u00e9sident<\/p>\n<p><strong>M. Todd Reinglass,<\/strong> Vice-pr\u00e9sident<\/p>\n<p><strong>Elizabeth Ju\u00e1rez S\u00e1nchez,<\/strong> LCSW, vice-pr\u00e9sidente et secr\u00e9taire<\/p>\n<p><strong>Afua Atta-Mensah,<\/strong> Esq.<\/p>\n<p><strong>M. John A. Barone<\/strong> (retrait\u00e9)<\/p>\n<p><strong>William T. Colona<\/strong><\/p>\n<p><strong>Josh Glassman<\/strong><\/p>\n<p><strong>Amarilis Jacobo,<\/strong> DDS<\/p>\n<p><strong>M. Artie Johnson<\/strong><\/p>\n<p><strong>Neema Kumar<\/strong><\/p>\n<p><strong>David Maurrasse,<\/strong> Doctorat<\/p>\n<p><strong>Charles Moerdler,<\/strong> Esq.<\/p>\n<p><strong>Ray Negron<\/strong><\/p>\n<p><strong>Leslie Robinson,<\/strong> RN, DNP<\/p>\n<p><strong>Edward Skloot,<\/strong> BA, MIA, PhD<\/p>\n<p><strong>Perry Sook, Jr.<\/strong><\/p>\n<p><strong>Derek Tice-Brown,<\/strong> PhD, MSW<\/p>\n<p><strong>Andrew Werner<\/strong> CFA<\/p>\n<p><strong>M. Barry A. Wintner,<\/strong> CFA<\/p>\n<p><a class=\"caret-cta\" href=\"\/fr\/our-leadership\/\">Nos dirigeants<\/a><\/p>\n      <\/div>\n    <\/div>\n\n    \n    <\/div>\n\n    \n  <\/div>\n<\/section>","protected":false},"excerpt":{"rendered":"","protected":false},"author":3,"featured_media":0,"parent":0,"menu_order":0,"comment_status":"closed","ping_status":"closed","template":"","meta":{"_acf_changed":false,"_eb_attr":"","_price":"","_stock":"","_tribe_ticket_header":"","_tribe_default_ticket_provider":"","_tribe_ticket_capacity":"0","_ticket_start_date":"","_ticket_end_date":"","_tribe_ticket_show_description":"","_tribe_ticket_show_not_going":false,"_tribe_ticket_use_global_stock":"","_tribe_ticket_global_stock_level":"","_global_stock_mode":"","_global_stock_cap":"","_tribe_rsvp_for_event":"","_tribe_ticket_going_count":"","_tribe_ticket_not_going_count":"","_tribe_tickets_list":"[]","_tribe_ticket_has_attendee_info_fields":false,"footnotes":""},"class_list":["post-882","page","type-page","status-publish","hentry"],"acf":[],"yoast_head":"<!-- This site is optimized with the Yoast SEO plugin v26.5 - https:\/\/yoast.com\/wordpress\/plugins\/seo\/ -->\n<title>About SBH - SBH Health System<\/title>\n<meta name=\"robots\" content=\"index, follow, max-snippet:-1, max-image-preview:large, max-video-preview:-1\" \/>\n<link rel=\"canonical\" href=\"https:\/\/www.sbhny.org\/fr\/about-sbh\/\" \/>\n<meta property=\"og:locale\" content=\"fr_FR\" \/>\n<meta property=\"og:type\" content=\"article\" \/>\n<meta property=\"og:title\" content=\"About SBH - SBH Health System\" \/>\n<meta property=\"og:url\" content=\"https:\/\/www.sbhny.org\/fr\/about-sbh\/\" \/>\n<meta property=\"og:site_name\" content=\"SBH Health System\" \/>\n<meta property=\"article:publisher\" content=\"https:\/\/www.facebook.com\/SBHBronx\/\" \/>\n<meta property=\"article:modified_time\" content=\"2025-07-09T14:52:43+00:00\" \/>\n<meta name=\"twitter:card\" content=\"summary_large_image\" \/>\n<meta name=\"twitter:site\" content=\"@sbhbronx\" \/>\n<script type=\"application\/ld+json\" class=\"yoast-schema-graph\">{\"@context\":\"https:\/\/schema.org\",\"@graph\":[{\"@type\":\"WebPage\",\"@id\":\"https:\/\/www.sbhny.org\/about-sbh\/\",\"url\":\"https:\/\/www.sbhny.org\/about-sbh\/\",\"name\":\"About SBH - SBH Health System\",\"isPartOf\":{\"@id\":\"https:\/\/www.sbhny.org\/#website\"},\"datePublished\":\"2024-05-13T14:59:42+00:00\",\"dateModified\":\"2025-07-09T14:52:43+00:00\",\"breadcrumb\":{\"@id\":\"https:\/\/www.sbhny.org\/about-sbh\/#breadcrumb\"},\"inLanguage\":\"fr-FR\",\"potentialAction\":[{\"@type\":\"ReadAction\",\"target\":[\"https:\/\/www.sbhny.org\/about-sbh\/\"]}]},{\"@type\":\"BreadcrumbList\",\"@id\":\"https:\/\/www.sbhny.org\/about-sbh\/#breadcrumb\",\"itemListElement\":[{\"@type\":\"ListItem\",\"position\":1,\"name\":\"Home\",\"item\":\"https:\/\/www.sbhny.org\/\"},{\"@type\":\"ListItem\",\"position\":2,\"name\":\"About SBH\"}]},{\"@type\":\"WebSite\",\"@id\":\"https:\/\/www.sbhny.org\/#website\",\"url\":\"https:\/\/www.sbhny.org\/\",\"name\":\"SBH Health System\",\"description\":\"\",\"potentialAction\":[{\"@type\":\"SearchAction\",\"target\":{\"@type\":\"EntryPoint\",\"urlTemplate\":\"https:\/\/www.sbhny.org\/?s={search_term_string}\"},\"query-input\":{\"@type\":\"PropertyValueSpecification\",\"valueRequired\":true,\"valueName\":\"search_term_string\"}}],\"inLanguage\":\"fr-FR\"}]}<\/script>\n<!-- \/ Yoast SEO plugin. -->","yoast_head_json":{"title":"\u00c0 propos du SBH - SBH Health System","robots":{"index":"index","follow":"follow","max-snippet":"max-snippet:-1","max-image-preview":"max-image-preview:large","max-video-preview":"max-video-preview:-1"},"canonical":"https:\/\/www.sbhny.org\/fr\/about-sbh\/","og_locale":"fr_FR","og_type":"article","og_title":"About SBH - SBH Health System","og_url":"https:\/\/www.sbhny.org\/fr\/about-sbh\/","og_site_name":"SBH Health System","article_publisher":"https:\/\/www.facebook.com\/SBHBronx\/","article_modified_time":"2025-07-09T14:52:43+00:00","twitter_card":"summary_large_image","twitter_site":"@sbhbronx","schema":{"@context":"https:\/\/schema.org","@graph":[{"@type":"WebPage","@id":"https:\/\/www.sbhny.org\/about-sbh\/","url":"https:\/\/www.sbhny.org\/about-sbh\/","name":"\u00c0 propos du SBH - SBH Health System","isPartOf":{"@id":"https:\/\/www.sbhny.org\/#website"},"datePublished":"2024-05-13T14:59:42+00:00","dateModified":"2025-07-09T14:52:43+00:00","breadcrumb":{"@id":"https:\/\/www.sbhny.org\/about-sbh\/#breadcrumb"},"inLanguage":"fr-FR","potentialAction":[{"@type":"ReadAction","target":["https:\/\/www.sbhny.org\/about-sbh\/"]}]},{"@type":"BreadcrumbList","@id":"https:\/\/www.sbhny.org\/about-sbh\/#breadcrumb","itemListElement":[{"@type":"ListItem","position":1,"name":"Home","item":"https:\/\/www.sbhny.org\/"},{"@type":"ListItem","position":2,"name":"About SBH"}]},{"@type":"WebSite","@id":"https:\/\/www.sbhny.org\/#website","url":"https:\/\/www.sbhny.org\/","name":"Syst\u00e8me de sant\u00e9 SBH","description":"","potentialAction":[{"@type":"SearchAction","target":{"@type":"EntryPoint","urlTemplate":"https:\/\/www.sbhny.org\/?s={search_term_string}"},"query-input":{"@type":"PropertyValueSpecification","valueRequired":true,"valueName":"search_term_string"}}],"inLanguage":"fr-FR"}]}},"_links":{"self":[{"href":"https:\/\/www.sbhny.org\/fr\/wp-json\/wp\/v2\/pages\/882","targetHints":{"allow":["GET"]}}],"collection":[{"href":"https:\/\/www.sbhny.org\/fr\/wp-json\/wp\/v2\/pages"}],"about":[{"href":"https:\/\/www.sbhny.org\/fr\/wp-json\/wp\/v2\/types\/page"}],"author":[{"embeddable":true,"href":"https:\/\/www.sbhny.org\/fr\/wp-json\/wp\/v2\/users\/3"}],"replies":[{"embeddable":true,"href":"https:\/\/www.sbhny.org\/fr\/wp-json\/wp\/v2\/comments?post=882"}],"version-history":[{"count":0,"href":"https:\/\/www.sbhny.org\/fr\/wp-json\/wp\/v2\/pages\/882\/revisions"}],"wp:attachment":[{"href":"https:\/\/www.sbhny.org\/fr\/wp-json\/wp\/v2\/media?parent=882"}],"curies":[{"name":"wp","href":"https:\/\/api.w.org\/{rel}","templated":true}]}}