{"id":886,"date":"2024-05-13T14:58:58","date_gmt":"2024-05-13T14:58:58","guid":{"rendered":"https:\/\/sbhny.wpenginepowered.com\/?page_id=886"},"modified":"2025-10-21T20:09:28","modified_gmt":"2025-10-21T20:09:28","slug":"health-wellness-center","status":"publish","type":"page","link":"https:\/\/www.sbhny.org\/fr\/health-wellness-center\/","title":{"rendered":"Centre de sant\u00e9 et de bien-\u00eatre"},"content":{"rendered":"<section class=\"breadcrumb-eyebrow-marquee\">\n  <div class=\"max-width marquee-spacing\">\n    <nav class=\"breadcrumbs\" aria-label=\"Fil d&#039;Ariane\">\n      <ul class=\"breadcrumbs-list\" itemscope itemtype=\"https:\/\/schema.org\/BreadcrumbList\">\n        <li itemprop=\"itemListElement\" itemscope\n itemtype=\"https:\/\/schema.org\/ListItem\"><a itemprop=\"item\" href=\"\/fr\/\"><span itemprop=\"name\">Maison<\/span><\/a><\/li>\n                \n        <li itemprop=\"itemListElement\" itemscope\n itemtype=\"https:\/\/schema.org\/ListItem\"><a itemprop=\"item\" class=\"current\" aria-current=\"page\" href=\"https:\/\/www.sbhny.org\/fr\/health-wellness-center\/\"><span itemprop=\"name\">Centre de sant\u00e9 et de bien-\u00eatre<\/span><\/a><\/li>\n    <\/ul>\n\n    <\/nav>\n    <div class=\"eyebrow\">\n              <p class=\"main-heading\">Centre de sant\u00e9 et de bien-\u00eatre<\/p>\n          <\/div>    \n  <\/div>\n<\/section>\n\n\n<section class=\"image-twocol-hero background-image\">\n  <div class=\"max-width standard-spacing twocol-row\">\n\n          <div class=\"image-col twocol-col\" style=\"background-image: url('https:\/\/www.sbhny.org\/wp-content\/uploads\/2024\/05\/health-wellness-center-hero.png');\"><\/div>\n    \n\n    <div class=\"content-col twocol-col\">\n              <h1 class=\"main-heading\">Nous pensons que tout le monde m\u00e9rite des services de bien-\u00eatre complets dans le Bronx.<\/h1>\n            <div class=\"body-copy\">\n        <p>Nous nous engageons \u00e0 am\u00e9liorer la sant\u00e9 de tous les r\u00e9sidents du Bronx au SBH Health and Wellness Center. D\u00e9couvrez comment nous aidons les gens \u00e0 vivre en bonne sant\u00e9 gr\u00e2ce \u00e0 une bonne alimentation et \u00e0 l'exercice physique avec nos programmes de sant\u00e9 et de bien-\u00eatre dans le Bronx.<\/p>\n      <\/div>\n      \n        \n      \n          <\/div>\n  <\/div>\n<\/section>\n\n\n<section class=\"image-edge-twocol-section lightestgray-background\">\n  <div class=\"max-width twocol-row twocol-row--image-edge standard-spacing not-top-spacing no-bottom-spacing\">\n    <div class=\"content-col twocol-col\">\n      <div class=\"body-copy\"><h2 class=\"main-heading centered\">Un centre de sant\u00e9 et de bien-\u00eatre ultramoderne pour le Bronx<\/h2>\n<div class=\"intro-copy centered\">\n<p class=\"large-body-copy\">Notre mission est simple : fournir au Bronx les ressources dont il a besoin pour que ses habitants puissent mener la vie la plus saine possible. Il s'agit notamment de mettre \u00e0 la disposition de chaque homme, femme et enfant du Bronx des installations d'exercice, une \u00e9ducation nutritionnelle, des aliments issus de l'agriculture biologique et des services de soins cliniques. Ces services de bien-\u00eatre sont essentiels \u00e0 la sant\u00e9 et au bien-\u00eatre de la communaut\u00e9, afin que les habitants soient en bonne sant\u00e9, vivent en bonne sant\u00e9 et restent en bonne sant\u00e9.<\/p>\n<\/div>\n<\/div>    <\/div>\n          <div class=\"image-col twocol-col standard\" style=\"background-image: url('https:\/\/www.sbhny.org\/wp-content\/uploads\/2024\/05\/woman-with-yoga-mat.png');\"><\/div>\n      <\/div>\n<\/section>\n\n\n\n\n<section class=\"blue-quote-box\">\n  <div class=\"max-width standard-spacing\">\n                  <div class=\"author-img large\" style=\"background-image:url('https:\/\/www.sbhny.org\/wp-content\/uploads\/2024\/05\/david-perlstein-image.png');\"><\/div>  \n          \n\n          <p class=\"main-heading\">\"Les habitants du Bronx ont le droit de maximiser les aspects positifs de leur vie... et nous pouvons contribuer \u00e0 am\u00e9liorer la situation.<\/p>      \n    \n    \n          <p class=\"large-body-copy\"><strong>David Perlstein, M.D.<\/strong><\/p>\n    \n          <p class=\"medium-body-copy\">Pr\u00e9sident-directeur g\u00e9n\u00e9ral, SBH Health System<\/p>\n      <\/div>\n<\/section>\n\n\n<section class=\"alternating-content-image-rows first gray-desktop\">\n\n  <div class=\"alternating-intro-copy max-width standard-spacing no-bottom-spacing\">\n    <!-- Display eyebrow if there is one -->\n        \n    <!-- Display heading if there is one -->\n        <h2 class=\"main-heading\">Les programmes de sant\u00e9 et de bien-\u00eatre du SBH sont disponibles dans le Bronx<\/h2>\n    \n    <!-- Display intro description if there is one -->\n      <\/div>\n    \n          <div class=\"standard-spacing no-side-spacing no-bottom-spacing content-image-block not-reversed\">\n            <div class=\"content-image-row\">\n              <div class=\"content-side\">\n  \n                <!-- Display icon if there is one -->\n                                  <img decoding=\"async\" src=\"https:\/\/www.sbhny.org\/wp-content\/uploads\/2024\/05\/nurse-circle-icon.png\" alt=\"icon\">\n                  \n                <!-- Display heading if there is one -->\n                <!-- If there is intro copy, display h3 -->\n                <!-- If there is no intro copy, display h2 -->\n                                  <h3 class=\"subheading\">Soins cliniques<\/h3>  \n                                  \n                <!-- Display body copy if there is body copy -->\n                                  <div class=\"body-copy\"><p>Le SBH offre le plus haut niveau de soins cliniques disponibles dans son centre de sant\u00e9 et de bien-\u00eatre. Cela comprend la p\u00e9diatrie, la sant\u00e9 des femmes et les services d'imagerie, ainsi que les services de soins d'urgence. Fournir des soins abordables et proactifs \u00e0 tous, en particulier aux femmes et aux enfants, est au c\u0153ur de notre mission qui consiste \u00e0 promouvoir de meilleurs r\u00e9sultats en mati\u00e8re de sant\u00e9. <\/p>\n<\/div>\n                  \n                                \n                                  <a href=\"\/fr\/health-wellness-center\/clinical-care\/\" class=\"btn btn--arrow\">En savoir plus sur les services de soins cliniques<\/a>\n                \n                \n                  \n              <\/div>\n              \n              <!-- Display main image if there is an image -->\n                            <div class=\"image-side\" style=\"background-image: url('https:\/\/www.sbhny.org\/wp-content\/uploads\/2024\/05\/clincial-care.png');\"><\/div>\n                \n            <\/div>\n          <\/div>\n  \n          \n          <div class=\"standard-spacing no-side-spacing no-bottom-spacing content-image-block not-reversed\">\n            <div class=\"content-image-row\">\n              <div class=\"content-side\">\n  \n                <!-- Display icon if there is one -->\n                                  <img decoding=\"async\" src=\"https:\/\/www.sbhny.org\/wp-content\/uploads\/2024\/05\/heartbeat-circle-icon.png\" alt=\"icon\">\n                  \n                <!-- Display heading if there is one -->\n                <!-- If there is intro copy, display h3 -->\n                <!-- If there is no intro copy, display h2 -->\n                                  <h3 class=\"subheading\">Programmes de bien-\u00eatre<\/h3>  \n                                  \n                <!-- Display body copy if there is body copy -->\n                                  <div class=\"body-copy\"><p>Le SBH dispose d'un certain nombre de programmes de bien-\u00eatre visant \u00e0 fournir une \u00e9ducation nutritionnelle et des aliments frais et sains pour aider les gens \u00e0 vivre la vie la plus saine possible. Des programmes tels que notre ferme sur le toit fournissent des fruits et des l\u00e9gumes biologiques fra\u00eechement cultiv\u00e9s, tandis que notre garde-manger veille \u00e0 ce que tout le monde ait suffisamment de nourriture et une alimentation ad\u00e9quate. Notre stand agricole et notre ruche sur le toit offrent des alternatives fra\u00eeches et saines aux aliments transform\u00e9s achet\u00e9s en magasin.<\/p>\n<\/div>\n                  \n                                \n                                  <a href=\"\/fr\/health-wellness-center\/wellness-programs\/\" class=\"btn btn--arrow\">En savoir plus sur nos programmes de bien-\u00eatre<\/a>\n                \n                \n                  \n              <\/div>\n              \n              <!-- Display main image if there is an image -->\n                            <div class=\"image-side\" style=\"background-image: url('https:\/\/www.sbhny.org\/wp-content\/uploads\/2024\/05\/wellness-programs.png');\"><\/div>\n                \n            <\/div>\n          <\/div>\n  \n          \n          <div class=\"standard-spacing no-side-spacing no-bottom-spacing content-image-block not-reversed\">\n            <div class=\"content-image-row\">\n              <div class=\"content-side\">\n  \n                <!-- Display icon if there is one -->\n                                  <img decoding=\"async\" src=\"https:\/\/www.sbhny.org\/wp-content\/uploads\/2024\/05\/apple-circle-icon.png\" alt=\"icon\">\n                  \n                <!-- Display heading if there is one -->\n                <!-- If there is intro copy, display h3 -->\n                <!-- If there is no intro copy, display h2 -->\n                                  <h3 class=\"subheading\">M\u00e9decine culinaire et enseignement de la cuisine<\/h3>  \n                                  \n                <!-- Display body copy if there is body copy -->\n                                  <div class=\"body-copy\"><p>Pour manger sainement, il faut d'abord apprendre \u00e0 cuisiner sainement. SBH s'engage \u00e0 assurer la sant\u00e9 proactive et \u00e0 long terme de notre communaut\u00e9 du Bronx. C'est pourquoi nous proposons des cours de cuisine saine par l'interm\u00e9diaire de notre Teaching Kitchen. Ces cours permettent d'apprendre \u00e0 pr\u00e9parer des repas d\u00e9licieusement sains, non seulement bons au go\u00fbt, mais aussi bons pour la sant\u00e9. <\/p>\n<\/div>\n                  \n                                  <div class=\"cta-row\">\n                                \n                                  <a href=\"\/fr\/health-wellness-center\/teaching-kitchen\/\" class=\"btn btn--arrow\">En savoir plus sur notre cuisine p\u00e9dagogique<\/a>\n                \n                                  <a href=\"\/fr\/health-wellness-center\/teaching-kitchen\/#our-classes\" class=\"btn btn--white btn--arrow\">D\u00e9couvrez les cours de cuisine<\/a>\n                \n                                  <\/div>\n                  \n              <\/div>\n              \n              <!-- Display main image if there is an image -->\n                            <div class=\"image-side\" style=\"background-image: url('https:\/\/www.sbhny.org\/wp-content\/uploads\/2024\/05\/culinary.png');\"><\/div>\n                \n            <\/div>\n          <\/div>\n  \n          \n          <div class=\"standard-spacing no-side-spacing no-bottom-spacing content-image-block not-reversed\">\n            <div class=\"content-image-row\">\n              <div class=\"content-side\">\n  \n                <!-- Display icon if there is one -->\n                                  <img decoding=\"async\" src=\"https:\/\/www.sbhny.org\/wp-content\/uploads\/2024\/05\/lightning-circle-icon.png\" alt=\"icon\">\n                  \n                <!-- Display heading if there is one -->\n                <!-- If there is intro copy, display h3 -->\n                <!-- If there is no intro copy, display h2 -->\n                                  <h3 class=\"subheading\">Centre de conditionnement physique Healthplex<\/h3>  \n                                  \n                <!-- Display body copy if there is body copy -->\n                                  <div class=\"body-copy\"><p>Une bonne condition physique est l'une des cl\u00e9s les plus importantes d'une bonne sant\u00e9. C'est pourquoi le SBH propose des abonnements \u00e0 son centre de remise en forme ultramoderne. Les membres peuvent participer \u00e0 des cours de fitness et avoir acc\u00e8s \u00e0 notre salle de sport enti\u00e8rement \u00e9quip\u00e9e pour tous leurs besoins en mati\u00e8re d'exercice. <\/p>\n<\/div>\n                  \n                                \n                                  <a href=\"\/fr\/health-wellness-center\/fitness-center\/\" class=\"btn btn--arrow\">D\u00e9couvrez notre centre de remise en forme<\/a>\n                \n                \n                  \n              <\/div>\n              \n              <!-- Display main image if there is an image -->\n                            <div class=\"image-side\" style=\"background-image: url('https:\/\/www.sbhny.org\/wp-content\/uploads\/2024\/05\/healthplex-fitness-center-1.png');\"><\/div>\n                \n            <\/div>\n          <\/div>\n  \n        \n\n\n\n<\/section>\n\n\n<section class=\"testimonial-block large-no-background\">\n  <div class=\"max-width standard-spacing\">\n    <div class=\"testimonial-row\">\n      <div class=\"content\">\n                  <p class=\"subheading quote\">Visite vid\u00e9o du Centre de sant\u00e9 et de bien-\u00eatre SBH<\/p>\n        \n        \n              <\/div>\n\n            <div class=\"video\">\n        <div class=\"video-thumbnail\" style=\"background-image: url('https:\/\/www.sbhny.org\/wp-content\/uploads\/2024\/09\/DSCF2441-scaled.jpg');\">\n          <button class=\"video-play\">Regarder la vid\u00e9o de pr\u00e9sentation<\/button>\n        <\/div>\n        <div class=\"video-embed\" tabindex=\"0\">\n          <iframe loading=\"lazy\" width=\"560\" height=\"315\" src=\"https:\/\/www.youtube.com\/embed\/RAhMG8kbpms?si=Y40cPYFsbJ81MO1_\" title=\"Lecteur vid\u00e9o YouTube\" frameborder=\"0\" allow=\"accelerometer; autoplay; clipboard-write; encrypted-media; gyroscope; picture-in-picture; web-share\" referrerpolicy=\"strict-origin-when-cross-origin\" allowfullscreen><\/iframe>\n        <\/div>\n        <div class=\"video-embed-overlay\"><button class=\"close-overlay\"><\/button><\/div>\n      <\/div>\n      \n    <\/div>\n  <\/div>\n<\/section>\n\n\n\n<section class=\"image-edge-twocol-section no-back\">\n  <div class=\"max-width twocol-row twocol-row--image-edge standard-spacing not-top-spacing no-bottom-spacing\">\n    <div class=\"content-col twocol-col\">\n      <div class=\"body-copy\"><h2 class=\"subheading centered location\" style=\"text-transform: capitalize\">Notre emplacement<\/h2>\n<div class=\"gray-box gray-box--icon centered\"><img decoding=\"async\" src=\"\/wp-content\/uploads\/2024\/05\/locations.png\" alt=\"icon\" \/><\/p>\n<p class=\"small-medium-body-copy\">Syst\u00e8me de sant\u00e9 SBH<\/p>\n<p class=\"large-body-copy\"><strong>Centre de sant\u00e9 et de bien-\u00eatre<\/strong><\/p>\n<p class=\"medium-body-copy\">4507, troisi\u00e8me avenue<br \/>\nBronx, NY 10457<\/p>\n<p><a class=\"btn btn--white google-maps-cta\" href=\"https:\/\/maps.app.goo.gl\/pptMCexfnKmb2fjn7\">Voir sur Google Maps<\/a><\/p>\n<\/div>\n<\/div>    <\/div>\n          <div class=\"image-col twocol-col image-radius\" style=\"background-image: url('https:\/\/www.sbhny.org\/wp-content\/uploads\/2024\/09\/HWC-scaled.jpg');\"><\/div>\n      <\/div>\n<\/section>","protected":false},"excerpt":{"rendered":"","protected":false},"author":3,"featured_media":0,"parent":0,"menu_order":0,"comment_status":"closed","ping_status":"closed","template":"","meta":{"_acf_changed":false,"_eb_attr":"","_price":"","_stock":"","_tribe_ticket_header":"","_tribe_default_ticket_provider":"","_tribe_ticket_capacity":"0","_ticket_start_date":"","_ticket_end_date":"","_tribe_ticket_show_description":"","_tribe_ticket_show_not_going":false,"_tribe_ticket_use_global_stock":"","_tribe_ticket_global_stock_level":"","_global_stock_mode":"","_global_stock_cap":"","_tribe_rsvp_for_event":"","_tribe_ticket_going_count":"","_tribe_ticket_not_going_count":"","_tribe_tickets_list":"[]","_tribe_ticket_has_attendee_info_fields":false,"footnotes":""},"class_list":["post-886","page","type-page","status-publish","hentry"],"acf":[],"yoast_head":"<!-- This site is optimized with the Yoast SEO plugin v26.5 - https:\/\/yoast.com\/wordpress\/plugins\/seo\/ -->\n<title>Health &amp; Wellness Center - SBH Health System<\/title>\n<meta name=\"robots\" content=\"index, follow, max-snippet:-1, max-image-preview:large, max-video-preview:-1\" \/>\n<link rel=\"canonical\" href=\"https:\/\/www.sbhny.org\/fr\/health-wellness-center\/\" \/>\n<meta property=\"og:locale\" content=\"fr_FR\" \/>\n<meta property=\"og:type\" content=\"article\" \/>\n<meta property=\"og:title\" content=\"Health &amp; Wellness Center - SBH Health System\" \/>\n<meta property=\"og:url\" content=\"https:\/\/www.sbhny.org\/fr\/health-wellness-center\/\" \/>\n<meta property=\"og:site_name\" content=\"SBH Health System\" \/>\n<meta property=\"article:publisher\" content=\"https:\/\/www.facebook.com\/SBHBronx\/\" \/>\n<meta property=\"article:modified_time\" content=\"2025-10-21T20:09:28+00:00\" \/>\n<meta name=\"twitter:card\" content=\"summary_large_image\" \/>\n<meta name=\"twitter:site\" content=\"@sbhbronx\" \/>\n<script type=\"application\/ld+json\" class=\"yoast-schema-graph\">{\"@context\":\"https:\/\/schema.org\",\"@graph\":[{\"@type\":\"WebPage\",\"@id\":\"https:\/\/www.sbhny.org\/health-wellness-center\/\",\"url\":\"https:\/\/www.sbhny.org\/health-wellness-center\/\",\"name\":\"Health &amp; Wellness Center - SBH Health System\",\"isPartOf\":{\"@id\":\"https:\/\/www.sbhny.org\/#website\"},\"datePublished\":\"2024-05-13T14:58:58+00:00\",\"dateModified\":\"2025-10-21T20:09:28+00:00\",\"breadcrumb\":{\"@id\":\"https:\/\/www.sbhny.org\/health-wellness-center\/#breadcrumb\"},\"inLanguage\":\"fr-FR\",\"potentialAction\":[{\"@type\":\"ReadAction\",\"target\":[\"https:\/\/www.sbhny.org\/health-wellness-center\/\"]}]},{\"@type\":\"BreadcrumbList\",\"@id\":\"https:\/\/www.sbhny.org\/health-wellness-center\/#breadcrumb\",\"itemListElement\":[{\"@type\":\"ListItem\",\"position\":1,\"name\":\"Home\",\"item\":\"https:\/\/www.sbhny.org\/\"},{\"@type\":\"ListItem\",\"position\":2,\"name\":\"Health &amp; Wellness Center\"}]},{\"@type\":\"WebSite\",\"@id\":\"https:\/\/www.sbhny.org\/#website\",\"url\":\"https:\/\/www.sbhny.org\/\",\"name\":\"SBH Health System\",\"description\":\"\",\"potentialAction\":[{\"@type\":\"SearchAction\",\"target\":{\"@type\":\"EntryPoint\",\"urlTemplate\":\"https:\/\/www.sbhny.org\/?s={search_term_string}\"},\"query-input\":{\"@type\":\"PropertyValueSpecification\",\"valueRequired\":true,\"valueName\":\"search_term_string\"}}],\"inLanguage\":\"fr-FR\"}]}<\/script>\n<!-- \/ Yoast SEO plugin. -->","yoast_head_json":{"title":"Centre de sant\u00e9 et de bien-\u00eatre - SBH Health System","robots":{"index":"index","follow":"follow","max-snippet":"max-snippet:-1","max-image-preview":"max-image-preview:large","max-video-preview":"max-video-preview:-1"},"canonical":"https:\/\/www.sbhny.org\/fr\/health-wellness-center\/","og_locale":"fr_FR","og_type":"article","og_title":"Health &amp; Wellness Center - SBH Health System","og_url":"https:\/\/www.sbhny.org\/fr\/health-wellness-center\/","og_site_name":"SBH Health System","article_publisher":"https:\/\/www.facebook.com\/SBHBronx\/","article_modified_time":"2025-10-21T20:09:28+00:00","twitter_card":"summary_large_image","twitter_site":"@sbhbronx","schema":{"@context":"https:\/\/schema.org","@graph":[{"@type":"WebPage","@id":"https:\/\/www.sbhny.org\/health-wellness-center\/","url":"https:\/\/www.sbhny.org\/health-wellness-center\/","name":"Centre de sant\u00e9 et de bien-\u00eatre - SBH Health System","isPartOf":{"@id":"https:\/\/www.sbhny.org\/#website"},"datePublished":"2024-05-13T14:58:58+00:00","dateModified":"2025-10-21T20:09:28+00:00","breadcrumb":{"@id":"https:\/\/www.sbhny.org\/health-wellness-center\/#breadcrumb"},"inLanguage":"fr-FR","potentialAction":[{"@type":"ReadAction","target":["https:\/\/www.sbhny.org\/health-wellness-center\/"]}]},{"@type":"BreadcrumbList","@id":"https:\/\/www.sbhny.org\/health-wellness-center\/#breadcrumb","itemListElement":[{"@type":"ListItem","position":1,"name":"Home","item":"https:\/\/www.sbhny.org\/"},{"@type":"ListItem","position":2,"name":"Health &amp; Wellness Center"}]},{"@type":"WebSite","@id":"https:\/\/www.sbhny.org\/#website","url":"https:\/\/www.sbhny.org\/","name":"Syst\u00e8me de sant\u00e9 SBH","description":"","potentialAction":[{"@type":"SearchAction","target":{"@type":"EntryPoint","urlTemplate":"https:\/\/www.sbhny.org\/?s={search_term_string}"},"query-input":{"@type":"PropertyValueSpecification","valueRequired":true,"valueName":"search_term_string"}}],"inLanguage":"fr-FR"}]}},"_links":{"self":[{"href":"https:\/\/www.sbhny.org\/fr\/wp-json\/wp\/v2\/pages\/886","targetHints":{"allow":["GET"]}}],"collection":[{"href":"https:\/\/www.sbhny.org\/fr\/wp-json\/wp\/v2\/pages"}],"about":[{"href":"https:\/\/www.sbhny.org\/fr\/wp-json\/wp\/v2\/types\/page"}],"author":[{"embeddable":true,"href":"https:\/\/www.sbhny.org\/fr\/wp-json\/wp\/v2\/users\/3"}],"replies":[{"embeddable":true,"href":"https:\/\/www.sbhny.org\/fr\/wp-json\/wp\/v2\/comments?post=886"}],"version-history":[{"count":0,"href":"https:\/\/www.sbhny.org\/fr\/wp-json\/wp\/v2\/pages\/886\/revisions"}],"wp:attachment":[{"href":"https:\/\/www.sbhny.org\/fr\/wp-json\/wp\/v2\/media?parent=886"}],"curies":[{"name":"wp","href":"https:\/\/api.w.org\/{rel}","templated":true}]}}