{"id":888,"date":"2024-05-13T14:58:33","date_gmt":"2024-05-13T14:58:33","guid":{"rendered":"https:\/\/sbhny.wpenginepowered.com\/?page_id=888"},"modified":"2025-10-21T20:02:11","modified_gmt":"2025-10-21T20:02:11","slug":"fitness-center","status":"publish","type":"page","link":"https:\/\/www.sbhny.org\/fr\/health-wellness-center\/fitness-center\/","title":{"rendered":"Centre de remise en forme"},"content":{"rendered":"<section class=\"breadcrumb-eyebrow-marquee\">\n  <div class=\"max-width marquee-spacing\">\n    <nav class=\"breadcrumbs\" aria-label=\"Fil d&#039;Ariane\">\n      <ul class=\"breadcrumbs-list\" itemscope itemtype=\"https:\/\/schema.org\/BreadcrumbList\">\n        <li itemprop=\"itemListElement\" itemscope\n itemtype=\"https:\/\/schema.org\/ListItem\"><a itemprop=\"item\" href=\"\/fr\/\"><span itemprop=\"name\">Maison<\/span><\/a><\/li>\n        <li class=\"page_item page-item-886\"><a href=\"https:\/\/www.sbhny.org\/fr\/health-wellness-center\/\">Centre de sant\u00e9 et de bien-\u00eatre<\/a><\/li>\n        \n        <li itemprop=\"itemListElement\" itemscope\n itemtype=\"https:\/\/schema.org\/ListItem\"><a itemprop=\"item\" class=\"current\" aria-current=\"page\" href=\"https:\/\/www.sbhny.org\/fr\/health-wellness-center\/fitness-center\/\"><span itemprop=\"name\">Centre de remise en forme<\/span><\/a><\/li>\n    <\/ul>\n\n    <\/nav>\n    <div class=\"eyebrow\">\n              <p class=\"main-heading\"> Centre de conditionnement physique Healthplex<\/p>\n          <\/div>    \n  <\/div>\n<\/section>\n\n\n<section class=\"image-twocol-hero background-image\">\n  <div class=\"max-width standard-spacing twocol-row\">\n\n          <div class=\"image-col twocol-col\" style=\"background-image: url('https:\/\/www.sbhny.org\/wp-content\/uploads\/2024\/05\/fitness-center-hero.png');\"><\/div>\n    \n\n    <div class=\"content-col twocol-col\">\n              <h1 class=\"main-heading\">Un centre de remise en forme pour le Bronx<\/h1>\n            <div class=\"body-copy\">\n        <p>Notre engagement en faveur du bien-\u00eatre comprend la fourniture de services de sant\u00e9 et de remise en forme pour le Bronx. Avec le Bronx Healthplex Fitness Center, les habitants ont d\u00e9sormais acc\u00e8s \u00e0 une salle de sport ultramoderne pour leur bien-\u00eatre physique.<\/p>\n      <\/div>\n      \n        \n      \n          <\/div>\n  <\/div>\n<\/section>\n\n\n\n<a class=\"jump-nav-link-block\" href=\"javascript:void(0)\" tabindex=\"-1\" id=\"overview\" data-name=\"Overview\"><\/a>\n\n\n\n<section class=\"image-edge-twocol-section no-back\">\n  <div class=\"max-width twocol-row twocol-row--image-edge standard-spacing not-top-spacing no-bottom-spacing\">\n    <div class=\"content-col twocol-col\">\n      <div class=\"body-copy\"><h2 class=\"subheading centered\">Bronx Healthplex Fitness Center : une approche m\u00e9dicale de la remise en forme<\/h2>\n<div class=\"intro-copy intro-copy--icon centered\">\n<p class=\"large-body-copy\">L'exercice est un plaisir, mais il peut aussi \u00eatre un m\u00e9dicament. Cela signifie que soulever des poids ou faire du cardio peut \u00eatre un \u00e9l\u00e9ment essentiel pour rester en bonne sant\u00e9 et pr\u00e9venir les maladies. Au SBH, nous voulons vous aider \u00e0 rester en bonne sant\u00e9 et en bonne forme physique. Pour ce faire, il est essentiel de vous fournir les ressources dont vous avez besoin. C'est pourquoi nous nous sommes associ\u00e9s \u00e0 Healthplex Associates, une soci\u00e9t\u00e9 nationale qui travaille avec les h\u00f4pitaux et les syst\u00e8mes de sant\u00e9 pour cr\u00e9er des salles de sport \u00e0 vocation m\u00e9dicale, afin de cr\u00e9er le Healthplex Fitness Center.<\/p>\n<\/div>\n<div class=\"gray-box gray-box--icon centered\">\n  <img decoding=\"async\" src=\"\/wp-content\/uploads\/2024\/05\/zap-fast-icon.png\" alt=\"icon\" \/><\/p>\n<p class=\"large-body-copy\"><strong> Services de sant\u00e9 et de remise en forme de pointe dans le Bronx<\/strong><\/p>\n<div class=\"gray-box-copy\">\n     Au centre de remise en forme Healthplex dans le Bronx, vous avez acc\u00e8s \u00e0 des \u00e9quipements d'exercice de haut niveau et \u00e0 des professionnels de la remise en forme hautement qualifi\u00e9s. Nous sommes votre partenaire dans la cr\u00e9ation d'un mode de vie actif qui peut potentiellement r\u00e9duire votre risque d'ob\u00e9sit\u00e9, de diab\u00e8te, de maladie cardiaque et de mauvaise alimentation.<\/p>\n<p><strong>Pourquoi choisir Healthplex Fitness Center ?<\/strong><\/p>\n<ul>\n<li>Des installations ultramodernes<\/li>\n<li>Cours collectifs, y compris le yoga<\/li>\n<li>Des formateurs certifi\u00e9s par des professionnels<\/li>\n<li>\u00c9valuation initiale gratuite de la condition physique<\/li>\n<\/ul><\/div>\n<\/div>\n<\/div>    <\/div>\n          <div class=\"image-col twocol-col standard\" style=\"background-image: url('https:\/\/www.sbhny.org\/wp-content\/uploads\/2024\/05\/medical-approach-to-fitness-e1723823762646.png');\"><\/div>\n      <\/div>\n<\/section>\n\n\n\n\n\n<a class=\"jump-nav-link-block\" href=\"javascript:void(0)\" tabindex=\"-1\" id=\"classes\" data-name=\"Our Classes\"><\/a>\n\n\n\n<section class=\"icon-list standard lightestgray-background\">\n  <div class=\"max-width standard-spacing\">\n    <div class=\"intro-copy\">\n              <h2 class=\"subheading\">Nous avons le cours de fitness et l'entra\u00eeneur certifi\u00e9 qu'il vous faut.<\/h2>\n      \n              <div class=\"body-copy\"><p>Nos entra\u00eeneurs peuvent vous aider \u00e0 cr\u00e9er un programme de remise en forme \u00e0 long terme qui peut vous aider \u00e0 r\u00e9duire votre risque d'arthrite, de diab\u00e8te, de maladie cardiaque, de certains types de cancer et plus encore. Un programme d'entra\u00eenement adapt\u00e9 peut \u00e9galement vous permettre d'atteindre plus facilement vos objectifs de remise en forme, tels que la perte de poids, le d\u00e9veloppement d'une musculature plus jeune ou m\u00eame l'am\u00e9lioration de votre tenue pr\u00e9f\u00e9r\u00e9e. Vous pouvez choisir parmi les cours suivants.<\/p>\n<\/div>\n          <\/div>\n            <div class=\"icon-list-items\">\n                <div class=\"icon-item\">\n          <img decoding=\"async\" src=\"https:\/\/www.sbhny.org\/wp-content\/uploads\/2024\/05\/boxing-icon.png\" alt=\"icon\">\n          <p class=\"large-body-copy\"><strong>Boxe<\/strong><\/p>\n        <\/div>\n                <div class=\"icon-item\">\n          <img decoding=\"async\" src=\"https:\/\/www.sbhny.org\/wp-content\/uploads\/2024\/05\/jersey-icon.png\" alt=\"icon\">\n          <p class=\"large-body-copy\"><strong>Entra\u00eenement musculaire et conditionnement<\/strong><\/p>\n        <\/div>\n                <div class=\"icon-item\">\n          <img decoding=\"async\" src=\"https:\/\/www.sbhny.org\/wp-content\/uploads\/2024\/05\/stopwatch-icon.png\" alt=\"icon\">\n          <p class=\"large-body-copy\"><strong>Conditionnement du corps entier<\/strong><\/p>\n        <\/div>\n                <div class=\"icon-item\">\n          <img decoding=\"async\" src=\"https:\/\/www.sbhny.org\/wp-content\/uploads\/2024\/05\/kettlebell-icon.png\" alt=\"icon\">\n          <p class=\"large-body-copy\"><strong>TRX et Kettlebell<\/strong><\/p>\n        <\/div>\n                <div class=\"icon-item\">\n          <img decoding=\"async\" src=\"https:\/\/www.sbhny.org\/wp-content\/uploads\/2024\/05\/yoga-icon.png\" alt=\"icon\">\n          <p class=\"large-body-copy\"><strong>Yoga<\/strong><\/p>\n        <\/div>\n                <div class=\"icon-item\">\n          <img decoding=\"async\" src=\"https:\/\/www.sbhny.org\/wp-content\/uploads\/2024\/05\/music-icon.png\" alt=\"icon\">\n          <p class=\"large-body-copy\"><strong>Zumba<\/strong><\/p>\n        <\/div>\n              <\/div>\n        <\/div>\n<\/section>\n\n\n<section class=\"questions-support-cta custom-blue-cta\">\n  <div class=\"max-width standard-spacing questions-support-row\">\n    <div class=\"intro-copy\">\n      <h2 class=\"subheading\">Choisissez le cours de fitness qui vous convient<\/h2>\n              <div class=\"body-copy\"><p>Parcourez nos cours de fitness de pointe et choisissez celui qui correspond \u00e0 vos objectifs de fitness et \u00e0 vos besoins personnels. Les cours ont lieu plusieurs fois par semaine, l'apr\u00e8s-midi et le soir, pour s'adapter \u00e0 votre emploi du temps.<\/p>\n<\/div>\n          <\/div>\n    <div class=\"cta-row\">\n      <a href=\"https:\/\/sbhfitnesscenter.org\/classes\/\" class=\"btn btn--white btn--external\">Parcourir les cours de fitness<\/a>\n    <\/div>\n  <\/div>\n<\/section>\n\n\n\n\n\n<a class=\"jump-nav-link-block\" href=\"javascript:void(0)\" tabindex=\"-1\" id=\"membership\" data-name=\"Membership\"><\/a>\n\n\n\n<section class=\"icon-boxes-with-intro icon-list-with-copy\">\n      <div class=\"max-width standard-spacing icon-boxes\">\n    <h2 class=\"subheading\">\u00c9coutez ce que les membres disent de leurs voyages de remise en forme qui ont chang\u00e9 leur vie.<\/h2>\n\n    <div class=\"icon-box-list-items three-col\">\n              <div class=\"icon-box-item\">\n          <img decoding=\"async\" src=\"https:\/\/www.sbhny.org\/wp-content\/uploads\/2024\/05\/heart-speech-bubble-green-icon.png\" alt=\"icon\">\n                    <p class=\"medium-body-copy\">\"Ma tension art\u00e9rielle est mieux contr\u00f4l\u00e9e. Et ma sant\u00e9 est bien meilleure.<\/p>                    \n                      <p class=\"medium-body-copy\">\n            <strong>Wilson Aguinado<\/strong>                                    <\/p>            \n          \n                  <\/div>\n          <\/div>\n  <\/div>\n    <\/section>\n\n\n\n<section class=\"alternating-content-image-rows first gray\">\n\n  \n          <div class=\"standard-spacing no-side-spacing no-bottom-spacing content-image-block not-reversed\">\n            <div class=\"content-image-row\">\n              <div class=\"content-side\">\n  \n                <!-- Display icon if there is one -->\n                                  <img decoding=\"async\" src=\"https:\/\/www.sbhny.org\/wp-content\/uploads\/2024\/05\/membership-benefits-icon.png\" alt=\"icon\">\n                  \n                <!-- Display heading if there is one -->\n                <!-- If there is intro copy, display h3 -->\n                <!-- If there is no intro copy, display h2 -->\n                                  <h2 class=\"small-heading\">Les avantages de l'adh\u00e9sion<\/h2>\n                                  \n                <!-- Display body copy if there is body copy -->\n                                  <div class=\"body-copy\"><p>Si vous \u00eates pr\u00eat \u00e0 commencer votre voyage vers une meilleure sant\u00e9 et une meilleure forme physique, visitez le site Web du Healthplex pour plus d'informations sur les adh\u00e9sions et les horaires des cours.<\/p>\n<\/div>\n                  \n                                \n                                  <a href=\"https:\/\/sbhfitnesscenter.org\/member-benefits\/\" class=\"btn btn--arrow\">En savoir plus sur les avantages pour les membres<\/a>\n                \n                \n                  \n              <\/div>\n              \n              <!-- Display main image if there is an image -->\n                            <div class=\"image-side\" style=\"background-image: url('https:\/\/www.sbhny.org\/wp-content\/uploads\/2024\/05\/membership-benefits-image.png');\"><\/div>\n                \n            <\/div>\n          <\/div>\n  \n        \n\n\n\n<\/section>\n\n\n\n<a class=\"jump-nav-link-block\" href=\"javascript:void(0)\" tabindex=\"-1\" id=\"location\" data-name=\"Location and Hours\"><\/a>\n\n\n\n<section class=\"location-feature reversed\">\n  <div class=\"max-width standard-spacing location-feature-row\">\n    <div class=\"image\" style=\"background-image: url('https:\/\/www.sbhny.org\/wp-content\/uploads\/2024\/09\/HWC-scaled.jpg');\"><\/div>\n    <div class=\"content\">\n              <p class=\"medium-body-copy\" style=\"margin-bottom: 8px;\">Syst\u00e8me de sant\u00e9 SBH<\/p>\n            <h2 class=\"subheading\">Centre de conditionnement physique Healthplex<\/h2>\n      <div class=\"body-copy hours\"><p>4507, 3e avenue, 2e \u00e9tage<br \/>Bronx, NY 10457<\/p>\n<p>Du lundi au vendredi : 5:00AM - 9:00PM<br \/>Samedi et dimanche : 9h00 - 17h00<\/p>\n<\/div>\n\n              <p class=\"large-body-copy\"><strong>Questions ou prise de rendez-vous :<\/strong><\/p>\n        <a href=\"tel:7189609245\" class=\"phone-cta color-blue\">(718) 960 9245<\/a>\n      \n      <br>\n\n              <a href=\"https:\/\/maps.app.goo.gl\/wycNWk1tqZTRAFP77\" class=\"btn btn--white google-maps-cta\">Voir sur Google Maps<\/a>     \n      \n      \n          <\/div>\n  <\/div>\n<\/section>\n\n\n<section class=\"questions-support-cta custom-blue-cta\">\n  <div class=\"max-width standard-spacing questions-support-row\">\n    <div class=\"intro-copy\">\n      <h2 class=\"subheading\">Pour en savoir plus sur le centre de remise en forme Healthplex, visitez le site complet<\/h2>\n          <\/div>\n    <div class=\"cta-row\">\n      <a href=\"https:\/\/sbhfitnesscenter.org\/\" class=\"btn btn--white btn--external\">Centre de remise en forme HEALTHPLEX<\/a>\n    <\/div>\n  <\/div>\n<\/section>\n\n\n\n\n<section class=\"resources-background-section\" >\n  <div class=\"max-width standard-spacing\">\n    <div class=\"intro-copy\">\n      <h2 class=\"main-heading\">Le SBH propose davantage de services de sant\u00e9 et de bien-\u00eatre<\/h2>\n          <\/div>\n\n\n    \n    \n    <div class=\"resources-row\">\n\n          <div class=\"resource-card\">\n                <img decoding=\"async\" src=\"https:\/\/www.sbhny.org\/wp-content\/uploads\/2024\/05\/nurse-icon.png\" alt=\"icon\">\n        \n                <p class=\"large-body-copy\"><strong>Soins cliniques<\/strong><\/p>\n        \n                <p class=\"medium-body-copy\">En savoir plus sur les soins, les services et l'excellence clinique offerts par le SBH.<\/p>\n        \n                <a href=\"\/fr\/services\/\" class=\"arrow-cta\">Parcourir nos services<\/a>\n              <\/div>\n\n            <div class=\"resource-card\">\n                <img decoding=\"async\" src=\"https:\/\/www.sbhny.org\/wp-content\/uploads\/2024\/05\/wellness-heart-icon.png\" alt=\"icon\">\n        \n                <p class=\"large-body-copy\"><strong>Programmes de bien-\u00eatre<\/strong><\/p>\n        \n                <p class=\"medium-body-copy\">Le SBH dispose d'un certain nombre de programmes de bien-\u00eatre visant \u00e0 fournir une \u00e9ducation nutritionnelle et des aliments frais et sains pour aider les gens \u00e0 vivre la vie la plus saine possible.<\/p>\n        \n                <a href=\"\/fr\/health-wellness-center\/wellness-programs\/\" class=\"arrow-cta\">Explorer les programmes de bien-\u00eatre<\/a>\n              <\/div>\n\n            <div class=\"resource-card\">\n                <img decoding=\"async\" src=\"https:\/\/www.sbhny.org\/wp-content\/uploads\/2024\/05\/apple-icon.png\" alt=\"icon\">\n        \n                <p class=\"large-body-copy\"><strong>M\u00e9decine culinaire et cuisine p\u00e9dagogique<\/strong><\/p>\n        \n                <p class=\"medium-body-copy\">Apprenez \u00e0 pr\u00e9parer des repas d\u00e9licieusement sains qui ne sont pas seulement bons au go\u00fbt, mais aussi bons pour la sant\u00e9. <\/p>\n        \n                <a href=\"\/fr\/health-wellness-center\/teaching-kitchen\/\" class=\"arrow-cta\">D\u00e9couvrez les cours de cuisine<\/a>\n              <\/div>\n\n      \n    <\/div>\n\n        \n  <\/div>\n<\/section>","protected":false},"excerpt":{"rendered":"","protected":false},"author":3,"featured_media":0,"parent":886,"menu_order":0,"comment_status":"closed","ping_status":"closed","template":"","meta":{"_acf_changed":true,"_eb_attr":"","_price":"","_stock":"","_tribe_ticket_header":"","_tribe_default_ticket_provider":"","_tribe_ticket_capacity":"0","_ticket_start_date":"","_ticket_end_date":"","_tribe_ticket_show_description":"","_tribe_ticket_show_not_going":false,"_tribe_ticket_use_global_stock":"","_tribe_ticket_global_stock_level":"","_global_stock_mode":"","_global_stock_cap":"","_tribe_rsvp_for_event":"","_tribe_ticket_going_count":"","_tribe_ticket_not_going_count":"","_tribe_tickets_list":"[]","_tribe_ticket_has_attendee_info_fields":false,"footnotes":""},"class_list":["post-888","page","type-page","status-publish","hentry"],"acf":[],"yoast_head":"<!-- This site is optimized with the Yoast SEO plugin v26.5 - https:\/\/yoast.com\/wordpress\/plugins\/seo\/ -->\n<title>Fitness Center - SBH Health System<\/title>\n<meta name=\"robots\" content=\"index, follow, max-snippet:-1, max-image-preview:large, max-video-preview:-1\" \/>\n<link rel=\"canonical\" href=\"https:\/\/www.sbhny.org\/fr\/health-wellness-center\/fitness-center\/\" \/>\n<meta property=\"og:locale\" content=\"fr_FR\" \/>\n<meta property=\"og:type\" content=\"article\" \/>\n<meta property=\"og:title\" content=\"Fitness Center - SBH Health System\" \/>\n<meta property=\"og:url\" content=\"https:\/\/www.sbhny.org\/fr\/health-wellness-center\/fitness-center\/\" \/>\n<meta property=\"og:site_name\" content=\"SBH Health System\" \/>\n<meta property=\"article:publisher\" content=\"https:\/\/www.facebook.com\/SBHBronx\/\" \/>\n<meta property=\"article:modified_time\" content=\"2025-10-21T20:02:11+00:00\" \/>\n<meta name=\"twitter:card\" content=\"summary_large_image\" \/>\n<meta name=\"twitter:site\" content=\"@sbhbronx\" \/>\n<script type=\"application\/ld+json\" class=\"yoast-schema-graph\">{\"@context\":\"https:\/\/schema.org\",\"@graph\":[{\"@type\":\"WebPage\",\"@id\":\"https:\/\/www.sbhny.org\/health-wellness-center\/fitness-center\/\",\"url\":\"https:\/\/www.sbhny.org\/health-wellness-center\/fitness-center\/\",\"name\":\"Fitness Center - SBH Health System\",\"isPartOf\":{\"@id\":\"https:\/\/www.sbhny.org\/#website\"},\"datePublished\":\"2024-05-13T14:58:33+00:00\",\"dateModified\":\"2025-10-21T20:02:11+00:00\",\"breadcrumb\":{\"@id\":\"https:\/\/www.sbhny.org\/health-wellness-center\/fitness-center\/#breadcrumb\"},\"inLanguage\":\"fr-FR\",\"potentialAction\":[{\"@type\":\"ReadAction\",\"target\":[\"https:\/\/www.sbhny.org\/health-wellness-center\/fitness-center\/\"]}]},{\"@type\":\"BreadcrumbList\",\"@id\":\"https:\/\/www.sbhny.org\/health-wellness-center\/fitness-center\/#breadcrumb\",\"itemListElement\":[{\"@type\":\"ListItem\",\"position\":1,\"name\":\"Home\",\"item\":\"https:\/\/www.sbhny.org\/\"},{\"@type\":\"ListItem\",\"position\":2,\"name\":\"Health &amp; Wellness Center\",\"item\":\"https:\/\/www.sbhny.org\/health-wellness-center\/\"},{\"@type\":\"ListItem\",\"position\":3,\"name\":\"Fitness Center\"}]},{\"@type\":\"WebSite\",\"@id\":\"https:\/\/www.sbhny.org\/#website\",\"url\":\"https:\/\/www.sbhny.org\/\",\"name\":\"SBH Health System\",\"description\":\"\",\"potentialAction\":[{\"@type\":\"SearchAction\",\"target\":{\"@type\":\"EntryPoint\",\"urlTemplate\":\"https:\/\/www.sbhny.org\/?s={search_term_string}\"},\"query-input\":{\"@type\":\"PropertyValueSpecification\",\"valueRequired\":true,\"valueName\":\"search_term_string\"}}],\"inLanguage\":\"fr-FR\"}]}<\/script>\n<!-- \/ Yoast SEO plugin. -->","yoast_head_json":{"title":"Centre de remise en forme - SBH Health System","robots":{"index":"index","follow":"follow","max-snippet":"max-snippet:-1","max-image-preview":"max-image-preview:large","max-video-preview":"max-video-preview:-1"},"canonical":"https:\/\/www.sbhny.org\/fr\/health-wellness-center\/fitness-center\/","og_locale":"fr_FR","og_type":"article","og_title":"Fitness Center - SBH Health System","og_url":"https:\/\/www.sbhny.org\/fr\/health-wellness-center\/fitness-center\/","og_site_name":"SBH Health System","article_publisher":"https:\/\/www.facebook.com\/SBHBronx\/","article_modified_time":"2025-10-21T20:02:11+00:00","twitter_card":"summary_large_image","twitter_site":"@sbhbronx","schema":{"@context":"https:\/\/schema.org","@graph":[{"@type":"WebPage","@id":"https:\/\/www.sbhny.org\/health-wellness-center\/fitness-center\/","url":"https:\/\/www.sbhny.org\/health-wellness-center\/fitness-center\/","name":"Centre de remise en forme - SBH Health System","isPartOf":{"@id":"https:\/\/www.sbhny.org\/#website"},"datePublished":"2024-05-13T14:58:33+00:00","dateModified":"2025-10-21T20:02:11+00:00","breadcrumb":{"@id":"https:\/\/www.sbhny.org\/health-wellness-center\/fitness-center\/#breadcrumb"},"inLanguage":"fr-FR","potentialAction":[{"@type":"ReadAction","target":["https:\/\/www.sbhny.org\/health-wellness-center\/fitness-center\/"]}]},{"@type":"BreadcrumbList","@id":"https:\/\/www.sbhny.org\/health-wellness-center\/fitness-center\/#breadcrumb","itemListElement":[{"@type":"ListItem","position":1,"name":"Home","item":"https:\/\/www.sbhny.org\/"},{"@type":"ListItem","position":2,"name":"Health &amp; Wellness Center","item":"https:\/\/www.sbhny.org\/health-wellness-center\/"},{"@type":"ListItem","position":3,"name":"Fitness Center"}]},{"@type":"WebSite","@id":"https:\/\/www.sbhny.org\/#website","url":"https:\/\/www.sbhny.org\/","name":"Syst\u00e8me de sant\u00e9 SBH","description":"","potentialAction":[{"@type":"SearchAction","target":{"@type":"EntryPoint","urlTemplate":"https:\/\/www.sbhny.org\/?s={search_term_string}"},"query-input":{"@type":"PropertyValueSpecification","valueRequired":true,"valueName":"search_term_string"}}],"inLanguage":"fr-FR"}]}},"_links":{"self":[{"href":"https:\/\/www.sbhny.org\/fr\/wp-json\/wp\/v2\/pages\/888","targetHints":{"allow":["GET"]}}],"collection":[{"href":"https:\/\/www.sbhny.org\/fr\/wp-json\/wp\/v2\/pages"}],"about":[{"href":"https:\/\/www.sbhny.org\/fr\/wp-json\/wp\/v2\/types\/page"}],"author":[{"embeddable":true,"href":"https:\/\/www.sbhny.org\/fr\/wp-json\/wp\/v2\/users\/3"}],"replies":[{"embeddable":true,"href":"https:\/\/www.sbhny.org\/fr\/wp-json\/wp\/v2\/comments?post=888"}],"version-history":[{"count":0,"href":"https:\/\/www.sbhny.org\/fr\/wp-json\/wp\/v2\/pages\/888\/revisions"}],"up":[{"embeddable":true,"href":"https:\/\/www.sbhny.org\/fr\/wp-json\/wp\/v2\/pages\/886"}],"wp:attachment":[{"href":"https:\/\/www.sbhny.org\/fr\/wp-json\/wp\/v2\/media?parent=888"}],"curies":[{"name":"wp","href":"https:\/\/api.w.org\/{rel}","templated":true}]}}