{"id":890,"date":"2024-05-13T14:58:04","date_gmt":"2024-05-13T14:58:04","guid":{"rendered":"https:\/\/sbhny.wpenginepowered.com\/?page_id=890"},"modified":"2024-09-28T15:52:51","modified_gmt":"2024-09-28T15:52:51","slug":"wellness-programs","status":"publish","type":"page","link":"https:\/\/www.sbhny.org\/fr\/health-wellness-center\/wellness-programs\/","title":{"rendered":"Programmes de bien-\u00eatre"},"content":{"rendered":"<section class=\"breadcrumb-eyebrow-marquee\">\n  <div class=\"max-width marquee-spacing\">\n    <nav class=\"breadcrumbs\" aria-label=\"Fil d&#039;Ariane\">\n      <ul class=\"breadcrumbs-list\" itemscope itemtype=\"https:\/\/schema.org\/BreadcrumbList\">\n        <li itemprop=\"itemListElement\" itemscope\n itemtype=\"https:\/\/schema.org\/ListItem\"><a itemprop=\"item\" href=\"\/fr\/\"><span itemprop=\"name\">Maison<\/span><\/a><\/li>\n        <li class=\"page_item page-item-886\"><a href=\"https:\/\/www.sbhny.org\/fr\/health-wellness-center\/\">Centre de sant\u00e9 et de bien-\u00eatre<\/a><\/li>\n        \n        <li itemprop=\"itemListElement\" itemscope\n itemtype=\"https:\/\/schema.org\/ListItem\"><a itemprop=\"item\" class=\"current\" aria-current=\"page\" href=\"https:\/\/www.sbhny.org\/fr\/health-wellness-center\/wellness-programs\/\"><span itemprop=\"name\">Programmes de bien-\u00eatre<\/span><\/a><\/li>\n    <\/ul>\n\n    <\/nav>\n    <div class=\"eyebrow\">\n              <p class=\"main-heading\">Programmes de bien-\u00eatre<\/p>\n          <\/div>    \n  <\/div>\n<\/section>\n\n\n<section class=\"image-twocol-hero background-image\">\n  <div class=\"max-width standard-spacing twocol-row\">\n\n          <div class=\"image-col twocol-col\" style=\"background-image: url('https:\/\/www.sbhny.org\/wp-content\/uploads\/2024\/05\/wellness-programs-hero.png');\"><\/div>\n    \n\n    <div class=\"content-col twocol-col\">\n              <h1 class=\"main-heading\">Nos programmes de bien-\u00eatre aident les habitants du Bronx \u00e0 vivre en bonne sant\u00e9<\/h1>\n            <div class=\"body-copy\">\n        <p>SBH s'engage pour la sant\u00e9 et le bien-\u00eatre des habitants du Bronx. Nos programmes de bien-\u00eatre, nos programmes de style de vie et nos services de soutien \u00e0 la sant\u00e9 sont con\u00e7us pour vous donner les outils dont vous avez besoin pour prot\u00e9ger votre sant\u00e9 \u00e0 long terme.<\/p>\n      <\/div>\n      \n        \n      \n          <\/div>\n  <\/div>\n<\/section>\n\n\n\n<a class=\"jump-nav-link-block\" href=\"javascript:void(0)\" tabindex=\"-1\" id=\"overview\" data-name=\"Overview\"><\/a>\n\n\n\n<section class=\"image-edge-twocol-section no-back\">\n  <div class=\"max-width twocol-row twocol-row--image-edge standard-spacing not-top-spacing no-bottom-spacing\">\n    <div class=\"content-col twocol-col\">\n      <div class=\"body-copy\"><h2 class=\"main-heading centered\">Des programmes de bien-\u00eatre pratiques et accessibles \u00e0 tous les habitants du Bronx<\/h2>\n<div class=\"intro-copy centered\">\n<p class=\"large-body-copy\">Notre mission est de fournir aux habitants du Bronx l'\u00e9ducation, les outils et les ressources dont ils ont besoin pour vivre sainement, rester en bonne sant\u00e9 et \u00e9viter l'h\u00f4pital. Nous disposons d'une vari\u00e9t\u00e9 de programmes visant \u00e0 fournir un acc\u00e8s \u00e0 des aliments frais, sains et issus de l'agriculture biologique gr\u00e2ce \u00e0 notre partenariat avec Project EATS. L'objectif est de fournir un acc\u00e8s indispensable \u00e0 des produits frais et \u00e0 une nutrition ad\u00e9quate qui favorisent une meilleure sant\u00e9.<\/p>\n<\/div>\n<\/div>    <\/div>\n          <div class=\"image-col twocol-col standard\" style=\"background-image: url('https:\/\/www.sbhny.org\/wp-content\/uploads\/2024\/05\/woman-with-basket-of-produce.png');\"><\/div>\n      <\/div>\n<\/section>\n\n\n\n\n\n<a class=\"jump-nav-link-block\" href=\"javascript:void(0)\" tabindex=\"-1\" id=\"rooftop-farm\" data-name=\"Rooftop Farm\"><\/a>\n\n\n\n<section class=\"alternating-content-image-rows first gray\">\n\n  \n          <div class=\"standard-spacing no-side-spacing no-bottom-spacing content-image-block not-reversed\">\n            <div class=\"content-image-row\">\n              <div class=\"content-side\">\n  \n                <!-- Display icon if there is one -->\n                                  <img decoding=\"async\" src=\"https:\/\/www.sbhny.org\/wp-content\/uploads\/2024\/05\/carrot-circle-icon.png\" alt=\"icon\">\n                  \n                <!-- Display heading if there is one -->\n                <!-- If there is intro copy, display h3 -->\n                <!-- If there is no intro copy, display h2 -->\n                                  <h2 class=\"small-heading\">Ferme sur les toits <\/h2>\n                                  \n                <!-- Display body copy if there is body copy -->\n                                  <div class=\"body-copy\"><p>Vous cherchez des aliments frais, savoureux et bons pour la sant\u00e9 ? Ne cherchez pas plus loin que la ferme sur le toit du Health &amp; Wellness Center. Ce jardin urbain transforme les habitudes alimentaires de nos communaut\u00e9s locales. En tant que partenaire du projet EATS, nous proposons des aliments de saison abordables qui peuvent contribuer \u00e0 am\u00e9liorer votre sant\u00e9 g\u00e9n\u00e9rale. <\/p>\n<\/div>\n                  \n                                \n                \n                \n                  \n              <\/div>\n              \n              <!-- Display main image if there is an image -->\n                            <div class=\"image-side\" style=\"background-image: url('https:\/\/www.sbhny.org\/wp-content\/uploads\/2024\/05\/class-5-dinner.jpg');\"><\/div>\n                \n            <\/div>\n          <\/div>\n  \n          \n          <div class=\"standard-spacing no-side-spacing no-bottom-spacing content-image-block not-reversed\">\n            <div class=\"content-image-row\">\n              <div class=\"content-side\">\n  \n                <!-- Display icon if there is one -->\n                                  <img decoding=\"async\" src=\"https:\/\/www.sbhny.org\/wp-content\/uploads\/2024\/05\/pear-circle-icon.png\" alt=\"icon\">\n                  \n                <!-- Display heading if there is one -->\n                <!-- If there is intro copy, display h3 -->\n                <!-- If there is no intro copy, display h2 -->\n                                  <h2 class=\"small-heading\">Garde-manger<\/h2>\n                                  \n                <!-- Display body copy if there is body copy -->\n                                  <div class=\"body-copy\"><p>La communaut\u00e9 du Bronx est confront\u00e9e chaque jour \u00e0 un acc\u00e8s in\u00e9quitable \u00e0 des aliments sains et abordables. Cela conduit \u00e0 des r\u00e9gimes alimentaires malsains, qui peuvent entra\u00eener une mauvaise sant\u00e9 et des maladies chroniques. Le SBH cultive des fruits et des l\u00e9gumes frais sur son toit. Les aliments sont incorpor\u00e9s dans le centre culinaire et la cuisine p\u00e9dagogique. Le stand de la ferme du SBH propose les fruits et l\u00e9gumes pendant la saison de croissance et les vend \u00e0 un prix r\u00e9duit \u00e0 la communaut\u00e9. Les l\u00e9gumes non vendus sont distribu\u00e9s gratuitement le lendemain dans le cadre du Food Pantry.<\/p>\n<\/div>\n                  \n                                \n                \n                \n                  \n              <\/div>\n              \n              <!-- Display main image if there is an image -->\n                            <div class=\"image-side\" style=\"background-image: url('https:\/\/www.sbhny.org\/wp-content\/uploads\/2024\/05\/class-1-introduction.png');\"><\/div>\n                \n            <\/div>\n          <\/div>\n  \n          \n          <div class=\"standard-spacing no-side-spacing no-bottom-spacing content-image-block not-reversed\">\n            <div class=\"content-image-row\">\n              <div class=\"content-side\">\n  \n                <!-- Display icon if there is one -->\n                                  <img decoding=\"async\" src=\"https:\/\/www.sbhny.org\/wp-content\/uploads\/2024\/05\/bee-circle-icon.png\" alt=\"icon\">\n                  \n                <!-- Display heading if there is one -->\n                <!-- If there is intro copy, display h3 -->\n                <!-- If there is no intro copy, display h2 -->\n                                  <h2 class=\"small-heading\">Ruche sur le toit<\/h2>\n                                  \n                <!-- Display body copy if there is body copy -->\n                                  <div class=\"body-copy\"><p>Pour que notre jardin continue \u00e0 se d\u00e9velopper ann\u00e9e apr\u00e8s ann\u00e9e, nous avons \u00e9galement investi dans les abeilles. L'espace vert sur le toit est \u00e9quip\u00e9 d'une ruche qui abrite plus de 250 000 abeilles. Elles produisent du miel local et pollinisent les plantes pour assurer la prochaine r\u00e9colte.<\/p>\n<\/div>\n                  \n                                \n                \n                \n                  \n              <\/div>\n              \n              <!-- Display main image if there is an image -->\n                            <div class=\"image-side\" style=\"background-image: url('https:\/\/www.sbhny.org\/wp-content\/uploads\/2024\/05\/rooftop-beehive.png');\"><\/div>\n                \n            <\/div>\n          <\/div>\n  \n        \n\n\n\n<\/section>\n\n\n<section class=\"testimonial-block large-no-background--reversed\">\n  <div class=\"max-width standard-spacing\">\n    <div class=\"testimonial-row\">\n      <div class=\"content\">\n                  <p class=\"subheading quote\">Apprendre \u00e0 cuisiner des repas sains avec des produits frais<\/p>\n        \n        \n\n                  <a href=\"\/fr\/health-wellness-center\/teaching-kitchen\/#our-classes\" class=\"btn\">D\u00e9couvrez nos cours de cuisine<\/a>      \n        \n      <\/div>\n\n      <div class=\"video\">\n        <div class=\"video-thumbnail no-video\" style=\"background-image: url('https:\/\/www.sbhny.org\/wp-content\/uploads\/2024\/05\/take-a-video-tour-thumbnail.jpg');\">\n        <\/div>\n      <\/div>\n\n    <\/div>\n  <\/div>\n<\/section>\n\n\n\n\n<a class=\"jump-nav-link-block\" href=\"javascript:void(0)\" tabindex=\"-1\" id=\"wic\" data-name=\"Women, Infants And Children Program (WIC)\"><\/a>\n\n\n\n<section class=\"image-edge-twocol-section no-back\">\n  <div class=\"max-width twocol-row twocol-row--image-edge standard-spacing not-top-spacing no-bottom-spacing\">\n    <div class=\"content-col twocol-col\">\n      <div class=\"body-copy\"><h2 class=\"subheading centered\">Programme pour les femmes, les nourrissons et les enfants (WIC)<\/h2>\n<div class=\"intro-copy intro-copy--icon centered\">\n<p class=\"large-body-copy\">Au SBH, nous nous effor\u00e7ons de promouvoir la sant\u00e9 \u00e0 long terme et de pr\u00e9venir les maladies. Une bonne nutrition joue un r\u00f4le important dans la r\u00e9alisation de cet objectif. C'est pourquoi nous redoublons d'efforts pour fournir des aliments sains aux familles par l'interm\u00e9diaire de notre programme WIC. Ce programme financ\u00e9 par le gouvernement f\u00e9d\u00e9ral et l'\u00c9tat est destin\u00e9 aux femmes enceintes ou qui allaitent, ainsi qu'aux m\u00e8res d'enfants jusqu'\u00e0 l'\u00e2ge de cinq ans qui remplissent certaines conditions de logement et de revenu.<\/p>\n<\/div>\n<div class=\"gray-box gray-box--icon centered\">\n  <img decoding=\"async\" src=\"\/wp-content\/uploads\/2024\/05\/fork-knife-icon.png\" alt=\"icon\" \/><\/p>\n<p class=\"large-body-copy\"><strong>En participant au programme WIC, vous recevrez des informations sur la nutrition et la forme physique, ainsi que des colis alimentaires mensuels comprenant<\/strong><\/p>\n<div class=\"two-col-ul\">\n<ul class=\"first\">\n<li>Aliments pour b\u00e9b\u00e9s<\/li>\n<li>Poisson en conserve<\/li>\n<li>C\u00e9r\u00e9ales<\/li>\n<li>Fromage<\/li>\n<li>Haricots et pois secs<\/li>\n<\/ul>\n<ul class=\"second\">\n<li>\u0152ufs<\/li>\n<li>Fruits et l\u00e9gumes<\/li>\n<li>100% jus<\/li>\n<li>C\u00e9r\u00e9ales pour nourrissons et pr\u00e9parations pour nourrissons<\/li>\n<\/ul><\/div>\n<p>  <a href=\"\/fr\/wic\/\" class=\"arrow-cta\">Lieux et d\u00e9tails sur le WIC<\/a>\n<\/div>\n<\/div>    <\/div>\n          <div class=\"image-col twocol-col standard\" style=\"background-image: url('https:\/\/www.sbhny.org\/wp-content\/uploads\/2024\/09\/shutterstock_2259579987-e1727272662983.png');\"><\/div>\n      <\/div>\n<\/section>\n\n\n\n\n<section class=\"location-feature default\">\n  <div class=\"max-width standard-spacing location-feature-row\">\n    <div class=\"image\" style=\"background-image: url('https:\/\/www.sbhny.org\/wp-content\/uploads\/2024\/09\/HWC-scaled.jpg');\"><\/div>\n    <div class=\"content\">\n            <h2 class=\"subheading\">Heures d'ouverture du WIC<\/h2>\n      <div class=\"body-copy hours\"><p>Du lundi au vendredi : 9h00 - 17h00<br \/>Samedi : 9h00 - 17h00 (4\u00e8me samedi du mois)<\/p>\n<\/div>\n\n              <p class=\"large-body-copy\"><strong>Questions ou prise de rendez-vous :<\/strong><\/p>\n        <a href=\"tel:7189606257\" class=\"phone-cta color-blue\">(718) 960 6257<\/a>\n      \n      <br>\n\n              <a href=\"https:\/\/maps.app.goo.gl\/XhnZvMaYTgNHmwR19\" class=\"btn btn--white google-maps-cta\">Voir sur Google Maps<\/a>     \n      \n      \n          <\/div>\n  <\/div>\n<\/section>\n\n\n<section class=\"resources-background-section\" >\n  <div class=\"max-width standard-spacing\">\n    <div class=\"intro-copy\">\n      <h2 class=\"main-heading\">Le SBH propose davantage de services de sant\u00e9 et de bien-\u00eatre<\/h2>\n          <\/div>\n\n\n    \n    \n    <div class=\"resources-row\">\n\n          <div class=\"resource-card\">\n                <img decoding=\"async\" src=\"https:\/\/www.sbhny.org\/wp-content\/uploads\/2024\/05\/nurse-icon.png\" alt=\"icon\">\n        \n                <p class=\"large-body-copy\"><strong>Soins cliniques<\/strong><\/p>\n        \n                <p class=\"medium-body-copy\">En savoir plus sur les soins, les services et l'excellence clinique offerts par le SBH.<\/p>\n        \n                <a href=\"\/fr\/services\/\" class=\"arrow-cta\">Parcourir nos services<\/a>\n              <\/div>\n\n            <div class=\"resource-card\">\n                <img decoding=\"async\" src=\"https:\/\/www.sbhny.org\/wp-content\/uploads\/2024\/05\/apple-icon.png\" alt=\"icon\">\n        \n                <p class=\"large-body-copy\"><strong>M\u00e9decine culinaire et cuisine p\u00e9dagogique<\/strong><\/p>\n        \n                <p class=\"medium-body-copy\">Apprenez \u00e0 pr\u00e9parer des repas d\u00e9licieusement sains qui ne sont pas seulement bons au go\u00fbt, mais aussi bons pour la sant\u00e9. <\/p>\n        \n                <a href=\"\/fr\/health-wellness-center\/teaching-kitchen\/\" class=\"arrow-cta\">D\u00e9couvrez les cours de cuisine<\/a>\n              <\/div>\n\n            <div class=\"resource-card\">\n                <img decoding=\"async\" src=\"https:\/\/www.sbhny.org\/wp-content\/uploads\/2024\/05\/shoe-icon.png\" alt=\"icon\">\n        \n                <p class=\"large-body-copy\"><strong>Centre de remise en forme Healthplex<\/strong><\/p>\n        \n                <p class=\"medium-body-copy\">Restez en bonne sant\u00e9 en restant en forme avec l'aide d'entra\u00eeneurs certifi\u00e9s et de cours de pointe dans notre centre de remise en forme Healthplex.<\/p>\n        \n                <a href=\"\/fr\/health-wellness-center\/fitness-center\/\" class=\"arrow-cta\">D\u00e9couvrez les cours de fitness<\/a>\n              <\/div>\n\n      \n    <\/div>\n\n        \n  <\/div>\n<\/section>","protected":false},"excerpt":{"rendered":"","protected":false},"author":3,"featured_media":0,"parent":886,"menu_order":0,"comment_status":"closed","ping_status":"closed","template":"","meta":{"_acf_changed":false,"_eb_attr":"","_price":"","_stock":"","_tribe_ticket_header":"","_tribe_default_ticket_provider":"","_tribe_ticket_capacity":"0","_ticket_start_date":"","_ticket_end_date":"","_tribe_ticket_show_description":"","_tribe_ticket_show_not_going":false,"_tribe_ticket_use_global_stock":"","_tribe_ticket_global_stock_level":"","_global_stock_mode":"","_global_stock_cap":"","_tribe_rsvp_for_event":"","_tribe_ticket_going_count":"","_tribe_ticket_not_going_count":"","_tribe_tickets_list":"[]","_tribe_ticket_has_attendee_info_fields":false,"footnotes":""},"class_list":["post-890","page","type-page","status-publish","hentry"],"acf":[],"yoast_head":"<!-- This site is optimized with the Yoast SEO plugin v26.5 - https:\/\/yoast.com\/wordpress\/plugins\/seo\/ -->\n<title>Wellness Programs - SBH Health System<\/title>\n<meta name=\"robots\" content=\"index, follow, max-snippet:-1, max-image-preview:large, max-video-preview:-1\" \/>\n<link rel=\"canonical\" href=\"https:\/\/www.sbhny.org\/fr\/health-wellness-center\/wellness-programs\/\" \/>\n<meta property=\"og:locale\" content=\"fr_FR\" \/>\n<meta property=\"og:type\" content=\"article\" \/>\n<meta property=\"og:title\" content=\"Wellness Programs - SBH Health System\" \/>\n<meta property=\"og:url\" content=\"https:\/\/www.sbhny.org\/fr\/health-wellness-center\/wellness-programs\/\" \/>\n<meta property=\"og:site_name\" content=\"SBH Health System\" \/>\n<meta property=\"article:publisher\" content=\"https:\/\/www.facebook.com\/SBHBronx\/\" \/>\n<meta property=\"article:modified_time\" content=\"2024-09-28T15:52:51+00:00\" \/>\n<meta name=\"twitter:card\" content=\"summary_large_image\" \/>\n<meta name=\"twitter:site\" content=\"@sbhbronx\" \/>\n<script type=\"application\/ld+json\" class=\"yoast-schema-graph\">{\"@context\":\"https:\/\/schema.org\",\"@graph\":[{\"@type\":\"WebPage\",\"@id\":\"https:\/\/www.sbhny.org\/health-wellness-center\/wellness-programs\/\",\"url\":\"https:\/\/www.sbhny.org\/health-wellness-center\/wellness-programs\/\",\"name\":\"Wellness Programs - SBH Health System\",\"isPartOf\":{\"@id\":\"https:\/\/www.sbhny.org\/#website\"},\"datePublished\":\"2024-05-13T14:58:04+00:00\",\"dateModified\":\"2024-09-28T15:52:51+00:00\",\"breadcrumb\":{\"@id\":\"https:\/\/www.sbhny.org\/health-wellness-center\/wellness-programs\/#breadcrumb\"},\"inLanguage\":\"fr-FR\",\"potentialAction\":[{\"@type\":\"ReadAction\",\"target\":[\"https:\/\/www.sbhny.org\/health-wellness-center\/wellness-programs\/\"]}]},{\"@type\":\"BreadcrumbList\",\"@id\":\"https:\/\/www.sbhny.org\/health-wellness-center\/wellness-programs\/#breadcrumb\",\"itemListElement\":[{\"@type\":\"ListItem\",\"position\":1,\"name\":\"Home\",\"item\":\"https:\/\/www.sbhny.org\/\"},{\"@type\":\"ListItem\",\"position\":2,\"name\":\"Health &amp; Wellness Center\",\"item\":\"https:\/\/www.sbhny.org\/health-wellness-center\/\"},{\"@type\":\"ListItem\",\"position\":3,\"name\":\"Wellness Programs\"}]},{\"@type\":\"WebSite\",\"@id\":\"https:\/\/www.sbhny.org\/#website\",\"url\":\"https:\/\/www.sbhny.org\/\",\"name\":\"SBH Health System\",\"description\":\"\",\"potentialAction\":[{\"@type\":\"SearchAction\",\"target\":{\"@type\":\"EntryPoint\",\"urlTemplate\":\"https:\/\/www.sbhny.org\/?s={search_term_string}\"},\"query-input\":{\"@type\":\"PropertyValueSpecification\",\"valueRequired\":true,\"valueName\":\"search_term_string\"}}],\"inLanguage\":\"fr-FR\"}]}<\/script>\n<!-- \/ Yoast SEO plugin. -->","yoast_head_json":{"title":"Programmes de bien-\u00eatre - SBH Health System","robots":{"index":"index","follow":"follow","max-snippet":"max-snippet:-1","max-image-preview":"max-image-preview:large","max-video-preview":"max-video-preview:-1"},"canonical":"https:\/\/www.sbhny.org\/fr\/health-wellness-center\/wellness-programs\/","og_locale":"fr_FR","og_type":"article","og_title":"Wellness Programs - SBH Health System","og_url":"https:\/\/www.sbhny.org\/fr\/health-wellness-center\/wellness-programs\/","og_site_name":"SBH Health System","article_publisher":"https:\/\/www.facebook.com\/SBHBronx\/","article_modified_time":"2024-09-28T15:52:51+00:00","twitter_card":"summary_large_image","twitter_site":"@sbhbronx","schema":{"@context":"https:\/\/schema.org","@graph":[{"@type":"WebPage","@id":"https:\/\/www.sbhny.org\/health-wellness-center\/wellness-programs\/","url":"https:\/\/www.sbhny.org\/health-wellness-center\/wellness-programs\/","name":"Programmes de bien-\u00eatre - SBH Health System","isPartOf":{"@id":"https:\/\/www.sbhny.org\/#website"},"datePublished":"2024-05-13T14:58:04+00:00","dateModified":"2024-09-28T15:52:51+00:00","breadcrumb":{"@id":"https:\/\/www.sbhny.org\/health-wellness-center\/wellness-programs\/#breadcrumb"},"inLanguage":"fr-FR","potentialAction":[{"@type":"ReadAction","target":["https:\/\/www.sbhny.org\/health-wellness-center\/wellness-programs\/"]}]},{"@type":"BreadcrumbList","@id":"https:\/\/www.sbhny.org\/health-wellness-center\/wellness-programs\/#breadcrumb","itemListElement":[{"@type":"ListItem","position":1,"name":"Home","item":"https:\/\/www.sbhny.org\/"},{"@type":"ListItem","position":2,"name":"Health &amp; Wellness Center","item":"https:\/\/www.sbhny.org\/health-wellness-center\/"},{"@type":"ListItem","position":3,"name":"Wellness Programs"}]},{"@type":"WebSite","@id":"https:\/\/www.sbhny.org\/#website","url":"https:\/\/www.sbhny.org\/","name":"Syst\u00e8me de sant\u00e9 SBH","description":"","potentialAction":[{"@type":"SearchAction","target":{"@type":"EntryPoint","urlTemplate":"https:\/\/www.sbhny.org\/?s={search_term_string}"},"query-input":{"@type":"PropertyValueSpecification","valueRequired":true,"valueName":"search_term_string"}}],"inLanguage":"fr-FR"}]}},"_links":{"self":[{"href":"https:\/\/www.sbhny.org\/fr\/wp-json\/wp\/v2\/pages\/890","targetHints":{"allow":["GET"]}}],"collection":[{"href":"https:\/\/www.sbhny.org\/fr\/wp-json\/wp\/v2\/pages"}],"about":[{"href":"https:\/\/www.sbhny.org\/fr\/wp-json\/wp\/v2\/types\/page"}],"author":[{"embeddable":true,"href":"https:\/\/www.sbhny.org\/fr\/wp-json\/wp\/v2\/users\/3"}],"replies":[{"embeddable":true,"href":"https:\/\/www.sbhny.org\/fr\/wp-json\/wp\/v2\/comments?post=890"}],"version-history":[{"count":0,"href":"https:\/\/www.sbhny.org\/fr\/wp-json\/wp\/v2\/pages\/890\/revisions"}],"up":[{"embeddable":true,"href":"https:\/\/www.sbhny.org\/fr\/wp-json\/wp\/v2\/pages\/886"}],"wp:attachment":[{"href":"https:\/\/www.sbhny.org\/fr\/wp-json\/wp\/v2\/media?parent=890"}],"curies":[{"name":"wp","href":"https:\/\/api.w.org\/{rel}","templated":true}]}}