{"id":891,"date":"2024-05-13T14:57:51","date_gmt":"2024-05-13T14:57:51","guid":{"rendered":"https:\/\/sbhny.wpenginepowered.com\/?page_id=891"},"modified":"2024-10-14T19:53:24","modified_gmt":"2024-10-14T19:53:24","slug":"homepage","status":"publish","type":"page","link":"https:\/\/www.sbhny.org\/fr\/","title":{"rendered":"Page d'accueil"},"content":{"rendered":"<section class=\"home-hero\">\n  <div class=\"standard-spacing max-width home-hero--row\">\n    <div class=\"home-hero--left\">\n\n            <h1 class=\"jumbo-heading\">Un syst\u00e8me hospitalier engag\u00e9 dans la sant\u00e9 et le bien-\u00eatre du Bronx<\/h1>\n      \n            <div class=\"body-copy\"><p>Depuis pr\u00e8s de 160 ans, SBH fournit des soins de sant\u00e9 empreints de compassion au Bronx. Aujourd&#039;hui, nous continuons \u00e0 fournir des soins de la plus haute qualit\u00e9 et des services fiables \u00e0 tous les membres de la communaut\u00e9. <\/p>\n<\/div>\n      \n            <div class=\"cta-row\">\n\n                <a href=\"\/fr\/about-sbh\/\" class=\"btn\">En savoir plus sur SBH<\/a>\n        \n                <a href=\"\/fr\/services\/\" class=\"arrow-cta\">Nos services<\/a>\n              <\/div>  \n      \n    <\/div>\n    <div class=\"home-hero--right\">\n              <img decoding=\"async\" src=\"https:\/\/www.sbhny.org\/wp-content\/themes\/SBH-Website\/img\/images\/home-hero.png\" alt=\"Parents taking daughter to doctor's office\">   \n          <\/div>\n  <\/div>\n<\/section>\n\n\n<section class=\"icon-arrow-cta-list\">\n  <div class=\"standard-spacing max-width\">\n\n        <h2 class=\"main-heading\">Assistance et ressources<\/h2>\n    \n        <div class=\"icon-arrow-cta-row\">\n\n            <div class=\"icon-arrow-cta\">\n\n                <img decoding=\"async\" src=\"https:\/\/www.sbhny.org\/wp-content\/uploads\/2024\/05\/find-a-doctor-icon.png\" alt=\"Find a doctor icon\">\n        \n        <br>\n\n                <a href=\"\/fr\/find-a-doctor\/\" class=\"arrow-cta\">Trouver un m\u00e9decin<\/a>\n        \n      <\/div>\n            <div class=\"icon-arrow-cta\">\n\n                <img decoding=\"async\" src=\"https:\/\/www.sbhny.org\/wp-content\/uploads\/2024\/05\/records-icon.png\" alt=\"Find a doctor icon\">\n        \n        <br>\n\n                <a href=\"\/fr\/electronic-request-for-records\/\" class=\"arrow-cta\">Demande de dossiers<\/a>\n        \n      <\/div>\n            <div class=\"icon-arrow-cta\">\n\n                <img decoding=\"async\" src=\"https:\/\/www.sbhny.org\/wp-content\/uploads\/2024\/05\/pay-bill-online-icon.png\" alt=\"Find a doctor icon\">\n        \n        <br>\n\n                <a href=\"https:\/\/sbhmychart.barnabas.network\/MyChart\/billing\/guestpay\" class=\"arrow-cta\">Payer une facture en ligne<\/a>\n        \n      <\/div>\n            <div class=\"icon-arrow-cta\">\n\n                <img decoding=\"async\" src=\"https:\/\/www.sbhny.org\/wp-content\/uploads\/2024\/05\/make-an-appointment-icon.png\" alt=\"Find a doctor icon\">\n        \n        <br>\n\n                <a href=\"\/fr\/make-an-appointment\/\" class=\"arrow-cta\">Prendre rendez-vous<\/a>\n        \n      <\/div>\n      \n    <\/div>\n    \n  <\/div>\n<\/section>\n\n\n<section class=\"alternating-content-image-rows first gray\">\n\n  <div class=\"alternating-intro-copy max-width standard-spacing no-bottom-spacing\">\n    <!-- Display eyebrow if there is one -->\n        <p class=\"eyebrow\">Soins sp\u00e9cialis\u00e9s<\/p>\n        \n    <!-- Display heading if there is one -->\n        <h2 class=\"main-heading\">Votre h\u00f4pital pour des soins sp\u00e9cialis\u00e9s dans le Bronx<\/h2>\n    \n    <!-- Display intro description if there is one -->\n        <div class=\"body-copy\"><p>Nous sommes bien plus qu&#039;un service d&#039;urgences. Vous trouverez une gamme compl\u00e8te de services de soins sp\u00e9cialis\u00e9s au SBH. <\/p>\n<\/div>\n      <\/div>\n    \n          <div class=\"standard-spacing no-side-spacing no-bottom-spacing content-image-block reversed\">\n            <div class=\"content-image-row\">\n              <div class=\"content-side\">\n  \n                <!-- Display icon if there is one -->\n                  \n                <!-- Display heading if there is one -->\n                <!-- If there is intro copy, display h3 -->\n                <!-- If there is no intro copy, display h2 -->\n                                  <h3 class=\"subheading\">Des soins p\u00e9diatriques de confiance pour chaque enfant<\/h3>  \n                                  \n                <!-- Display body copy if there is body copy -->\n                                  <div class=\"body-copy\"><p>Les enfants m\u00e9ritent ce qu&#039;il y a de mieux. Et vous aussi, en tant que parent ou tuteur. C&#039;est pourquoi SBH est un foyer m\u00e9dical de niveau 3 d\u00e9sign\u00e9 NCQA. Cela signifie que vous ne pouvez pas simplement consulter un m\u00e9decin, mais que vous avez acc\u00e8s 24 heures sur 24, 7 jours sur 7, \u00e0 nos p\u00e9diatres. Appelez en dehors des heures de bureau. Ou le week-end. Vous recevrez un rappel de notre p\u00e9diatre de garde. Non seulement nous prenons soin de vos enfants lorsqu&#039;ils sont malades, mais nous vous aidons \u00e9galement \u00e0 les maintenir en bonne sant\u00e9 gr\u00e2ce \u00e0 une alimentation et \u00e0 des exercices appropri\u00e9s et, si n\u00e9cessaire, nous vous aidons \u00e0 trouver des services et des ressources dans la communaut\u00e9.<\/p>\n<\/div>\n                  \n                                \n                                  <a href=\"\/fr\/our-services\/pediatrics\/\" class=\"btn standard\">Visitez les soins p\u00e9diatriques<\/a>\n                \n                \n                  \n              <\/div>\n              \n              <!-- Display main image if there is an image -->\n                            <div class=\"image-side\" style=\"background-image: url('https:\/\/www.sbhny.org\/wp-content\/uploads\/2024\/09\/3F0A6865-scaled.jpg');\"><\/div>\n                \n            <\/div>\n          <\/div>\n  \n        \n\n\n\n<\/section>\n\n\n<section class=\"caret-cta-list max-width standard-spacing\">\n  <div class=\"caret-cta-intro\">\n\n        <h2 class=\"subheading\">Excellence clinique en soins sp\u00e9cialis\u00e9s<\/h2>\n    \n        <div class=\"body-copy\"><p>Chez SBH, nous traitons la personne dans sa globalit\u00e9. Voici un aper\u00e7u de certains des nombreux services que nous proposons. <\/p>\n<\/div>\n    \n        <div class=\"cta-row\">\n      <a href=\"\/fr\/services\/\" class=\"btn\">Parcourir tous les services SBH<\/a>      \n    <\/div>\n    \n  <\/div>\n  <div class=\"caret-ctas\">\n    <div class=\"first-col\">\n            <a href=\"https:\/\/www.sbhny.org\/fr\/our-services\/addiction-medicine\/\" class=\"caret-cta\">M\u00e9decine de la toxicomanie<\/a>\n              <a href=\"https:\/\/www.sbhny.org\/fr\/our-services\/allergy-immunology\/\" class=\"caret-cta\">Asthme, allergie et immunologie<\/a>\n              <a href=\"https:\/\/www.sbhny.org\/fr\/our-services\/anesthesia\/\" class=\"caret-cta\">Anesth\u00e9sie<\/a>\n              <a href=\"https:\/\/www.sbhny.org\/fr\/our-services\/breast-health\/\" class=\"caret-cta\">Sant\u00e9 des seins<\/a>\n              <a href=\"https:\/\/www.sbhny.org\/fr\/our-services\/cancer-services\/\" class=\"caret-cta\">Services de canc\u00e9rologie<\/a>\n              <a href=\"https:\/\/www.sbhny.org\/fr\/our-services\/cardiology-heart\/\" class=\"caret-cta\">Cardiologie (C\u0153ur)<\/a>\n              <a href=\"https:\/\/www.sbhny.org\/fr\/our-services\/dentistry-oral-surgery\/\" class=\"caret-cta\">Dentisterie et chirurgie buccale<\/a>\n              <a href=\"https:\/\/www.sbhny.org\/fr\/our-services\/sbh-health-system-dermatology\/\" class=\"caret-cta\">Dermatologie<\/a>\n      <\/div><div class=\"second-col\">        <a href=\"https:\/\/www.sbhny.org\/fr\/our-services\/diabetes-endocrine-disorders\/\" class=\"caret-cta\">Diab\u00e8te \/ Troubles endocriniens<\/a>\n              <a href=\"https:\/\/www.sbhny.org\/fr\/our-services\/sbh-health-system-ear-nose-and-throat\/\" class=\"caret-cta\">Oreille, nez et gorge<\/a>\n              <a href=\"https:\/\/www.sbhny.org\/fr\/our-services\/emergency-care\/\" class=\"caret-cta\">Soins d&#039;urgence<\/a>\n              <a href=\"https:\/\/www.sbhny.org\/fr\/our-services\/primary-care\/\" class=\"caret-cta\">Soins primaires<\/a>\n              <a href=\"https:\/\/www.sbhny.org\/fr\/our-services\/liver-care\/\" class=\"caret-cta\">Soins du foie<\/a>\n              <a href=\"https:\/\/www.sbhny.org\/fr\/our-services\/orthopedics\/\" class=\"caret-cta\">Orthop\u00e9die<\/a>\n              <a href=\"https:\/\/www.sbhny.org\/fr\/our-services\/pain-medicine\/\" class=\"caret-cta\">M\u00e9decine contre la douleur<\/a>\n          <\/div>\n  <\/div>\n<\/section>\n\n\n<section class=\"blue-wave-cta max-width standard-spacing no-bottom-spacing no-top-spacing\">\n  <div class=\"blue-wave-cta-block\">\n    <div class=\"blue-wave-content\">\n            <h2 class=\"main-heading\">Des questions ? Nous sommes l\u00e0 pour vous aider.<\/h2>\n      \n            <div class=\"body-copy\"><p>Contactez-nous pour des questions sur vos soins, nos services et plus encore.<\/p>\n<\/div>\n      \n      <div class=\"cta-row\">\n\n                <a href=\"\/fr\/t\u00e9l:17189609000\/\" class=\"phone-cta\">(718) 960 9000<\/a>\n        \n                <a href=\"\/fr\/contact-sbh\/\" class=\"btn btn--white\">Contactez-nous<\/a>\n        \n      <\/div>      \n    <\/div>\n  <\/div>\n<\/section>\n\n\n<section class=\"slider-section\">\n  <div class=\"intro-copy-row max-width standard-spacing no-bottom-spacing\">\n    <div class=\"intro-copy\">\n\n            <h2 class=\"subheading\">Bienvenue au Centre de Sant\u00e9 et de Bien-\u00eatre SBH<\/h2>\n      \n            <div class=\"body-copy\"><p>Nous aidons chaque membre de la communaut\u00e9 \u00e0 vivre la vie la plus saine possible.<\/p>\n<\/div>\n      \n    <\/div>\n\n        <div class=\"intro-ctas cta-row\">\n      <a href=\"\/fr\/health-wellness-center\/\" class=\"btn\">Centre de sant\u00e9 et de bien-\u00eatre SBH<\/a>\n    <\/div>\n    \n  <\/div>\n\n  \n  <div class=\"slider-container four-or-less standard-spacing no-top-spacing no-side-spacing\">\n    <div class=\"start-slider\">\n\n    \n      <div class=\"slide\">\n        <div class=\"slide-contents\">\n\n                    <a href=\"\/fr\/health-wellness-center\/clinical-care\/\" class=\"zoom-image\">\n          \n                    <div class=\"slide-image\" style=\"background-image: url('https:\/\/www.sbhny.org\/wp-content\/uploads\/2024\/09\/DSC_4377-E-scaled.jpg');\"><\/div>\n          \n                    <\/a>\n          \n                    <h3 class=\"small-heading\">Soins cliniques<\/h3>\n          \n                    <p class=\"medium-body-copy\"><p>Nos prestataires de soins de sant\u00e9 sont parmi les plus qualifi\u00e9s du pays et ils sont passionn\u00e9s par l&#039;am\u00e9lioration et la protection de la sant\u00e9 \u00e0 long terme des communaut\u00e9s du Bronx.<\/p>\n<\/p>\n          \n                    <a href=\"\/fr\/health-wellness-center\/clinical-care\/\" class=\"caret-cta\">En savoir plus sur les soins cliniques<\/a>\n          \n        <\/div>\n      <\/div>\n\n    \n      <div class=\"slide\">\n        <div class=\"slide-contents\">\n\n                    <a href=\"\/fr\/health-wellness-center\/wellness-programs\/\" class=\"zoom-image\">\n          \n                    <div class=\"slide-image\" style=\"background-image: url('https:\/\/www.sbhny.org\/wp-content\/uploads\/2024\/05\/wellness-program.png');\"><\/div>\n          \n                    <\/a>\n          \n                    <h3 class=\"small-heading\">Programme de bien-\u00eatre<\/h3>\n          \n                    <p class=\"medium-body-copy\"><p>Nous travaillons en partenariat avec des groupes communautaires et des organisations \u00e9tatiques et f\u00e9d\u00e9rales pour vous offrir des fruits, des l\u00e9gumes et des c\u00e9r\u00e9ales de haute qualit\u00e9.<\/p>\n<\/p>\n          \n                    <a href=\"\/fr\/health-wellness-center\/wellness-programs\/\" class=\"caret-cta\">En savoir plus sur les programmes de bien-\u00eatre<\/a>\n          \n        <\/div>\n      <\/div>\n\n    \n      <div class=\"slide\">\n        <div class=\"slide-contents\">\n\n                    <a href=\"\/fr\/health-wellness-center\/fitness-center\/\" class=\"zoom-image\">\n          \n                    <div class=\"slide-image\" style=\"background-image: url('https:\/\/www.sbhny.org\/wp-content\/uploads\/2024\/05\/healthplex-fitness-center.png');\"><\/div>\n          \n                    <\/a>\n          \n                    <h3 class=\"small-heading\">Centre de conditionnement physique Healthplex<\/h3>\n          \n                    <p class=\"medium-body-copy\"><p>D\u00e9couvrez notre centre de remise en forme ultramoderne d\u00e9di\u00e9 \u00e0 vous aider \u00e0 am\u00e9liorer votre sant\u00e9 gr\u00e2ce \u00e0 des options d&#039;entra\u00eenement amusantes et engageantes.<\/p>\n<\/p>\n          \n                    <a href=\"\/fr\/health-wellness-center\/fitness-center\/\" class=\"caret-cta\">D\u00e9couvrez le centre de remise en forme<\/a>\n          \n        <\/div>\n      <\/div>\n\n    \n      <div class=\"slide\">\n        <div class=\"slide-contents\">\n\n                    <a href=\"\/fr\/health-wellness-center\/teaching-kitchen\/\" class=\"zoom-image\">\n          \n                    <div class=\"slide-image\" style=\"background-image: url('https:\/\/www.sbhny.org\/wp-content\/uploads\/2024\/05\/culinary-medicine-teaching-kitchen.png');\"><\/div>\n          \n                    <\/a>\n          \n                    <h3 class=\"small-heading\">M\u00e9decine culinaire et cuisine p\u00e9dagogique<\/h3>\n          \n                    <p class=\"medium-body-copy\"><p>Nos experts culinaires et nutritionnels peuvent partager de nouvelles versions saines de vos recettes pr\u00e9f\u00e9r\u00e9es et vous apprendre \u00e0 pr\u00e9parer des repas sains pour vous et votre famille.<\/p>\n<\/p>\n          \n                    <a href=\"\/fr\/health-wellness-center\/teaching-kitchen\/\" class=\"caret-cta\">Visitez la cuisine p\u00e9dagogique<\/a>\n          \n        <\/div>\n      <\/div>\n\n    \n    <\/div>\n  <\/div>\n  \n<\/section>\n\n\n<section class=\"background-image-cta-section\">\n  <div class=\"max-width cta-copy-row\">\n    <div class=\"cta-copy\">\n\n            <h2 class=\"subheading\">Nous sommes votre h\u00f4pital local du Bronx et l&#039;avons toujours \u00e9t\u00e9<\/h2>\n      \n            <div class=\"body-copy\"><p>SBH est un pilier de la communaut\u00e9 du Bronx. Nous disposons de bureaux, d&#039;emplacements et d&#039;installations dans le Bronx pour servir chaque membre de la communaut\u00e9. <\/p>\n<\/div>\n      \n            <div class=\"cta-row\">\n        <a href=\"\/fr\/locations\/\" class=\"btn btn--white\">Parcourir tous les emplacements<\/a>\n      <\/div>\n      \n    <\/div>\n    <div class=\"cta-images\">\n\n        <div class=\"linked-images-collage\">\n          <div class=\"top-row\">\n            <a  style=\"pointer-event:none; cursor:default;\">\n              <div class=\"top-left\" style=\"background-image:url('https:\/\/www.sbhny.org\/wp-content\/uploads\/2024\/09\/shutterstock_2344397041.jpg');\"><\/div>\n            <\/a>\n            <a  style=\"pointer-event:none; cursor:default;\">\n              <div class=\"top-right\" style=\"background-image:url('https:\/\/www.sbhny.org\/wp-content\/uploads\/2024\/06\/Image-5.jpg');\"><\/div>\n            <\/a>\n          <\/div>\n          <div class=\"bottom-row\">\n            <a  style=\"pointer-event:none; cursor:default;\">\n              <div class=\"bottom-left\" style=\"background-image:url('https:\/\/www.sbhny.org\/wp-content\/uploads\/2024\/06\/Image-2-1.jpg');\"><\/div>\n            <\/a>\n            <a  style=\"pointer-event:none; cursor:default;\">\n              <div class=\"bottom-center\" style=\"background-image:url('https:\/\/www.sbhny.org\/wp-content\/uploads\/2024\/09\/shutterstock_2011221002.jpg');\"><\/div>\n            <\/a>\n            <a  style=\"pointer-event:none; cursor:default;\">\n              <div class=\"bottom-right\" style=\"background-image:url('https:\/\/www.sbhny.org\/wp-content\/uploads\/2024\/06\/Image-1-1.jpg');\"><\/div>\n            <\/a>\n          <\/div>\n        <\/div>\n\n    <\/div>\n  <\/div>\n  <div class=\"video-container\">\n    <video playsinline=\"\" autoplay=\"\" muted=\"\" loop=\"\" preload=\"metadata\" tabindex=\"-1\">\n              <source src=\"https:\/\/www.sbhny.org\/wp-content\/themes\/SBH-Website\/img\/backgrounds\/aerial-view-compressed-mobile.mp4\" type=\"video\/mp4\" media=\"all and (max-width: 990px)\">\n      \n              <source src=\"https:\/\/www.sbhny.org\/wp-content\/themes\/SBH-Website\/img\/backgrounds\/aerial-view-compressed.mp4\" type=\"video\/mp4\">\n          <\/video>\n  <\/div>\n<\/section>","protected":false},"excerpt":{"rendered":"","protected":false},"author":3,"featured_media":0,"parent":0,"menu_order":0,"comment_status":"closed","ping_status":"closed","template":"","meta":{"_acf_changed":false,"_eb_attr":"","_price":"","_stock":"","_tribe_ticket_header":"","_tribe_default_ticket_provider":"","_tribe_ticket_capacity":"0","_ticket_start_date":"","_ticket_end_date":"","_tribe_ticket_show_description":"","_tribe_ticket_show_not_going":false,"_tribe_ticket_use_global_stock":"","_tribe_ticket_global_stock_level":"","_global_stock_mode":"","_global_stock_cap":"","_tribe_rsvp_for_event":"","_tribe_ticket_going_count":"","_tribe_ticket_not_going_count":"","_tribe_tickets_list":"[]","_tribe_ticket_has_attendee_info_fields":false,"footnotes":""},"class_list":["post-891","page","type-page","status-publish","hentry"],"acf":[],"yoast_head":"<!-- This site is optimized with the Yoast SEO plugin v26.5 - https:\/\/yoast.com\/wordpress\/plugins\/seo\/ -->\n<title>Homepage - SBH Health System<\/title>\n<meta name=\"robots\" content=\"index, follow, max-snippet:-1, max-image-preview:large, max-video-preview:-1\" \/>\n<link rel=\"canonical\" href=\"https:\/\/www.sbhny.org\/fr\/\" \/>\n<meta property=\"og:locale\" content=\"fr_FR\" \/>\n<meta property=\"og:type\" content=\"article\" \/>\n<meta property=\"og:title\" content=\"Homepage - SBH Health System\" \/>\n<meta property=\"og:url\" content=\"https:\/\/www.sbhny.org\/fr\/\" \/>\n<meta property=\"og:site_name\" content=\"SBH Health System\" \/>\n<meta property=\"article:publisher\" content=\"https:\/\/www.facebook.com\/SBHBronx\/\" \/>\n<meta property=\"article:modified_time\" content=\"2024-10-14T19:53:24+00:00\" \/>\n<meta name=\"twitter:card\" content=\"summary_large_image\" \/>\n<meta name=\"twitter:site\" content=\"@sbhbronx\" \/>\n<script type=\"application\/ld+json\" class=\"yoast-schema-graph\">{\"@context\":\"https:\/\/schema.org\",\"@graph\":[{\"@type\":\"WebPage\",\"@id\":\"https:\/\/www.sbhny.org\/\",\"url\":\"https:\/\/www.sbhny.org\/\",\"name\":\"Homepage - SBH Health System\",\"isPartOf\":{\"@id\":\"https:\/\/www.sbhny.org\/#website\"},\"datePublished\":\"2024-05-13T14:57:51+00:00\",\"dateModified\":\"2024-10-14T19:53:24+00:00\",\"breadcrumb\":{\"@id\":\"https:\/\/www.sbhny.org\/#breadcrumb\"},\"inLanguage\":\"fr-FR\",\"potentialAction\":[{\"@type\":\"ReadAction\",\"target\":[\"https:\/\/www.sbhny.org\/\"]}]},{\"@type\":\"BreadcrumbList\",\"@id\":\"https:\/\/www.sbhny.org\/#breadcrumb\",\"itemListElement\":[{\"@type\":\"ListItem\",\"position\":1,\"name\":\"Home\",\"item\":\"https:\/\/www.sbhny.org\/\"},{\"@type\":\"ListItem\",\"position\":2,\"name\":\"Homepage\"}]},{\"@type\":\"WebSite\",\"@id\":\"https:\/\/www.sbhny.org\/#website\",\"url\":\"https:\/\/www.sbhny.org\/\",\"name\":\"SBH Health System\",\"description\":\"\",\"potentialAction\":[{\"@type\":\"SearchAction\",\"target\":{\"@type\":\"EntryPoint\",\"urlTemplate\":\"https:\/\/www.sbhny.org\/?s={search_term_string}\"},\"query-input\":{\"@type\":\"PropertyValueSpecification\",\"valueRequired\":true,\"valueName\":\"search_term_string\"}}],\"inLanguage\":\"fr-FR\"}]}<\/script>\n<!-- \/ Yoast SEO plugin. -->","yoast_head_json":{"title":"Page d'accueil - SBH Health System","robots":{"index":"index","follow":"follow","max-snippet":"max-snippet:-1","max-image-preview":"max-image-preview:large","max-video-preview":"max-video-preview:-1"},"canonical":"https:\/\/www.sbhny.org\/fr\/","og_locale":"fr_FR","og_type":"article","og_title":"Homepage - SBH Health System","og_url":"https:\/\/www.sbhny.org\/fr\/","og_site_name":"SBH Health System","article_publisher":"https:\/\/www.facebook.com\/SBHBronx\/","article_modified_time":"2024-10-14T19:53:24+00:00","twitter_card":"summary_large_image","twitter_site":"@sbhbronx","schema":{"@context":"https:\/\/schema.org","@graph":[{"@type":"WebPage","@id":"https:\/\/www.sbhny.org\/","url":"https:\/\/www.sbhny.org\/","name":"Page d'accueil - SBH Health System","isPartOf":{"@id":"https:\/\/www.sbhny.org\/#website"},"datePublished":"2024-05-13T14:57:51+00:00","dateModified":"2024-10-14T19:53:24+00:00","breadcrumb":{"@id":"https:\/\/www.sbhny.org\/#breadcrumb"},"inLanguage":"fr-FR","potentialAction":[{"@type":"ReadAction","target":["https:\/\/www.sbhny.org\/"]}]},{"@type":"BreadcrumbList","@id":"https:\/\/www.sbhny.org\/#breadcrumb","itemListElement":[{"@type":"ListItem","position":1,"name":"Home","item":"https:\/\/www.sbhny.org\/"},{"@type":"ListItem","position":2,"name":"Homepage"}]},{"@type":"WebSite","@id":"https:\/\/www.sbhny.org\/#website","url":"https:\/\/www.sbhny.org\/","name":"Syst\u00e8me de sant\u00e9 SBH","description":"","potentialAction":[{"@type":"SearchAction","target":{"@type":"EntryPoint","urlTemplate":"https:\/\/www.sbhny.org\/?s={search_term_string}"},"query-input":{"@type":"PropertyValueSpecification","valueRequired":true,"valueName":"search_term_string"}}],"inLanguage":"fr-FR"}]}},"_links":{"self":[{"href":"https:\/\/www.sbhny.org\/fr\/wp-json\/wp\/v2\/pages\/891","targetHints":{"allow":["GET"]}}],"collection":[{"href":"https:\/\/www.sbhny.org\/fr\/wp-json\/wp\/v2\/pages"}],"about":[{"href":"https:\/\/www.sbhny.org\/fr\/wp-json\/wp\/v2\/types\/page"}],"author":[{"embeddable":true,"href":"https:\/\/www.sbhny.org\/fr\/wp-json\/wp\/v2\/users\/3"}],"replies":[{"embeddable":true,"href":"https:\/\/www.sbhny.org\/fr\/wp-json\/wp\/v2\/comments?post=891"}],"version-history":[{"count":0,"href":"https:\/\/www.sbhny.org\/fr\/wp-json\/wp\/v2\/pages\/891\/revisions"}],"wp:attachment":[{"href":"https:\/\/www.sbhny.org\/fr\/wp-json\/wp\/v2\/media?parent=891"}],"curies":[{"name":"wp","href":"https:\/\/api.w.org\/{rel}","templated":true}]}}