{"id":893,"date":"2024-05-13T14:57:24","date_gmt":"2024-05-13T14:57:24","guid":{"rendered":"https:\/\/sbhny.wpenginepowered.com\/?page_id=893"},"modified":"2025-09-05T14:34:48","modified_gmt":"2025-09-05T14:34:48","slug":"make-an-appointment","status":"publish","type":"page","link":"https:\/\/www.sbhny.org\/fr\/make-an-appointment\/","title":{"rendered":"Prendre rendez-vous"},"content":{"rendered":"<section class=\"breadcrumb-eyebrow-marquee\">\n  <div class=\"max-width marquee-spacing\">\n    <nav class=\"breadcrumbs\" aria-label=\"Fil d&#039;Ariane\">\n      <ul class=\"breadcrumbs-list\" itemscope itemtype=\"https:\/\/schema.org\/BreadcrumbList\">\n        <li itemprop=\"itemListElement\" itemscope\n itemtype=\"https:\/\/schema.org\/ListItem\"><a itemprop=\"item\" href=\"\/fr\/\"><span itemprop=\"name\">Maison<\/span><\/a><\/li>\n                \n        <li itemprop=\"itemListElement\" itemscope\n itemtype=\"https:\/\/schema.org\/ListItem\"><a itemprop=\"item\" class=\"current\" aria-current=\"page\" href=\"https:\/\/www.sbhny.org\/fr\/make-an-appointment\/\"><span itemprop=\"name\">Prendre rendez-vous<\/span><\/a><\/li>\n    <\/ul>\n\n    <\/nav>\n    <div class=\"eyebrow\">\n              <p class=\"main-heading\">Prendre rendez-vous<\/p>\n          <\/div>    \n  <\/div>\n<\/section>\n\n\n<section class=\"image-twocol-hero background-image\">\n  <div class=\"max-width standard-spacing twocol-row\">\n\n          <div class=\"image-col twocol-col\" style=\"background-image: url('https:\/\/www.sbhny.org\/wp-content\/uploads\/2024\/05\/make-an-appointment-hero.png');\"><\/div>\n    \n\n    <div class=\"content-col twocol-col\">\n              <h1 class=\"main-heading\">Nominations au SBH<\/h1>\n            <div class=\"body-copy\">\n        <p>Nous rendons la prise de rendez-vous et la gestion de votre rendez-vous au SBH facile et pratique.<\/p>\n      <\/div>\n      \n        \n      \n              <div class=\"gray-box gray-box--two-col gray-box--icon-contained centered\">\n                      <img decoding=\"async\" src=\"https:\/\/www.sbhny.org\/wp-content\/uploads\/2024\/05\/calendar-plus-icon.png\" alt=\"icon\" class=\"small\"\/>\n          \n                      <p class=\"medium-body-copy\"><strong>Prendre rendez-vous<\/strong><\/p>            \n          \n                      <a href=\"tel:7189603730\">\n              <p class=\"tiny-heading\"><strong>Appeler le (718) 960 3730<\/strong><\/p>\n            <\/a>            \n          \n                      <p class=\"medium-body-copy gray-box-desc\">Disponible de 8h30 \u00e0 17h<\/p>            \n          \n          \n        <\/div>\n          <\/div>\n  <\/div>\n<\/section>\n\n\n<section class=\"icon-boxes-with-intro\">\n  <div class=\"questions-support-cta\">\n\n    <div class=\"max-width standard-spacing questions-support-row\">\n      <div class=\"intro-copy\">\n        <h2 class=\"subheading\">Si vous avez besoin d'aide pour prendre un rendez-vous, nous sommes l\u00e0 pour vous.<\/h2>\n        <div class=\"body-copy\"><p>SBH facilite la prise de rendez-vous \u00e0 SBH. Cela fait partie de la fourniture de soins complets et compatissants \u00e0 tous les habitants du Bronx. Nous sommes l\u00e0 pour r\u00e9pondre \u00e0 toutes les questions que vous pourriez avoir lors de la prise et de la gestion de votre rendez-vous gr\u00e2ce \u00e0 notre ligne d'assistance client\u00e8le 24 heures sur 24 et 7 jours sur 7. <\/p>\n<\/div>      \n      <\/div>\n      <div class=\"cta-row\">\n        \n                  <a href=\"tel:7189609000\" class=\"btn btn--white btn--white--phone\">Appeler le (718) 960 9000<\/a> \n              <\/div>\n    <\/div>\n\n  <\/div>  \n\n        \n  <div class=\"max-width standard-spacing  icon-boxes\">\n    <h2 class=\"subheading\">Ressources suppl\u00e9mentaires pour la planification de votre rendez-vous <\/h2>\n\n    \n    <div class=\"icon-box-list-items three-col\">\n              <div class=\"icon-box-item\">\n          <img decoding=\"async\" src=\"https:\/\/www.sbhny.org\/wp-content\/uploads\/2024\/05\/bank-note-dollar-money-icon.png\" alt=\"icon\">\n          <p class=\"large-body-copy\"><strong>Services financiers<\/strong><\/p>          <p class=\"medium-body-copy\">Nous nous engageons \u00e0 fournir une aide financi\u00e8re aux patients qui ne sont pas assur\u00e9s, qui sont sous-assur\u00e9s, qui ne sont pas \u00e9ligibles \u00e0 un programme gouvernemental ou qui ne sont pas en mesure de payer.<\/p>          \n                      <a href=\"\/fr\/financial-services\/\" class=\"arrow-cta\">Services financiers au SBH<\/a> \n                  <\/div>\n              <div class=\"icon-box-item\">\n          <img decoding=\"async\" src=\"https:\/\/www.sbhny.org\/wp-content\/uploads\/2024\/05\/folder-plus-icon.png\" alt=\"icon\">\n          <p class=\"large-body-copy\"><strong>Comment acc\u00e9der \u00e0 votre dossier m\u00e9dical<\/strong><\/p>          <p class=\"medium-body-copy\">D\u00e9couvrez comment vous pouvez acc\u00e9der \u00e0 vos dossiers m\u00e9dicaux et les transf\u00e9rer facilement au SBH.<\/p>          \n                      <a href=\"\/fr\/electronic-request-for-records\/\" class=\"arrow-cta\">Dossiers m\u00e9dicaux<\/a> \n                  <\/div>\n              <div class=\"icon-box-item\">\n          <img decoding=\"async\" src=\"https:\/\/www.sbhny.org\/wp-content\/uploads\/2024\/05\/locations.png\" alt=\"icon\">\n          <p class=\"large-body-copy\"><strong>Emplacement et parking<\/strong><\/p>          <p class=\"medium-body-copy\">Trouvez l'emplacement, l'adresse et les informations sur le stationnement lorsque vous planifiez votre visite au SBH.<\/p>          \n                      <a href=\"\/fr\/locations\/\" class=\"arrow-cta\">Nos implantations<\/a> \n                  <\/div>\n          <\/div>\n  <\/div>\n    <\/section>\n\n\n\n<section class=\"alternating-content-image-rows first white\">\n\n  \n          <div class=\"standard-spacing no-side-spacing no-bottom-spacing content-image-block not-reversed\">\n            <div class=\"content-image-row\">\n              <div class=\"content-side\">\n  \n                <!-- Display icon if there is one -->\n                                  <img decoding=\"async\" src=\"https:\/\/www.sbhny.org\/wp-content\/uploads\/2024\/05\/mychart-icon.png\" alt=\"icon\">\n                  \n                <!-- Display heading if there is one -->\n                <!-- If there is intro copy, display h3 -->\n                <!-- If there is no intro copy, display h2 -->\n                                  <h2 class=\"small-heading\">MyChart facilite la gestion de vos soins de sant\u00e9 en ligne <br \/>(pour les patients existants)<\/h2>\n                                  \n                <!-- Display body copy if there is body copy -->\n                                  <div class=\"body-copy\"><p>MyChart vous permet, ainsi qu'\u00e0 votre m\u00e9decin, de consulter vos informations m\u00e9dicales, y compris vos ant\u00e9c\u00e9dents m\u00e9dicaux, vos dossiers m\u00e9dicaux et vos r\u00e9sultats d'examen, en un seul endroit et en m\u00eame temps, m\u00eame si vous avez \u00e9t\u00e9 vu dans plusieurs cabinets. Vous pouvez consulter et mettre \u00e0 jour vos informations m\u00e9dicales en ligne en toute s\u00e9curit\u00e9, et consulter les d\u00e9tails de votre assurance et de vos plans de paiement. Si vous avez des enfants ou d'autres membres de la famille qui ont besoin d'aide, vous pouvez \u00e9galement g\u00e9rer leurs informations m\u00e9dicales \u00e0 partir de votre compte MyChart.<\/p>\n<\/div>\n                  \n                                \n                                  <a href=\"https:\/\/sbhmychart.barnabas.network\/MyChart\/Authentication\/Login?\" class=\"btn btn--arrow\">Se connecter \u00e0 MyChart<\/a>\n                \n                \n                  \n              <\/div>\n              \n              <!-- Display main image if there is an image -->\n                            <div class=\"image-side\" style=\"background-image: url('https:\/\/www.sbhny.org\/wp-content\/uploads\/2024\/09\/DSC_2828-scaled.jpg');\"><\/div>\n                \n            <\/div>\n          <\/div>\n  \n          \n          <div class=\"standard-spacing no-side-spacing no-bottom-spacing content-image-block not-reversed\">\n            <div class=\"content-image-row\">\n              <div class=\"content-side\">\n  \n                <!-- Display icon if there is one -->\n                                  <img decoding=\"async\" src=\"https:\/\/www.sbhny.org\/wp-content\/uploads\/2024\/05\/mychart-icon.png\" alt=\"icon\">\n                  \n                <!-- Display heading if there is one -->\n                <!-- If there is intro copy, display h3 -->\n                <!-- If there is no intro copy, display h2 -->\n                                  <h2 class=\"small-heading\">MyChart facilite la gestion de vos soins de sant\u00e9 en ligne<br \/>(Pour les nouveaux patients non inscrits et utilisant les services de gyn\u00e9cologie-obst\u00e9trique, de m\u00e9decine interne et de soins primaires)<\/h2>\n                                  \n                <!-- Display body copy if there is body copy -->\n                                  <div class=\"body-copy\"><p>MyChart vous permet, ainsi qu'\u00e0 votre m\u00e9decin, de consulter vos informations m\u00e9dicales, y compris vos ant\u00e9c\u00e9dents m\u00e9dicaux, vos dossiers m\u00e9dicaux et vos r\u00e9sultats d'examen, en un seul endroit et en m\u00eame temps, m\u00eame si vous avez \u00e9t\u00e9 vu dans plusieurs cabinets. Vous pouvez consulter et mettre \u00e0 jour vos informations m\u00e9dicales en ligne en toute s\u00e9curit\u00e9, et consulter les d\u00e9tails de votre assurance et de vos plans de paiement. Si vous avez des enfants ou d'autres membres de la famille qui ont besoin d'aide, vous pouvez \u00e9galement g\u00e9rer leurs informations m\u00e9dicales \u00e0 partir de votre compte MyChart.<\/p>\n<\/div>\n                  \n                                \n                                  <a href=\"https:\/\/sbhmychart.barnabas.network\/MyChart\/openscheduling?lang=en-US\" class=\"btn btn--arrow\">Se connecter \u00e0 MyChart Open Scheduling<\/a>\n                \n                \n                  \n              <\/div>\n              \n              <!-- Display main image if there is an image -->\n                            <div class=\"image-side\" style=\"background-image: url('https:\/\/www.sbhny.org\/wp-content\/uploads\/2024\/09\/DSC_2764-scaled.jpg');\"><\/div>\n                \n            <\/div>\n          <\/div>\n  \n          \n          <div class=\"standard-spacing no-side-spacing no-bottom-spacing content-image-block not-reversed\">\n            <div class=\"content-image-row\">\n              <div class=\"content-side\">\n  \n                <!-- Display icon if there is one -->\n                                  <img decoding=\"async\" src=\"https:\/\/www.sbhny.org\/wp-content\/uploads\/2024\/05\/virtual-care-icon.png\" alt=\"icon\">\n                  \n                <!-- Display heading if there is one -->\n                <!-- If there is intro copy, display h3 -->\n                <!-- If there is no intro copy, display h2 -->\n                                  <h2 class=\"small-heading\">Obtenez des soins pratiquement partout gr\u00e2ce aux services de t\u00e9l\u00e9m\u00e9decine du SBH<\/h2>\n                                  \n                <!-- Display body copy if there is body copy -->\n                                  <div class=\"body-copy\"><p>Les services de t\u00e9l\u00e9sant\u00e9 vous permettent de consulter un m\u00e9decin plus facilement et plus commod\u00e9ment. Pour les nouveaux patients, le SBH propose des rendez-vous par t\u00e9l\u00e9sant\u00e9 pour la m\u00e9decine interne, la gyn\u00e9cologie-obst\u00e9trique et la p\u00e9diatrie. Les patients existants peuvent utiliser la t\u00e9l\u00e9sant\u00e9 pour tous les services offerts dans le cadre des soins ambulatoires. <\/p>\n<\/div>\n                  \n                                \n                \n                \n                  \n              <\/div>\n              \n              <!-- Display main image if there is an image -->\n                            <div class=\"image-side\" style=\"background-image: url('https:\/\/www.sbhny.org\/wp-content\/uploads\/2024\/05\/virtual-care-row-image.png');\"><\/div>\n                \n            <\/div>\n          <\/div>\n  \n        \n\n\n\n<\/section>\n\n\n<section class=\"resources-background-section\" >\n  <div class=\"max-width standard-spacing\">\n    <div class=\"intro-copy\">\n      <h2 class=\"main-heading\">Nous vous aidons \u00e0 trouver ce que vous cherchez<\/h2>\n              <div class=\"body-copy\"><p>Voici d'autres ressources pour vous aider \u00e0 planifier votre rendez-vous et \u00e0 rendre votre visite au SBH aussi facile que possible.<\/p>\n<\/div>\n          <\/div>\n\n\n    \n    \n    <div class=\"resources-row\">\n\n          <div class=\"resource-card\">\n                <img decoding=\"async\" src=\"https:\/\/www.sbhny.org\/wp-content\/uploads\/2024\/05\/search-icon.png\" alt=\"icon\">\n        \n                <p class=\"large-body-copy\"><strong>Trouver un m\u00e9decin<\/strong><\/p>\n        \n                <p class=\"medium-body-copy\">Recherchez facilement les m\u00e9decins du SBH par nom, sp\u00e9cialit\u00e9 ou pathologie pour obtenir les soins dont vous avez besoin.<\/p>\n        \n                <a href=\"\/fr\/find-a-doctor\/\" class=\"arrow-cta\">Parcourir les m\u00e9decins \u00e0 SBH<\/a>\n              <\/div>\n\n            <div class=\"resource-card\">\n                <img decoding=\"async\" src=\"https:\/\/www.sbhny.org\/wp-content\/uploads\/2024\/05\/patient-and-clinical-services.png\" alt=\"icon\">\n        \n                <p class=\"large-body-copy\"><strong>Services aux patients et services cliniques<\/strong><\/p>\n        \n                <p class=\"medium-body-copy\">En savoir plus sur les soins, les services et l'excellence clinique offerts par le SBH.<\/p>\n        \n                <a href=\"\/fr\/services\/\" class=\"arrow-cta\">Parcourir nos services<\/a>\n              <\/div>\n\n            <div class=\"resource-card\">\n                <img decoding=\"async\" src=\"https:\/\/www.sbhny.org\/wp-content\/uploads\/2024\/05\/nurse-icon.png\" alt=\"icon\">\n        \n                <p class=\"large-body-copy\"><strong>Soins urgents et cliniques au Centre de sant\u00e9 et de bien-\u00eatre<\/strong><\/p>\n        \n                <p class=\"medium-body-copy\">Vous trouverez une gamme compl\u00e8te de services cliniques, y compris des soins d'urgence, dans notre Centre de sant\u00e9 et de bien-\u00eatre.<\/p>\n        \n                <a href=\"\/fr\/health-wellness-center\/clinical-care\/\" class=\"arrow-cta\">Parcourir les soins cliniques<\/a>\n              <\/div>\n\n            <div class=\"resource-card\">\n                <img decoding=\"async\" src=\"https:\/\/www.sbhny.org\/wp-content\/uploads\/2024\/05\/patients-icon.png\" alt=\"icon\">\n        \n                <p class=\"large-body-copy\"><strong>Guide du patient et du visiteur<\/strong><\/p>\n        \n                <p class=\"medium-body-copy\">Trouvez toutes les informations dont vous avez besoin pour pr\u00e9parer votre visite au SBH.<\/p>\n        \n                <a href=\"\/fr\/patient-visitor-guide\/\" class=\"arrow-cta\">En savoir plus<\/a>\n              <\/div>\n\n      \n    <\/div>\n\n        \n  <\/div>\n<\/section>","protected":false},"excerpt":{"rendered":"","protected":false},"author":3,"featured_media":0,"parent":0,"menu_order":0,"comment_status":"closed","ping_status":"closed","template":"","meta":{"_acf_changed":true,"_eb_attr":"","_price":"","_stock":"","_tribe_ticket_header":"","_tribe_default_ticket_provider":"","_tribe_ticket_capacity":"0","_ticket_start_date":"","_ticket_end_date":"","_tribe_ticket_show_description":"","_tribe_ticket_show_not_going":false,"_tribe_ticket_use_global_stock":"","_tribe_ticket_global_stock_level":"","_global_stock_mode":"","_global_stock_cap":"","_tribe_rsvp_for_event":"","_tribe_ticket_going_count":"","_tribe_ticket_not_going_count":"","_tribe_tickets_list":"[]","_tribe_ticket_has_attendee_info_fields":false,"footnotes":""},"class_list":["post-893","page","type-page","status-publish","hentry"],"acf":[],"yoast_head":"<!-- This site is optimized with the Yoast SEO plugin v26.5 - https:\/\/yoast.com\/wordpress\/plugins\/seo\/ -->\n<title>Make an Appointment - SBH Health System<\/title>\n<meta name=\"robots\" content=\"index, follow, max-snippet:-1, max-image-preview:large, max-video-preview:-1\" \/>\n<link rel=\"canonical\" href=\"https:\/\/www.sbhny.org\/fr\/make-an-appointment\/\" \/>\n<meta property=\"og:locale\" content=\"fr_FR\" \/>\n<meta property=\"og:type\" content=\"article\" \/>\n<meta property=\"og:title\" content=\"Make an Appointment - SBH Health System\" \/>\n<meta property=\"og:url\" content=\"https:\/\/www.sbhny.org\/fr\/make-an-appointment\/\" \/>\n<meta property=\"og:site_name\" content=\"SBH Health System\" \/>\n<meta property=\"article:publisher\" content=\"https:\/\/www.facebook.com\/SBHBronx\/\" \/>\n<meta property=\"article:modified_time\" content=\"2025-09-05T14:34:48+00:00\" \/>\n<meta name=\"twitter:card\" content=\"summary_large_image\" \/>\n<meta name=\"twitter:site\" content=\"@sbhbronx\" \/>\n<script type=\"application\/ld+json\" class=\"yoast-schema-graph\">{\"@context\":\"https:\/\/schema.org\",\"@graph\":[{\"@type\":\"WebPage\",\"@id\":\"https:\/\/www.sbhny.org\/make-an-appointment\/\",\"url\":\"https:\/\/www.sbhny.org\/make-an-appointment\/\",\"name\":\"Make an Appointment - SBH Health System\",\"isPartOf\":{\"@id\":\"https:\/\/www.sbhny.org\/#website\"},\"datePublished\":\"2024-05-13T14:57:24+00:00\",\"dateModified\":\"2025-09-05T14:34:48+00:00\",\"breadcrumb\":{\"@id\":\"https:\/\/www.sbhny.org\/make-an-appointment\/#breadcrumb\"},\"inLanguage\":\"fr-FR\",\"potentialAction\":[{\"@type\":\"ReadAction\",\"target\":[\"https:\/\/www.sbhny.org\/make-an-appointment\/\"]}]},{\"@type\":\"BreadcrumbList\",\"@id\":\"https:\/\/www.sbhny.org\/make-an-appointment\/#breadcrumb\",\"itemListElement\":[{\"@type\":\"ListItem\",\"position\":1,\"name\":\"Home\",\"item\":\"https:\/\/www.sbhny.org\/\"},{\"@type\":\"ListItem\",\"position\":2,\"name\":\"Make an Appointment\"}]},{\"@type\":\"WebSite\",\"@id\":\"https:\/\/www.sbhny.org\/#website\",\"url\":\"https:\/\/www.sbhny.org\/\",\"name\":\"SBH Health System\",\"description\":\"\",\"potentialAction\":[{\"@type\":\"SearchAction\",\"target\":{\"@type\":\"EntryPoint\",\"urlTemplate\":\"https:\/\/www.sbhny.org\/?s={search_term_string}\"},\"query-input\":{\"@type\":\"PropertyValueSpecification\",\"valueRequired\":true,\"valueName\":\"search_term_string\"}}],\"inLanguage\":\"fr-FR\"}]}<\/script>\n<!-- \/ Yoast SEO plugin. -->","yoast_head_json":{"title":"Prendre un rendez-vous - SBH Health System","robots":{"index":"index","follow":"follow","max-snippet":"max-snippet:-1","max-image-preview":"max-image-preview:large","max-video-preview":"max-video-preview:-1"},"canonical":"https:\/\/www.sbhny.org\/fr\/make-an-appointment\/","og_locale":"fr_FR","og_type":"article","og_title":"Make an Appointment - SBH Health System","og_url":"https:\/\/www.sbhny.org\/fr\/make-an-appointment\/","og_site_name":"SBH Health System","article_publisher":"https:\/\/www.facebook.com\/SBHBronx\/","article_modified_time":"2025-09-05T14:34:48+00:00","twitter_card":"summary_large_image","twitter_site":"@sbhbronx","schema":{"@context":"https:\/\/schema.org","@graph":[{"@type":"WebPage","@id":"https:\/\/www.sbhny.org\/make-an-appointment\/","url":"https:\/\/www.sbhny.org\/make-an-appointment\/","name":"Prendre un rendez-vous - SBH Health System","isPartOf":{"@id":"https:\/\/www.sbhny.org\/#website"},"datePublished":"2024-05-13T14:57:24+00:00","dateModified":"2025-09-05T14:34:48+00:00","breadcrumb":{"@id":"https:\/\/www.sbhny.org\/make-an-appointment\/#breadcrumb"},"inLanguage":"fr-FR","potentialAction":[{"@type":"ReadAction","target":["https:\/\/www.sbhny.org\/make-an-appointment\/"]}]},{"@type":"BreadcrumbList","@id":"https:\/\/www.sbhny.org\/make-an-appointment\/#breadcrumb","itemListElement":[{"@type":"ListItem","position":1,"name":"Home","item":"https:\/\/www.sbhny.org\/"},{"@type":"ListItem","position":2,"name":"Make an Appointment"}]},{"@type":"WebSite","@id":"https:\/\/www.sbhny.org\/#website","url":"https:\/\/www.sbhny.org\/","name":"Syst\u00e8me de sant\u00e9 SBH","description":"","potentialAction":[{"@type":"SearchAction","target":{"@type":"EntryPoint","urlTemplate":"https:\/\/www.sbhny.org\/?s={search_term_string}"},"query-input":{"@type":"PropertyValueSpecification","valueRequired":true,"valueName":"search_term_string"}}],"inLanguage":"fr-FR"}]}},"_links":{"self":[{"href":"https:\/\/www.sbhny.org\/fr\/wp-json\/wp\/v2\/pages\/893","targetHints":{"allow":["GET"]}}],"collection":[{"href":"https:\/\/www.sbhny.org\/fr\/wp-json\/wp\/v2\/pages"}],"about":[{"href":"https:\/\/www.sbhny.org\/fr\/wp-json\/wp\/v2\/types\/page"}],"author":[{"embeddable":true,"href":"https:\/\/www.sbhny.org\/fr\/wp-json\/wp\/v2\/users\/3"}],"replies":[{"embeddable":true,"href":"https:\/\/www.sbhny.org\/fr\/wp-json\/wp\/v2\/comments?post=893"}],"version-history":[{"count":0,"href":"https:\/\/www.sbhny.org\/fr\/wp-json\/wp\/v2\/pages\/893\/revisions"}],"wp:attachment":[{"href":"https:\/\/www.sbhny.org\/fr\/wp-json\/wp\/v2\/media?parent=893"}],"curies":[{"name":"wp","href":"https:\/\/api.w.org\/{rel}","templated":true}]}}