{"id":896,"date":"2024-05-13T14:56:32","date_gmt":"2024-05-13T14:56:32","guid":{"rendered":"https:\/\/sbhny.wpenginepowered.com\/?page_id=896"},"modified":"2024-09-27T16:57:19","modified_gmt":"2024-09-27T16:57:19","slug":"services","status":"publish","type":"page","link":"https:\/\/www.sbhny.org\/fr\/services\/","title":{"rendered":"Nos services"},"content":{"rendered":"<span style=\"display: none;\">https:\/\/www.sbhny.org\/wp-content\/uploads\/2024\/05\/services-hero-image.png<\/span><span style=\"display: none;\">Le SBH offre des soins complets avec une large gamme de services cliniques <\/span><span style=\"display: none;\"><p>Le Bronx m\u00e9rite les meilleurs soins sp\u00e9cialis\u00e9s. Nous sommes l\u00e0 pour offrir l'excellence clinique et des soins complets et compatissants par le biais de nos services cliniques.<\/p>\n<\/span><span style=\"display: none;\">https:\/\/www.sbhny.org\/wp-content\/uploads\/2024\/05\/phone-icon.png<\/span><span style=\"display: none;\">Appeler le (718) 960-9000<\/span><span style=\"display: none;\">tel:7189609000<\/span><span style=\"display: none;\"><\/span><span style=\"display: none;\">Disponible 24 heures sur 24<\/span><span style=\"display: none;\">https:\/\/www.sbhny.org\/wp-content\/uploads\/2024\/05\/calendar-plus-icon.png<\/span><span style=\"display: none;\">Appeler le (718) 960-3730<\/span><span style=\"display: none;\">tel:7189603730<\/span><span style=\"display: none;\"><\/span><span style=\"display: none;\">Disponible de 9 h \u00e0 16 h<\/span><span style=\"display: none;\">Services d'aide aux patients<\/span><span style=\"display: none;\"><p>Nous offrons un soutien \u00e0 chaque patient du SBH avec une gamme compl\u00e8te de ressources et de services pour fournir la meilleure exp\u00e9rience possible tout au long de vos soins ici.<\/p>\n<\/span><span style=\"display: none;\"><\/span><span style=\"display: none;\"><\/span><span style=\"display: none;\"><\/span><span style=\"display: none;\"><\/span><span style=\"display: none;\">https:\/\/www.sbhny.org\/wp-content\/uploads\/2024\/05\/bank-note-dollar-money-icon.png<\/span><span style=\"display: none;\">Services financiers<\/span><span style=\"display: none;\">Nous nous engageons \u00e0 fournir une aide financi\u00e8re aux patients qui ne sont pas assur\u00e9s, qui sont sous-assur\u00e9s, qui ne sont pas \u00e9ligibles \u00e0 un programme gouvernemental ou qui ne sont pas en mesure de payer.<\/span><span style=\"display: none;\">https:\/\/www.sbhny.org\/wp-content\/uploads\/2024\/05\/language-services-icon.png<\/span><span style=\"display: none;\">Services linguistiques<\/span><span style=\"display: none;\">Le programme d'assistance linguistique et culturelle (LCAAP) du SBH fournit des services linguistiques aux 57% des m\u00e9nages du Bronx qui parlent une langue autre que l'anglais.<\/span><span style=\"display: none;\">https:\/\/www.sbhny.org\/wp-content\/uploads\/2024\/05\/patients-icon.png<\/span><span style=\"display: none;\">Repr\u00e9sentants des patients<\/span><span style=\"display: none;\">Les repr\u00e9sentants des patients assurent la liaison entre les patients et\/ou les membres de leur famille et l'h\u00f4pital afin de fournir des services de d\u00e9fense, de r\u00e9solution des plaintes, d'information sur les droits des patients, etc.<\/span><span style=\"display: none;\">https:\/\/www.sbhny.org\/wp-content\/uploads\/2024\/05\/social-work-icon.png<\/span><span style=\"display: none;\">Travail social<\/span><span style=\"display: none;\">Nos travailleurs sociaux fournissent des services de planification de la sortie, et bien plus encore, afin d'aider les patients \u00e0 obtenir les meilleurs r\u00e9sultats possibles en mati\u00e8re de sant\u00e9 lorsqu'ils quittent le SBH.<\/span><span style=\"display: none;\">https:\/\/www.sbhny.org\/wp-content\/uploads\/2024\/05\/sunrise-spiritual-care-icon.png<\/span><span style=\"display: none;\">Soins spirituels<\/span><span style=\"display: none;\">Les aum\u00f4niers du SBH offrent un soutien spirituel \u00e9motionnel et non confessionnel pour vous et vos proches.<\/span><span style=\"display: none;\">https:\/\/www.sbhny.org\/wp-content\/uploads\/2024\/05\/womens-health-icon.png<\/span><span style=\"display: none;\">Programme pour les femmes, les nourrissons et les enfants (WIC)<\/span><span style=\"display: none;\">Le programme WIC fournit des informations sur la nutrition, la sant\u00e9, la condition physique et l'allaitement, ainsi que des colis alimentaires mensuels adapt\u00e9s aux besoins nutritionnels des participants \u00e9ligibles.<\/span><span style=\"display: none;\">Laissez-nous vous aider \u00e0 trouver ce que vous cherchez<\/span><span style=\"display: none;\"><\/span><span style=\"display: none;\">https:\/\/www.sbhny.org\/wp-content\/uploads\/2024\/05\/calendar-plus-icon.png<\/span><span style=\"display: none;\">Prendre rendez-vous<\/span><span style=\"display: none;\">Apprenez comment prendre rendez-vous facilement et commod\u00e9ment pour les soins et services du SBH.<\/span><span style=\"display: none;\">https:\/\/www.sbhny.org\/wp-content\/uploads\/2024\/05\/patient-visitors-guide-arrow-icon.png<\/span><span style=\"display: none;\">Guide du patient et du visiteur<\/span><span style=\"display: none;\">Trouvez toutes les informations dont vous avez besoin pour pr\u00e9parer votre visite au SBH.<\/span><span style=\"display: none;\">https:\/\/www.sbhny.org\/wp-content\/uploads\/2024\/05\/nurse-icon.png<\/span><span style=\"display: none;\">Soins urgents et cliniques au Centre de sant\u00e9 et de bien-\u00eatre<\/span><span style=\"display: none;\">Vous trouverez une gamme compl\u00e8te de services cliniques, y compris des soins d'urgence, dans notre Centre de sant\u00e9 et de bien-\u00eatre.<\/span>","protected":false},"excerpt":{"rendered":"<p>https:\/\/www.sbhny.org\/wp-content\/uploads\/2024\/05\/services-hero-image.pngSBH offre des soins complets avec une large gamme de services cliniques Le Bronx m\u00e9rite les meilleurs soins sp\u00e9cialis\u00e9s. Nous sommes l\u00e0 pour offrir l'excellence clinique et des soins complets et compatissants gr\u00e2ce \u00e0 nos [...]<\/p>","protected":false},"author":3,"featured_media":0,"parent":0,"menu_order":0,"comment_status":"closed","ping_status":"closed","template":"archive-our-services.php","meta":{"_acf_changed":false,"_eb_attr":"","_price":"","_stock":"","_tribe_ticket_header":"","_tribe_default_ticket_provider":"","_tribe_ticket_capacity":"0","_ticket_start_date":"","_ticket_end_date":"","_tribe_ticket_show_description":"","_tribe_ticket_show_not_going":false,"_tribe_ticket_use_global_stock":"","_tribe_ticket_global_stock_level":"","_global_stock_mode":"","_global_stock_cap":"","_tribe_rsvp_for_event":"","_tribe_ticket_going_count":"","_tribe_ticket_not_going_count":"","_tribe_tickets_list":"[]","_tribe_ticket_has_attendee_info_fields":false,"footnotes":""},"class_list":["post-896","page","type-page","status-publish","hentry"],"acf":[],"yoast_head":"<!-- This site is optimized with the Yoast SEO plugin v26.5 - https:\/\/yoast.com\/wordpress\/plugins\/seo\/ -->\n<title>Our Services - SBH Health System<\/title>\n<meta name=\"robots\" content=\"index, follow, max-snippet:-1, max-image-preview:large, max-video-preview:-1\" \/>\n<link rel=\"canonical\" href=\"https:\/\/www.sbhny.org\/fr\/services\/\" \/>\n<meta property=\"og:locale\" content=\"fr_FR\" \/>\n<meta property=\"og:type\" content=\"article\" \/>\n<meta property=\"og:title\" content=\"Our Services - SBH Health System\" \/>\n<meta property=\"og:description\" content=\"https:\/\/www.sbhny.org\/wp-content\/uploads\/2024\/05\/services-hero-image.pngSBH offers comprehensive care with a wide range of clinical services The Bronx deserves the best specialty care. We\u2019re here to provide clinical excellence and compassionate, complete care through our [&hellip;]\" \/>\n<meta property=\"og:url\" content=\"https:\/\/www.sbhny.org\/fr\/services\/\" \/>\n<meta property=\"og:site_name\" content=\"SBH Health System\" \/>\n<meta property=\"article:publisher\" content=\"https:\/\/www.facebook.com\/SBHBronx\/\" \/>\n<meta property=\"article:modified_time\" content=\"2024-09-27T16:57:19+00:00\" \/>\n<meta name=\"twitter:card\" content=\"summary_large_image\" \/>\n<meta name=\"twitter:site\" content=\"@sbhbronx\" \/>\n<script type=\"application\/ld+json\" class=\"yoast-schema-graph\">{\"@context\":\"https:\/\/schema.org\",\"@graph\":[{\"@type\":\"WebPage\",\"@id\":\"https:\/\/www.sbhny.org\/services\/\",\"url\":\"https:\/\/www.sbhny.org\/services\/\",\"name\":\"Our Services - SBH Health System\",\"isPartOf\":{\"@id\":\"https:\/\/www.sbhny.org\/#website\"},\"datePublished\":\"2024-05-13T14:56:32+00:00\",\"dateModified\":\"2024-09-27T16:57:19+00:00\",\"breadcrumb\":{\"@id\":\"https:\/\/www.sbhny.org\/services\/#breadcrumb\"},\"inLanguage\":\"fr-FR\",\"potentialAction\":[{\"@type\":\"ReadAction\",\"target\":[\"https:\/\/www.sbhny.org\/services\/\"]}]},{\"@type\":\"BreadcrumbList\",\"@id\":\"https:\/\/www.sbhny.org\/services\/#breadcrumb\",\"itemListElement\":[{\"@type\":\"ListItem\",\"position\":1,\"name\":\"Home\",\"item\":\"https:\/\/www.sbhny.org\/\"},{\"@type\":\"ListItem\",\"position\":2,\"name\":\"Our Services\"}]},{\"@type\":\"WebSite\",\"@id\":\"https:\/\/www.sbhny.org\/#website\",\"url\":\"https:\/\/www.sbhny.org\/\",\"name\":\"SBH Health System\",\"description\":\"\",\"potentialAction\":[{\"@type\":\"SearchAction\",\"target\":{\"@type\":\"EntryPoint\",\"urlTemplate\":\"https:\/\/www.sbhny.org\/?s={search_term_string}\"},\"query-input\":{\"@type\":\"PropertyValueSpecification\",\"valueRequired\":true,\"valueName\":\"search_term_string\"}}],\"inLanguage\":\"fr-FR\"}]}<\/script>\n<!-- \/ Yoast SEO plugin. -->","yoast_head_json":{"title":"Nos services - SBH Health System","robots":{"index":"index","follow":"follow","max-snippet":"max-snippet:-1","max-image-preview":"max-image-preview:large","max-video-preview":"max-video-preview:-1"},"canonical":"https:\/\/www.sbhny.org\/fr\/services\/","og_locale":"fr_FR","og_type":"article","og_title":"Our Services - SBH Health System","og_description":"https:\/\/www.sbhny.org\/wp-content\/uploads\/2024\/05\/services-hero-image.pngSBH offers comprehensive care with a wide range of clinical services The Bronx deserves the best specialty care. We\u2019re here to provide clinical excellence and compassionate, complete care through our [&hellip;]","og_url":"https:\/\/www.sbhny.org\/fr\/services\/","og_site_name":"SBH Health System","article_publisher":"https:\/\/www.facebook.com\/SBHBronx\/","article_modified_time":"2024-09-27T16:57:19+00:00","twitter_card":"summary_large_image","twitter_site":"@sbhbronx","schema":{"@context":"https:\/\/schema.org","@graph":[{"@type":"WebPage","@id":"https:\/\/www.sbhny.org\/services\/","url":"https:\/\/www.sbhny.org\/services\/","name":"Nos services - SBH Health System","isPartOf":{"@id":"https:\/\/www.sbhny.org\/#website"},"datePublished":"2024-05-13T14:56:32+00:00","dateModified":"2024-09-27T16:57:19+00:00","breadcrumb":{"@id":"https:\/\/www.sbhny.org\/services\/#breadcrumb"},"inLanguage":"fr-FR","potentialAction":[{"@type":"ReadAction","target":["https:\/\/www.sbhny.org\/services\/"]}]},{"@type":"BreadcrumbList","@id":"https:\/\/www.sbhny.org\/services\/#breadcrumb","itemListElement":[{"@type":"ListItem","position":1,"name":"Home","item":"https:\/\/www.sbhny.org\/"},{"@type":"ListItem","position":2,"name":"Our Services"}]},{"@type":"WebSite","@id":"https:\/\/www.sbhny.org\/#website","url":"https:\/\/www.sbhny.org\/","name":"Syst\u00e8me de sant\u00e9 SBH","description":"","potentialAction":[{"@type":"SearchAction","target":{"@type":"EntryPoint","urlTemplate":"https:\/\/www.sbhny.org\/?s={search_term_string}"},"query-input":{"@type":"PropertyValueSpecification","valueRequired":true,"valueName":"search_term_string"}}],"inLanguage":"fr-FR"}]}},"_links":{"self":[{"href":"https:\/\/www.sbhny.org\/fr\/wp-json\/wp\/v2\/pages\/896","targetHints":{"allow":["GET"]}}],"collection":[{"href":"https:\/\/www.sbhny.org\/fr\/wp-json\/wp\/v2\/pages"}],"about":[{"href":"https:\/\/www.sbhny.org\/fr\/wp-json\/wp\/v2\/types\/page"}],"author":[{"embeddable":true,"href":"https:\/\/www.sbhny.org\/fr\/wp-json\/wp\/v2\/users\/3"}],"replies":[{"embeddable":true,"href":"https:\/\/www.sbhny.org\/fr\/wp-json\/wp\/v2\/comments?post=896"}],"version-history":[{"count":0,"href":"https:\/\/www.sbhny.org\/fr\/wp-json\/wp\/v2\/pages\/896\/revisions"}],"wp:attachment":[{"href":"https:\/\/www.sbhny.org\/fr\/wp-json\/wp\/v2\/media?parent=896"}],"curies":[{"name":"wp","href":"https:\/\/api.w.org\/{rel}","templated":true}]}}